{"id":1291,"date":"2012-11-14T11:15:29","date_gmt":"2012-11-14T10:15:29","guid":{"rendered":"http:\/\/www.tabanispartacus.hu\/tajfuto\/wordpress\/?page_id=1291"},"modified":"2012-11-14T11:15:29","modified_gmt":"2012-11-14T10:15:29","slug":"sajtonk-1996","status":"publish","type":"page","link":"https:\/\/www.tabanispartacus.hu\/tajfuto\/wordpress\/?page_id=1291","title":{"rendered":"Sajt\u00f3nk 1996"},"content":{"rendered":"<table style=\"width: 99%;\" border=\"1\">\n<tbody>\n<tr height=\"17\">\n<td class=\"xl22\" width=\"39\" height=\"17\"><strong>&nbsp;<\/strong><\/td>\n<td class=\"xl24\" width=\"108\"><strong>&Uacute;js&aacute;g neve, sz&aacute;ma<\/strong><\/td>\n<td class=\"xl24\" width=\"78\"><strong>oldal<\/strong><\/td>\n<td class=\"xl24\" width=\"45\"><strong>&nbsp;<\/strong><\/td>\n<td class=\"xl24\" width=\"429\"><strong>Cikk c&iacute;me<\/strong><\/td>\n<td class=\"xl24\" width=\"205\"><strong>Cikk szerz\u0151je<\/strong><\/td>\n<\/tr>\n<tr height=\"34\">\n<td class=\"xl24\" rowspan=\"5\" height=\"102\" align=\"right\">1996<\/td>\n<td class=\"xl24\">T&aacute;jol&oacute;, 96\/9<\/td>\n<td class=\"xl26\">c&iacute;mlap<\/td>\n<td class=\"xl28\">T96\/9<\/td>\n<td class=\"xl25\" width=\"429\"><a href=\"\/tajfuto\/sajtonk\/1996\/1996-9_1tajolo-cimlap_skerletz.jpg\">Kisk&eacute;p: Elhunyt Skerletz Iv&aacute;n az   MTFSz els\u0151 f\u0151titk&aacute;ra; Nagyk&eacute;p: &Ouml;r&ouml;m az 1972-es vil&aacute;gbajnoks&aacute;gon<\/a><\/td>\n<td class=\"xl27\">&mdash;<\/td>\n<\/tr>\n<tr height=\"17\">\n<td class=\"xl24\">T&aacute;jol&oacute;, 96\/9<\/td>\n<td class=\"xl26\">193<\/td>\n<td class=\"xl28\">T96\/9<\/td>\n<td class=\"xl25\" width=\"429\"><a href=\"\/tajfuto\/sajtonk\/1996\/1996-9_2tajolo_skerletz_1.jpg\">Skerletz Iv&aacute;n 1939&ndash;1996 alc&iacute;m:   Iv&aacute;n<\/a><\/td>\n<td class=\"xl27\">S\u0151t&eacute;r J&aacute;nos<\/td>\n<\/tr>\n<tr height=\"17\">\n<td class=\"xl24\">T&aacute;jol&oacute;, 96\/9<\/td>\n<td class=\"xl26\">194&ndash;195<\/td>\n<td class=\"xl28\">T96\/9<\/td>\n<td class=\"xl27\"><a href=\"\/tajfuto\/sajtonk\/1996\/1996-9_3tajolo_skerletz_2.jpg\">Eml&eacute;kek &#8220;Gromekr&oacute;l&#8221;<\/a><\/td>\n<td class=\"xl27\">(harcsa) (Harcsa G&aacute;bor)<\/td>\n<\/tr>\n<tr height=\"17\">\n<td class=\"xl24\">T&aacute;jol&oacute;, 96\/9<\/td>\n<td class=\"xl26\">196&ndash;197<\/td>\n<td class=\"xl28\">T96\/9<\/td>\n<td class=\"xl27\"><a href=\"\/tajfuto\/sajtonk\/1996\/1996-9_4tajolo_skerletz_3.jpg\">Memento homo<\/a><\/td>\n<td class=\"xl27\">(Szeredai Sznagyik) alias &#8220;Bajusz&#8221;<\/td>\n<\/tr>\n<tr height=\"17\">\n<td class=\"xl24\">T&aacute;jol&oacute;, 96\/10<\/td>\n<td class=\"xl26\">h&aacute;tlap<\/td>\n<td class=\"xl28\">T96\/10<\/td>\n<td class=\"xl27\"><a href=\"\/tajfuto\/sajtonk\/1996\/1996-10tajolo-hatlap_ospk.jpg\">H&aacute;ts&oacute;k&eacute;p: B&eacute;lyegz&eacute;s az \u0150szi Spartacus Kup&aacute;n<\/a><\/td>\n<td class=\"xl27\">&mdash;<\/td>\n<\/tr>\n<\/tbody>\n<\/table>\n","protected":false},"excerpt":{"rendered":"<p>&nbsp; &Uacute;js&aacute;g neve, sz&aacute;ma oldal &nbsp; Cikk c&iacute;me Cikk szerz\u0151je 1996 T&aacute;jol&oacute;, 96\/9 c&iacute;mlap T96\/9 Kisk&eacute;p: Elhunyt Skerletz Iv&aacute;n az MTFSz els\u0151 f\u0151titk&aacute;ra; Nagyk&eacute;p: &Ouml;r&ouml;m az 1972-es vil&aacute;gbajnoks&aacute;gon &mdash; T&aacute;jol&oacute;, 96\/9 193 T96\/9 Skerletz Iv&aacute;n 1939&ndash;1996 alc&iacute;m: Iv&aacute;n S\u0151t&eacute;r J&aacute;nos T&aacute;jol&oacute;, 96\/9 194&ndash;195 T96\/9 Eml&eacute;kek &#8220;Gromekr&oacute;l&#8221; (harcsa) (Harcsa G&aacute;bor) T&aacute;jol&oacute;, 96\/9 196&ndash;197 T96\/9 Memento homo &hellip; <a href=\"https:\/\/www.tabanispartacus.hu\/tajfuto\/wordpress\/?page_id=1291\" class=\"more-link\"><span class=\"screen-reader-text\">Sajt\u00f3nk 1996<\/span> olvas\u00e1s\u00e1nak folytat\u00e1sa <span class=\"meta-nav\">&rarr;<\/span><\/a><\/p>\n","protected":false},"author":1,"featured_media":0,"parent":545,"menu_order":0,"comment_status":"closed","ping_status":"closed","template":"","meta":{"ngg_post_thumbnail":0},"_links":{"self":[{"href":"https:\/\/www.tabanispartacus.hu\/tajfuto\/wordpress\/index.php?rest_route=\/wp\/v2\/pages\/1291"}],"collection":[{"href":"https:\/\/www.tabanispartacus.hu\/tajfuto\/wordpress\/index.php?rest_route=\/wp\/v2\/pages"}],"about":[{"href":"https:\/\/www.tabanispartacus.hu\/tajfuto\/wordpress\/index.php?rest_route=\/wp\/v2\/types\/page"}],"author":[{"embeddable":true,"href":"https:\/\/www.tabanispartacus.hu\/tajfuto\/wordpress\/index.php?rest_route=\/wp\/v2\/users\/1"}],"replies":[{"embeddable":true,"href":"https:\/\/www.tabanispartacus.hu\/tajfuto\/wordpress\/index.php?rest_route=%2Fwp%2Fv2%2Fcomments&post=1291"}],"version-history":[{"count":1,"href":"https:\/\/www.tabanispartacus.hu\/tajfuto\/wordpress\/index.php?rest_route=\/wp\/v2\/pages\/1291\/revisions"}],"predecessor-version":[{"id":1292,"href":"https:\/\/www.tabanispartacus.hu\/tajfuto\/wordpress\/index.php?rest_route=\/wp\/v2\/pages\/1291\/revisions\/1292"}],"up":[{"embeddable":true,"href":"https:\/\/www.tabanispartacus.hu\/tajfuto\/wordpress\/index.php?rest_route=\/wp\/v2\/pages\/545"}],"wp:attachment":[{"href":"https:\/\/www.tabanispartacus.hu\/tajfuto\/wordpress\/index.php?rest_route=%2Fwp%2Fv2%2Fmedia&parent=1291"}],"curies":[{"name":"wp","href":"https:\/\/api.w.org\/{rel}","templated":true}]}}