{"id":1287,"date":"2012-11-14T11:13:58","date_gmt":"2012-11-14T10:13:58","guid":{"rendered":"http:\/\/www.tabanispartacus.hu\/tajfuto\/wordpress\/?page_id=1287"},"modified":"2012-11-14T11:13:58","modified_gmt":"2012-11-14T10:13:58","slug":"sajtonk-1998","status":"publish","type":"page","link":"https:\/\/www.tabanispartacus.hu\/tajfuto\/wordpress\/?page_id=1287","title":{"rendered":"Sajt\u00f3nk 1998"},"content":{"rendered":"<table style=\"width: 99%;\" border=\"1\">\n<tbody>\n<tr height=\"17\">\n<td class=\"xl22\" width=\"39\" height=\"17\"><strong>&nbsp;<\/strong><\/td>\n<td class=\"xl24\" width=\"108\"><strong>&Uacute;js&aacute;g neve, sz&aacute;ma<\/strong><\/td>\n<td class=\"xl24\" width=\"78\"><strong>oldal<\/strong><\/td>\n<td class=\"xl24\" width=\"45\"><strong>&nbsp;<\/strong><\/td>\n<td class=\"xl24\" width=\"429\"><strong>Cikk c&iacute;me<\/strong><\/td>\n<td class=\"xl24\" width=\"205\"><strong>Cikk szerz\u0151je<\/strong><\/td>\n<\/tr>\n<tr height=\"17\">\n<td class=\"xl24\" rowspan=\"4\" height=\"85\" align=\"right\">1998<\/td>\n<td class=\"xl24\">T&aacute;jol&oacute;, 98\/1<\/td>\n<td class=\"xl26\">h&aacute;tlap<\/td>\n<td class=\"xl26\">T98\/1<\/td>\n<td class=\"xl27\"><a href=\"\/tajfuto\/sajtonk\/1998\/1998-1tajolo-hatlap_jan-sorverseny-cse.jpg\">H&aacute;ts&oacute; oldal: pillanatk&eacute;p a janu&aacute;ri tornatermi sorversenyr\u0151l<\/a><\/td>\n<td class=\"xl27\">&mdash;<\/td>\n<\/tr>\n<tr height=\"34\">\n<td class=\"xl24\">T&aacute;jol&oacute;, 98\/9<\/td>\n<td class=\"xl26\">c&iacute;mlap<\/td>\n<td class=\"xl26\">T98\/9<\/td>\n<td class=\"xl25\" width=\"429\"><a href=\"\/tajfuto\/sajtonk\/1998\/1998-9tajolo-cimlap_ocsb-1.spa.jpg\">Eredm&eacute;nyhirdet&eacute;s az Orsz&aacute;gos   Csapatbajnoks&aacute;gon (N18 1. SPA &ndash; Makrai &Eacute;., Farkas K. &eacute;s &#8230;)<\/a><\/td>\n<td class=\"xl27\">&mdash;<\/td>\n<\/tr>\n<tr height=\"17\">\n<td class=\"xl24\">T&aacute;jol&oacute;, 98\/10<\/td>\n<td class=\"xl26\">c&iacute;m-, h&aacute;tlap<\/td>\n<td class=\"xl26\">T98\/10<\/td>\n<td class=\"xl27\"><a href=\"\/tajfuto\/sajtonk\/1998\/1998-10_1tajolo-cimlap&lt;mce:script type=\">-hatlap_ospk.jpg&#8221;&gt;A bor&iacute;t&oacute; fot&oacute;i az \u0150szi Spartacus Kup&aacute;n k&eacute;sz&uuml;ltek<\/a><\/td>\n<td class=\"xl27\">&mdash;<\/td>\n<\/tr>\n<tr height=\"17\">\n<td class=\"xl24\">T&aacute;jol&oacute;, 98\/10<\/td>\n<td class=\"xl26\">230<\/td>\n<td class=\"xl26\">T98\/10<\/td>\n<td class=\"xl27\"><a href=\"\/tajfuto\/sajtonk\/1998\/1998-10_2tajolo_szentpeteryakos-80.jpg\">Szentp&eacute;ter<br \/>\n<script src=\"http:\/\/www.tabanispartacus.hu\/tinymce\/jscripts\/tiny_mce\/themes\/advanced\/langs\/en.js\" type=\"text\/javascript\"><\/script><br \/>\ny &Aacute;kos 80 &eacute;ves<\/a><\/td>\n<td class=\"xl27\">Juh&aacute;sz Istv&aacute;n<\/td>\n<\/tr>\n<\/tbody>\n<\/table>\n","protected":false},"excerpt":{"rendered":"<p>&nbsp; &Uacute;js&aacute;g neve, sz&aacute;ma oldal &nbsp; Cikk c&iacute;me Cikk szerz\u0151je 1998 T&aacute;jol&oacute;, 98\/1 h&aacute;tlap T98\/1 H&aacute;ts&oacute; oldal: pillanatk&eacute;p a janu&aacute;ri tornatermi sorversenyr\u0151l &mdash; T&aacute;jol&oacute;, 98\/9 c&iacute;mlap T98\/9 Eredm&eacute;nyhirdet&eacute;s az Orsz&aacute;gos Csapatbajnoks&aacute;gon (N18 1. SPA &ndash; Makrai &Eacute;., Farkas K. &eacute;s &#8230;) &mdash; T&aacute;jol&oacute;, 98\/10 c&iacute;m-, h&aacute;tlap T98\/10 -hatlap_ospk.jpg&#8221;&gt;A bor&iacute;t&oacute; fot&oacute;i az \u0150szi Spartacus Kup&aacute;n k&eacute;sz&uuml;ltek &hellip; <a href=\"https:\/\/www.tabanispartacus.hu\/tajfuto\/wordpress\/?page_id=1287\" class=\"more-link\"><span class=\"screen-reader-text\">Sajt\u00f3nk 1998<\/span> olvas\u00e1s\u00e1nak folytat\u00e1sa <span class=\"meta-nav\">&rarr;<\/span><\/a><\/p>\n","protected":false},"author":1,"featured_media":0,"parent":545,"menu_order":0,"comment_status":"closed","ping_status":"closed","template":"","meta":{"ngg_post_thumbnail":0},"_links":{"self":[{"href":"https:\/\/www.tabanispartacus.hu\/tajfuto\/wordpress\/index.php?rest_route=\/wp\/v2\/pages\/1287"}],"collection":[{"href":"https:\/\/www.tabanispartacus.hu\/tajfuto\/wordpress\/index.php?rest_route=\/wp\/v2\/pages"}],"about":[{"href":"https:\/\/www.tabanispartacus.hu\/tajfuto\/wordpress\/index.php?rest_route=\/wp\/v2\/types\/page"}],"author":[{"embeddable":true,"href":"https:\/\/www.tabanispartacus.hu\/tajfuto\/wordpress\/index.php?rest_route=\/wp\/v2\/users\/1"}],"replies":[{"embeddable":true,"href":"https:\/\/www.tabanispartacus.hu\/tajfuto\/wordpress\/index.php?rest_route=%2Fwp%2Fv2%2Fcomments&post=1287"}],"version-history":[{"count":1,"href":"https:\/\/www.tabanispartacus.hu\/tajfuto\/wordpress\/index.php?rest_route=\/wp\/v2\/pages\/1287\/revisions"}],"predecessor-version":[{"id":1288,"href":"https:\/\/www.tabanispartacus.hu\/tajfuto\/wordpress\/index.php?rest_route=\/wp\/v2\/pages\/1287\/revisions\/1288"}],"up":[{"embeddable":true,"href":"https:\/\/www.tabanispartacus.hu\/tajfuto\/wordpress\/index.php?rest_route=\/wp\/v2\/pages\/545"}],"wp:attachment":[{"href":"https:\/\/www.tabanispartacus.hu\/tajfuto\/wordpress\/index.php?rest_route=%2Fwp%2Fv2%2Fmedia&parent=1287"}],"curies":[{"name":"wp","href":"https:\/\/api.w.org\/{rel}","templated":true}]}}