{"id":1285,"date":"2012-11-14T11:13:39","date_gmt":"2012-11-14T10:13:39","guid":{"rendered":"http:\/\/www.tabanispartacus.hu\/tajfuto\/wordpress\/?page_id=1285"},"modified":"2012-11-14T11:13:39","modified_gmt":"2012-11-14T10:13:39","slug":"sajtonk-1999","status":"publish","type":"page","link":"https:\/\/www.tabanispartacus.hu\/tajfuto\/wordpress\/?page_id=1285","title":{"rendered":"Sajt\u00f3nk 1999"},"content":{"rendered":"<table style=\"width: 99%;\" border=\"1\">\n<tbody>\n<tr height=\"17\">\n<td class=\"xl22\" width=\"39\" height=\"17\"><strong>&nbsp;<\/strong><\/td>\n<td class=\"xl24\" width=\"108\"><strong>&Uacute;js&aacute;g neve, sz&aacute;ma<\/strong><\/td>\n<td class=\"xl24\" width=\"78\"><strong>oldal<\/strong><\/td>\n<td class=\"xl24\" width=\"45\"><strong>&nbsp;<\/strong><\/td>\n<td class=\"xl24\" width=\"429\"><strong>Cikk c&iacute;me<\/strong><\/td>\n<td class=\"xl24\" width=\"205\"><strong>Cikk szerz\u0151je<\/strong><\/td>\n<\/tr>\n<tr height=\"17\">\n<td class=\"xl24\" rowspan=\"5\" height=\"102\" align=\"right\">1999<\/td>\n<td class=\"xl24\">T&aacute;jol&oacute;, 99\/1<\/td>\n<td class=\"xl26\">8<\/td>\n<td class=\"xl26\">T99\/1<\/td>\n<td class=\"xl27\"><a href=\"\/tajfuto\/sajtonk\/1999\/1999-1tajolo_vasslaci.jpg\">Vasslaci a kit&uuml;ntetett<\/a><\/td>\n<td class=\"xl27\">Lux Anna<\/td>\n<\/tr>\n<tr height=\"17\">\n<td class=\"xl24\">T&aacute;jol&oacute;, 99\/3<\/td>\n<td class=\"xl26\">c&iacute;mlap<\/td>\n<td class=\"xl26\">T99\/3<\/td>\n<td class=\"xl27\"><a href=\"\/tajfuto\/sajtonk\/1999\/1999-3_1tajolo-cimlap_tspk.jpg\">A bor&iacute;t&oacute;k fot&oacute;i a Tavaszi Spartacus Kup&aacute;n k&eacute;sz&uuml;ltek<\/a><\/td>\n<td class=\"xl27\">&mdash;<\/td>\n<\/tr>\n<tr height=\"17\">\n<td class=\"xl24\">T&aacute;jol&oacute;, 99\/3<\/td>\n<td class=\"xl26\">58<\/td>\n<td class=\"xl26\">T99\/3<\/td>\n<td class=\"xl27\"><a href=\"\/tajfuto\/sajtonk\/1999\/1999-3_2tajolo_kobe-vesett-rajtlista.jpg\">K\u0151be v&eacute;sett rajtlista<\/a><\/td>\n<td class=\"xl27\">&mdash;<\/td>\n<\/tr>\n<tr height=\"17\">\n<td class=\"xl24\">T&aacute;jol&oacute;, 99\/3<\/td>\n<td class=\"xl26\">h&aacute;tlap<\/td>\n<td class=\"xl26\">T99\/3<\/td>\n<td class=\"xl27\"><a href=\"\/tajfuto\/sajtonk\/1999\/1999-3_3tajolo-hatlap_tspk.jpg\">A bor&iacute;t&oacute;k fot&oacute;i a Tavaszi Spartacus Kup&aacute;n k&eacute;sz&uuml;ltek<\/a><\/td>\n<td class=\"xl27\">&mdash;<\/td>\n<\/tr>\n<tr height=\"34\">\n<td class=\"xl24\">T&aacute;jol&oacute;, 99\/9<\/td>\n<td class=\"xl26\">c&iacute;mlap<\/td>\n<td class=\"xl26\">T99\/9<\/td>\n<td class=\"xl25\" width=\"429\"><a href=\"\/tajfuto\/sajtonk\/1999\/1999-9tajolo-cimlap_makrai-eb-n.jpg\">Junior Eur&oacute;pa Kupa n\u0151i 20-as   v&aacute;lt&oacute; 3. helyez&eacute;s (B&iacute;r&oacute; Alma, Makrai &Eacute;va, Farkas Zsuzsi)<\/a><\/td>\n<td class=\"xl27\">&mdash;<\/td>\n<\/tr>\n<\/tbody>\n<\/table>\n","protected":false},"excerpt":{"rendered":"<p>&nbsp; &Uacute;js&aacute;g neve, sz&aacute;ma oldal &nbsp; Cikk c&iacute;me Cikk szerz\u0151je 1999 T&aacute;jol&oacute;, 99\/1 8 T99\/1 Vasslaci a kit&uuml;ntetett Lux Anna T&aacute;jol&oacute;, 99\/3 c&iacute;mlap T99\/3 A bor&iacute;t&oacute;k fot&oacute;i a Tavaszi Spartacus Kup&aacute;n k&eacute;sz&uuml;ltek &mdash; T&aacute;jol&oacute;, 99\/3 58 T99\/3 K\u0151be v&eacute;sett rajtlista &mdash; T&aacute;jol&oacute;, 99\/3 h&aacute;tlap T99\/3 A bor&iacute;t&oacute;k fot&oacute;i a Tavaszi Spartacus Kup&aacute;n k&eacute;sz&uuml;ltek &mdash; T&aacute;jol&oacute;, &hellip; <a href=\"https:\/\/www.tabanispartacus.hu\/tajfuto\/wordpress\/?page_id=1285\" class=\"more-link\"><span class=\"screen-reader-text\">Sajt\u00f3nk 1999<\/span> olvas\u00e1s\u00e1nak folytat\u00e1sa <span class=\"meta-nav\">&rarr;<\/span><\/a><\/p>\n","protected":false},"author":1,"featured_media":0,"parent":545,"menu_order":0,"comment_status":"closed","ping_status":"closed","template":"","meta":{"ngg_post_thumbnail":0},"_links":{"self":[{"href":"https:\/\/www.tabanispartacus.hu\/tajfuto\/wordpress\/index.php?rest_route=\/wp\/v2\/pages\/1285"}],"collection":[{"href":"https:\/\/www.tabanispartacus.hu\/tajfuto\/wordpress\/index.php?rest_route=\/wp\/v2\/pages"}],"about":[{"href":"https:\/\/www.tabanispartacus.hu\/tajfuto\/wordpress\/index.php?rest_route=\/wp\/v2\/types\/page"}],"author":[{"embeddable":true,"href":"https:\/\/www.tabanispartacus.hu\/tajfuto\/wordpress\/index.php?rest_route=\/wp\/v2\/users\/1"}],"replies":[{"embeddable":true,"href":"https:\/\/www.tabanispartacus.hu\/tajfuto\/wordpress\/index.php?rest_route=%2Fwp%2Fv2%2Fcomments&post=1285"}],"version-history":[{"count":1,"href":"https:\/\/www.tabanispartacus.hu\/tajfuto\/wordpress\/index.php?rest_route=\/wp\/v2\/pages\/1285\/revisions"}],"predecessor-version":[{"id":1286,"href":"https:\/\/www.tabanispartacus.hu\/tajfuto\/wordpress\/index.php?rest_route=\/wp\/v2\/pages\/1285\/revisions\/1286"}],"up":[{"embeddable":true,"href":"https:\/\/www.tabanispartacus.hu\/tajfuto\/wordpress\/index.php?rest_route=\/wp\/v2\/pages\/545"}],"wp:attachment":[{"href":"https:\/\/www.tabanispartacus.hu\/tajfuto\/wordpress\/index.php?rest_route=%2Fwp%2Fv2%2Fmedia&parent=1285"}],"curies":[{"name":"wp","href":"https:\/\/api.w.org\/{rel}","templated":true}]}}