{"id":1283,"date":"2012-11-14T11:13:05","date_gmt":"2012-11-14T10:13:05","guid":{"rendered":"http:\/\/www.tabanispartacus.hu\/tajfuto\/wordpress\/?page_id=1283"},"modified":"2012-11-14T11:13:05","modified_gmt":"2012-11-14T10:13:05","slug":"sajtonk-2000","status":"publish","type":"page","link":"https:\/\/www.tabanispartacus.hu\/tajfuto\/wordpress\/?page_id=1283","title":{"rendered":"Sajt\u00f3nk 2000"},"content":{"rendered":"<table style=\"width: 99%;\" border=\"1\">\n<tbody>\n<tr height=\"17\">\n<td class=\"xl22\" width=\"39\" height=\"17\"><strong>&nbsp;<\/strong><\/td>\n<td class=\"xl24\" width=\"108\"><strong>&Uacute;js&aacute;g neve, sz&aacute;ma<\/strong><\/td>\n<td class=\"xl24\" width=\"78\"><strong>oldal<\/strong><\/td>\n<td class=\"xl24\" width=\"45\"><strong>&nbsp;<\/strong><\/td>\n<td class=\"xl24\" width=\"429\"><strong>Cikk c&iacute;me<\/strong><\/td>\n<td class=\"xl24\" width=\"205\"><strong>Cikk szerz\u0151je<\/strong><\/td>\n<\/tr>\n<tr height=\"17\">\n<td class=\"xl24\" rowspan=\"11\" height=\"187\" align=\"right\">2000<\/td>\n<td class=\"xl24\">T&aacute;jol&oacute;, 2000\/1<\/td>\n<td class=\"xl26\">6&ndash;7<\/td>\n<td class=\"xl26\">T00\/1<\/td>\n<td class=\"xl27\"><a href=\"\/tajfuto\/sajtonk\/2000\/2000-1_1tajolo_kemeny-probatetel_1.jpg\">Kem&eacute;ny-pr&oacute;bat&eacute;tel a V&eacute;rtesben 1<\/a><\/td>\n<td class=\"xl27\" rowspan=\"2\">\/boz&aacute;n\/ (Boz&aacute;n Gy&ouml;rgy)<\/td>\n<\/tr>\n<tr height=\"17\">\n<td class=\"xl24\">T&aacute;jol&oacute;, 2000\/1<\/td>\n<td class=\"xl26\">8<\/td>\n<td class=\"xl26\">T00\/1<\/td>\n<td class=\"xl27\"><a href=\"\/tajfuto\/sajtonk\/2000\/2000-1_2tajolo_kemeny-2_1999orb-ovb.jpg\">Kem&eacute;ny-pr&oacute;bat&eacute;tel a V&eacute;rtesben 2<\/a><\/td>\n<\/tr>\n<tr height=\"17\">\n<td class=\"xl24\" height=\"17\">T&aacute;jol&oacute;, 2000\/1<\/td>\n<td class=\"xl26\">8&ndash;9<\/td>\n<td class=\"xl26\">T00\/1<\/td>\n<td class=\"xl27\"><a href=\"\/tajfuto\/sajtonk\/2000\/2000-1_2tajolo_kemeny-2_1999orb-ovb.jpg\">M&eacute;g mindig ORB &ndash; OVB &ndash; 1999<\/a><\/td>\n<td class=\"xl27\">M&aacute;th&eacute; Istv&aacute;n<\/td>\n<\/tr>\n<tr height=\"17\">\n<td class=\"xl24\">T&aacute;jol&oacute;, 2000\/1<\/td>\n<td class=\"xl26\">15<\/td>\n<td class=\"xl26\">T00\/1<\/td>\n<td class=\"xl27\"><a href=\"\/tajfuto\/sajtonk\/2000\/2000-1_3tajolo_szentpeteryakos.jpg\">Szentp&eacute;tery &Aacute;kos 1918&ndash;2000<\/a><\/td>\n<td class=\"xl27\">(S.A.) (Schell Antal)<\/td>\n<\/tr>\n<tr height=\"17\">\n<td class=\"xl24\">T&aacute;jol&oacute;, 2000\/1<\/td>\n<td class=\"xl26\">17<\/td>\n<td class=\"xl26\">T00\/1<\/td>\n<td class=\"xl27\"><a href=\"\/tajfuto\/sajtonk\/2000\/2000-1_4tajolo_ripszam.jpg\">Ripsz&aacute;m Henrik eml&eacute;kverseny (rendez\u0151: SPA)<\/a><\/td>\n<td class=\"xl27\">Schell Antal<\/td>\n<\/tr>\n<tr height=\"17\">\n<td class=\"xl24\">T&aacute;jol&oacute;, 2000\/3<\/td>\n<td class=\"xl26\">20<\/td>\n<td class=\"xl26\">T00\/3<\/td>\n<td class=\"xl27\"><a href=\"\/tajfuto\/sajtonk\/2000\/2000-3tajolo_tspk.jpg\">Tavaszi Spartacus Kupa<\/a><\/td>\n<td class=\"xl27\">&mdash;<\/td>\n<\/tr>\n<tr height=\"17\">\n<td class=\"xl24\">T&aacute;jol&oacute;, 2000\/7<\/td>\n<td class=\"xl26\">18<\/td>\n<td class=\"xl26\">T00\/7<\/td>\n<td class=\"xl27\"><a href=\"\/tajfuto\/sajtonk\/2000\/2000-7tajolo_bpnagydij-tspk.jpg\">Budapest Nagyd&iacute;j &ndash; Tavaszi Spartacus Kupa<\/a><\/td>\n<td class=\"xl27\">&mdash;<\/td>\n<\/tr>\n<tr height=\"17\">\n<td class=\"xl24\">T&aacute;jol&oacute;, 2000\/10<\/td>\n<td class=\"xl26\">15<\/td>\n<td class=\"xl26\">T00\/10<\/td>\n<td class=\"xl25\" width=\"429\"><a href=\"\/tajfuto\/sajtonk\/2000\/2000-10_1tajolo_ospkterkepe-geol-szemmel_1.jpg\">Az \u0150szi Spartacus Kupa t&eacute;rk&eacute;pe &ndash;   geol&oacute;gus szemmel, 1. oldal<\/a><\/td>\n<td class=\"xl27\" rowspan=\"3\">(Gyalog L&aacute;szl&oacute;)<\/td>\n<\/tr>\n<tr height=\"17\">\n<td class=\"xl24\">T&aacute;jol&oacute;, 2000\/10<\/td>\n<td class=\"xl26\">16&ndash;17<\/td>\n<td class=\"xl26\">T00\/10<\/td>\n<td class=\"xl25\" width=\"429\"><a href=\"\/tajfuto\/sajtonk\/2000\/2000-10_2tajolo_ospkterkepe-geol-szemmel_2.jpg\">Az \u0150szi Spartacus Kupa t&eacute;rk&eacute;pe &ndash;   geol&oacute;gus szemmel, 2&ndash;3. oldal<\/a><\/td>\n<\/tr>\n<tr height=\"17\">\n<td class=\"xl24\">T&aacute;jol&oacute;, 2000\/10<\/td>\n<td class=\"xl26\">18<\/td>\n<td class=\"xl26\">T00\/10<\/td>\n<td class=\"xl25\" width=\"429\"><a href=\"\/tajfuto\/sajtonk\/2000\/2000-10_3tajolo_ospk-geol-3_utv-val-ospk.jpg\">Az \u0150szi Spartacus Kupa t&eacute;rk&eacute;pe &ndash;   geol&oacute;gus szemmel, 4. oldal<\/a><\/td>\n<\/tr>\n<tr height=\"17\">\n<td class=\"xl24\" height=\"17\">T&aacute;jol&oacute;, 2000\/10<\/td>\n<td class=\"xl26\">18<\/td>\n<td class=\"xl26\">T00\/10<\/td>\n<td class=\"xl25\" width=\"429\"><a href=\"\/tajfuto\/sajtonk\/2000\/2000-10_3tajolo_ospk-geol-3_utv-val-ospk.jpg\">&Uacute;tvonalv&aacute;laszt&aacute;s az \u0150szi   Spartacus kup&aacute;n<\/a><\/td>\n<td class=\"xl27\">&mdash;<\/td>\n<\/tr>\n<\/tbody>\n<\/table>\n","protected":false},"excerpt":{"rendered":"<p>&nbsp; &Uacute;js&aacute;g neve, sz&aacute;ma oldal &nbsp; Cikk c&iacute;me Cikk szerz\u0151je 2000 T&aacute;jol&oacute;, 2000\/1 6&ndash;7 T00\/1 Kem&eacute;ny-pr&oacute;bat&eacute;tel a V&eacute;rtesben 1 \/boz&aacute;n\/ (Boz&aacute;n Gy&ouml;rgy) T&aacute;jol&oacute;, 2000\/1 8 T00\/1 Kem&eacute;ny-pr&oacute;bat&eacute;tel a V&eacute;rtesben 2 T&aacute;jol&oacute;, 2000\/1 8&ndash;9 T00\/1 M&eacute;g mindig ORB &ndash; OVB &ndash; 1999 M&aacute;th&eacute; Istv&aacute;n T&aacute;jol&oacute;, 2000\/1 15 T00\/1 Szentp&eacute;tery &Aacute;kos 1918&ndash;2000 (S.A.) (Schell Antal) T&aacute;jol&oacute;, 2000\/1 &hellip; <a href=\"https:\/\/www.tabanispartacus.hu\/tajfuto\/wordpress\/?page_id=1283\" class=\"more-link\"><span class=\"screen-reader-text\">Sajt\u00f3nk 2000<\/span> olvas\u00e1s\u00e1nak folytat\u00e1sa <span class=\"meta-nav\">&rarr;<\/span><\/a><\/p>\n","protected":false},"author":1,"featured_media":0,"parent":545,"menu_order":0,"comment_status":"closed","ping_status":"closed","template":"","meta":{"ngg_post_thumbnail":0},"_links":{"self":[{"href":"https:\/\/www.tabanispartacus.hu\/tajfuto\/wordpress\/index.php?rest_route=\/wp\/v2\/pages\/1283"}],"collection":[{"href":"https:\/\/www.tabanispartacus.hu\/tajfuto\/wordpress\/index.php?rest_route=\/wp\/v2\/pages"}],"about":[{"href":"https:\/\/www.tabanispartacus.hu\/tajfuto\/wordpress\/index.php?rest_route=\/wp\/v2\/types\/page"}],"author":[{"embeddable":true,"href":"https:\/\/www.tabanispartacus.hu\/tajfuto\/wordpress\/index.php?rest_route=\/wp\/v2\/users\/1"}],"replies":[{"embeddable":true,"href":"https:\/\/www.tabanispartacus.hu\/tajfuto\/wordpress\/index.php?rest_route=%2Fwp%2Fv2%2Fcomments&post=1283"}],"version-history":[{"count":1,"href":"https:\/\/www.tabanispartacus.hu\/tajfuto\/wordpress\/index.php?rest_route=\/wp\/v2\/pages\/1283\/revisions"}],"predecessor-version":[{"id":1284,"href":"https:\/\/www.tabanispartacus.hu\/tajfuto\/wordpress\/index.php?rest_route=\/wp\/v2\/pages\/1283\/revisions\/1284"}],"up":[{"embeddable":true,"href":"https:\/\/www.tabanispartacus.hu\/tajfuto\/wordpress\/index.php?rest_route=\/wp\/v2\/pages\/545"}],"wp:attachment":[{"href":"https:\/\/www.tabanispartacus.hu\/tajfuto\/wordpress\/index.php?rest_route=%2Fwp%2Fv2%2Fmedia&parent=1283"}],"curies":[{"name":"wp","href":"https:\/\/api.w.org\/{rel}","templated":true}]}}