{"id":1281,"date":"2012-11-14T11:12:42","date_gmt":"2012-11-14T10:12:42","guid":{"rendered":"http:\/\/www.tabanispartacus.hu\/tajfuto\/wordpress\/?page_id=1281"},"modified":"2012-11-14T11:12:42","modified_gmt":"2012-11-14T10:12:42","slug":"sajtonk-2001","status":"publish","type":"page","link":"https:\/\/www.tabanispartacus.hu\/tajfuto\/wordpress\/?page_id=1281","title":{"rendered":"Sajt\u00f3nk 2001"},"content":{"rendered":"<table style=\"width: 99%;\" border=\"1\">\n<tbody>\n<tr height=\"17\">\n<td class=\"xl22\" width=\"39\" height=\"17\"><strong>&nbsp;<\/strong><\/td>\n<td class=\"xl24\" width=\"108\"><strong>&Uacute;js&aacute;g neve, sz&aacute;ma<\/strong><\/td>\n<td class=\"xl24\" width=\"78\"><strong>oldal<\/strong><\/td>\n<td class=\"xl24\" width=\"45\"><strong>&nbsp;<\/strong><\/td>\n<td class=\"xl24\" width=\"429\"><strong>Cikk c&iacute;me<\/strong><\/td>\n<td class=\"xl24\" width=\"205\"><strong>Cikk szerz\u0151je<\/strong><\/td>\n<\/tr>\n<tr height=\"17\">\n<td class=\"xl24\" rowspan=\"10\" height=\"187\" align=\"right\">2001<\/td>\n<td class=\"xl24\">T&aacute;jol&oacute;, 2001\/1<\/td>\n<td class=\"xl26\">c&iacute;mlap<\/td>\n<td class=\"xl26\">T01\/1<\/td>\n<td class=\"xl27\"><a href=\"\/tajfuto\/sajtonk\/2001\/2001-1_1tajolo-cimlap_ripszam.jpg\">C&iacute;mlap: rajt a Ripsz&aacute;m eml&eacute;kversenyen<\/a><\/td>\n<td class=\"xl27\">&mdash;<\/td>\n<\/tr>\n<tr height=\"17\">\n<td class=\"xl24\">T&aacute;jol&oacute;, 2001\/1<\/td>\n<td class=\"xl26\">12&ndash;13<\/td>\n<td class=\"xl26\">T01\/1<\/td>\n<td class=\"xl25\" width=\"429\"><a href=\"\/tajfuto\/sajtonk\/2001\/2001-1_2tajolo_merre-van-e.jpg\">Tulajdonk&eacute;ppen merre is van   &eacute;szak?<\/a><\/td>\n<td class=\"xl27\">Sch\u0151nviszky L&aacute;szl&oacute;<\/td>\n<\/tr>\n<tr height=\"17\">\n<td class=\"xl24\">T&aacute;jol&oacute;, 2001\/2<\/td>\n<td class=\"xl26\">10&ndash;11<\/td>\n<td class=\"xl26\">T01\/2<\/td>\n<td class=\"xl25\" width=\"429\"><a href=\"\/tajfuto\/sajtonk\/2001\/2001-2tajolo_merre-van-e_2.jpg\">Tulajdonk&eacute;ppen merre is van   &eacute;szak? (2. r&eacute;sz)<\/a><\/td>\n<td class=\"xl27\">Sch\u0151nviszky L&aacute;szl&oacute;<\/td>\n<\/tr>\n<tr height=\"17\">\n<td class=\"xl24\">T&aacute;jol&oacute;, 2001\/3<\/td>\n<td class=\"xl26\">4<\/td>\n<td class=\"xl26\">T01\/3<\/td>\n<td class=\"xl27\"><a href=\"\/tajfuto\/sajtonk\/2001\/2001-3_1tajolo_tspk-bpnagydij.jpg\">Tavaszi Spartacus Kupa &ndash; Budapest Nagyd&iacute;j<\/a><\/td>\n<td class=\"xl27\">&mdash;<\/td>\n<\/tr>\n<tr height=\"17\">\n<td class=\"xl24\">T&aacute;jol&oacute;, 2001\/3<\/td>\n<td class=\"xl26\">7<\/td>\n<td class=\"xl26\">T01\/3<\/td>\n<td class=\"xl25\" width=\"429\"><a href=\"\/tajfuto\/sajtonk\/2001\/2001-3_2tajolo_uj-f\u0151titkat-mtfsz.jpg\">&Uacute;j f\u0151titk&aacute;r az MTFSZ-ben<\/a><\/td>\n<td class=\"xl27\">Schell Antal<\/td>\n<\/tr>\n<tr height=\"34\">\n<td class=\"xl24\">T&aacute;jol&oacute;, 2001\/3<\/td>\n<td class=\"xl26\">h&aacute;tlap<\/td>\n<td class=\"xl26\">T01\/3<\/td>\n<td class=\"xl25\" width=\"429\"><a href=\"\/tajfuto\/sajtonk\/2001\/2001-3_3tajolo-hatlap_tspk-eh.jpg\">H&aacute;ts&oacute; oldal: a Tavaszi Spartacus   Kupa &ndash; Budapest Nagyd&iacute;j eredm&eacute;nyhirdet&eacute;se<\/a><\/td>\n<td class=\"xl27\">&mdash;<\/td>\n<\/tr>\n<tr height=\"17\">\n<td class=\"xl24\">T&aacute;jol&oacute;, 2001\/4<\/td>\n<td class=\"xl26\">13<\/td>\n<td class=\"xl26\">T01\/4<\/td>\n<td class=\"xl25\" width=\"429\"><a href=\"\/tajfuto\/sajtonk\/2001\/2001-4tajolo_hirek-mtfsz.jpg\">H&iacute;rek az MTFSZ-b\u0151l; alc&iacute;m: A f\u0151titk&aacute;r j&ouml;n &eacute;s nem megy!<\/a><\/td>\n<td class=\"xl27\">&mdash;<\/td>\n<\/tr>\n<tr height=\"17\">\n<td class=\"xl24\">T&aacute;jol&oacute;, 2001\/10<\/td>\n<td class=\"xl26\">4&ndash;5<\/td>\n<td class=\"xl26\">T01\/10<\/td>\n<td class=\"xl25\" width=\"429\"><a href=\"\/tajfuto\/sajtonk\/2001\/2001-10_1tajolo_dkoi.jpg\">Dobog&oacute;k\u0151i hegyi fut&oacute;verseny<\/a><\/td>\n<td class=\"xl27\">Schell Antal (fot&oacute;: Zentai L&aacute;szl&oacute;)<\/td>\n<\/tr>\n<tr height=\"17\">\n<td class=\"xl24\">T&aacute;jol&oacute;, 2001\/10<\/td>\n<td class=\"xl26\">7<\/td>\n<td class=\"xl26\">T01\/10<\/td>\n<td class=\"xl25\" width=\"429\"><a href=\"\/tajfuto\/sajtonk\/2001\/2001-10_2tajolo_ospk.jpg\">\u0150szi Spartacus Kupa G&aacute;nt,   november 3&ndash;4.<\/a>&nbsp;<\/td>\n<td class=\"xl27\">K. D. (Ker&eacute;nyi D&eacute;nes?)<\/td>\n<\/tr>\n<tr height=\"17\">\n<td class=\"xl24\">T&aacute;jol&oacute;, 2001\/10<\/td>\n<td class=\"xl26\">16&ndash;17<\/td>\n<td class=\"xl26\">T01\/10<\/td>\n<td class=\"xl25\" width=\"429\"><a href=\"\/tajfuto\/sajtonk\/2001\/2001-10_3tajolo_ospk-fotok.jpg\">Szezonv&eacute;gi versenyek (fot&oacute;k: 3   db \u0150szi Spartacus Kupa)<\/a><\/td>\n<td class=\"xl27\">&mdash;<\/td>\n<\/tr>\n<\/tbody>\n<\/table>\n","protected":false},"excerpt":{"rendered":"<p>&nbsp; &Uacute;js&aacute;g neve, sz&aacute;ma oldal &nbsp; Cikk c&iacute;me Cikk szerz\u0151je 2001 T&aacute;jol&oacute;, 2001\/1 c&iacute;mlap T01\/1 C&iacute;mlap: rajt a Ripsz&aacute;m eml&eacute;kversenyen &mdash; T&aacute;jol&oacute;, 2001\/1 12&ndash;13 T01\/1 Tulajdonk&eacute;ppen merre is van &eacute;szak? Sch\u0151nviszky L&aacute;szl&oacute; T&aacute;jol&oacute;, 2001\/2 10&ndash;11 T01\/2 Tulajdonk&eacute;ppen merre is van &eacute;szak? (2. r&eacute;sz) Sch\u0151nviszky L&aacute;szl&oacute; T&aacute;jol&oacute;, 2001\/3 4 T01\/3 Tavaszi Spartacus Kupa &ndash; Budapest Nagyd&iacute;j &hellip; <a href=\"https:\/\/www.tabanispartacus.hu\/tajfuto\/wordpress\/?page_id=1281\" class=\"more-link\"><span class=\"screen-reader-text\">Sajt\u00f3nk 2001<\/span> olvas\u00e1s\u00e1nak folytat\u00e1sa <span class=\"meta-nav\">&rarr;<\/span><\/a><\/p>\n","protected":false},"author":1,"featured_media":0,"parent":545,"menu_order":0,"comment_status":"closed","ping_status":"closed","template":"","meta":{"ngg_post_thumbnail":0},"_links":{"self":[{"href":"https:\/\/www.tabanispartacus.hu\/tajfuto\/wordpress\/index.php?rest_route=\/wp\/v2\/pages\/1281"}],"collection":[{"href":"https:\/\/www.tabanispartacus.hu\/tajfuto\/wordpress\/index.php?rest_route=\/wp\/v2\/pages"}],"about":[{"href":"https:\/\/www.tabanispartacus.hu\/tajfuto\/wordpress\/index.php?rest_route=\/wp\/v2\/types\/page"}],"author":[{"embeddable":true,"href":"https:\/\/www.tabanispartacus.hu\/tajfuto\/wordpress\/index.php?rest_route=\/wp\/v2\/users\/1"}],"replies":[{"embeddable":true,"href":"https:\/\/www.tabanispartacus.hu\/tajfuto\/wordpress\/index.php?rest_route=%2Fwp%2Fv2%2Fcomments&post=1281"}],"version-history":[{"count":1,"href":"https:\/\/www.tabanispartacus.hu\/tajfuto\/wordpress\/index.php?rest_route=\/wp\/v2\/pages\/1281\/revisions"}],"predecessor-version":[{"id":1282,"href":"https:\/\/www.tabanispartacus.hu\/tajfuto\/wordpress\/index.php?rest_route=\/wp\/v2\/pages\/1281\/revisions\/1282"}],"up":[{"embeddable":true,"href":"https:\/\/www.tabanispartacus.hu\/tajfuto\/wordpress\/index.php?rest_route=\/wp\/v2\/pages\/545"}],"wp:attachment":[{"href":"https:\/\/www.tabanispartacus.hu\/tajfuto\/wordpress\/index.php?rest_route=%2Fwp%2Fv2%2Fmedia&parent=1281"}],"curies":[{"name":"wp","href":"https:\/\/api.w.org\/{rel}","templated":true}]}}