{"id":1279,"date":"2012-11-14T11:12:22","date_gmt":"2012-11-14T10:12:22","guid":{"rendered":"http:\/\/www.tabanispartacus.hu\/tajfuto\/wordpress\/?page_id=1279"},"modified":"2012-11-14T11:12:22","modified_gmt":"2012-11-14T10:12:22","slug":"sajtonk-2002","status":"publish","type":"page","link":"https:\/\/www.tabanispartacus.hu\/tajfuto\/wordpress\/?page_id=1279","title":{"rendered":"Sajt\u00f3nk 2002"},"content":{"rendered":"<table style=\"width: 99%;\" border=\"1\">\n<tbody>\n<tr>\n<td rowspan=\"19\"><span style=\"font-size: x-small;\">2002<\/span><\/td>\n<td><span style=\"font-size: x-small;\"><strong>&Uacute;js&aacute;g neve, sz&aacute;ma<\/strong><\/span><\/td>\n<td><span style=\"font-size: x-small;\"><strong>oldal<\/strong><\/span><\/td>\n<td><span style=\"font-size: x-small;\"><strong><br \/><\/strong><\/span><\/td>\n<td><span style=\"font-size: x-small;\"><strong>Cikk c&iacute;me<\/strong><\/span><\/td>\n<td><span style=\"font-size: x-small;\"><strong>Cikk szerz\u0151je<\/strong><\/span><\/td>\n<\/tr>\n<tr>\n<td><span><span style=\"font-size: x-small;\">T&aacute;jol&oacute;, 2002\/1<\/span><\/span><\/td>\n<td><span><span style=\"font-size: x-small;\">8<\/span><\/span><\/td>\n<td><span><span style=\"font-size: x-small;\">T02\/1<\/span><\/span><\/td>\n<td><a href=\"http:\/\/www.tabanispartacus.hu\/tajfuto\/sajtonk\/2002\/2002-1_1tajolo_nemethkaroly.jpg\"><span style=\"font-size: x-small;\">N&eacute;meth K&aacute;roly (1915&ndash;2002)<\/span><\/a><\/td>\n<td><span style=\"font-size: x-small;\">&mdash;<\/span><\/td>\n<\/tr>\n<tr>\n<td><span style=\"font-size: x-small;\">T&aacute;jol&oacute;, 2002\/1<\/span><\/td>\n<td><span style=\"font-size: x-small;\">17<\/span><\/td>\n<td><span style=\"font-size: x-small;\">T02\/1<\/span><\/td>\n<td><a href=\"http:\/\/www.tabanispartacus.hu\/tajfuto\/sajtonk\/2002\/2002-1_2tajolo_oszispk-philips-atm.jpg\"><span style=\"font-size: x-small;\">\u0150szi Spartacus Kupa 2001. 11. 04 F21A &#8220;Philips &aacute;tmenet&#8221;<\/span><\/a><\/td>\n<td><span style=\"font-size: x-small;\">&mdash;<\/span><\/td>\n<\/tr>\n<tr>\n<td><span style=\"font-size: x-small;\">T&aacute;jol&oacute;, 2002\/2<\/span><\/td>\n<td><span style=\"font-size: x-small;\">10&ndash;11<\/span><\/td>\n<td><span style=\"font-size: x-small;\">T02\/2<\/span><\/td>\n<td><a href=\"http:\/\/www.tabanispartacus.hu\/tajfuto\/sajtonk\/2002\/2002-2tajolo_vassl-btfszvege.jpg\"><span style=\"font-size: x-small;\">Egy korszak lez&aacute;r&aacute;sa (Vass Laci, BTFSZ)<\/span><\/a><\/td>\n<td><span style=\"font-size: x-small;\">Schell Antal<\/span><\/td>\n<\/tr>\n<tr>\n<td><span style=\"font-size: x-small;\">T&aacute;jol&oacute;, 2002\/3<\/span><\/td>\n<td><span style=\"font-size: x-small;\">16<\/span><\/td>\n<td><span style=\"font-size: x-small;\">T02\/3<\/span><\/td>\n<td><a href=\"http:\/\/www.tabanispartacus.hu\/tajfuto\/sajtonk\/2002\/2002-3_1tajolo_tsp-kepek.jpg\"><span style=\"font-size: x-small;\">Elkezd\u0151d&ouml;tt a versenyszezon (Tavaszi Spartacus Kupa fot&oacute;k)<\/span><\/a><\/td>\n<td><span style=\"font-size: x-small;\">&mdash;<\/span><\/td>\n<\/tr>\n<tr>\n<td><span style=\"font-size: x-small;\">T&aacute;jol&oacute;, 2002\/3<\/span><\/td>\n<td><a href=\"http:\/\/www.tabanispartacus.hu\/tajfuto\/sajtonk\/2002\/2002-3_2tajolo_tsp-eredm.jpg\"><span style=\"font-size: x-small;\">I<\/span><\/a><\/td>\n<td><a href=\"http:\/\/www.tabanispartacus.hu\/tajfuto\/sajtonk\/2002\/2002-3_2tajolo_tsp-eredm.jpg\"><span style=\"font-size: x-small;\">T02\/3<\/span><\/a><\/td>\n<td rowspan=\"4\"><span style=\"font-size: x-small;\">Tavaszi Spartacus Kupa G&aacute;nt &ndash; 2002. m&aacute;rcius 15&ndash;16. (teljes eredm&eacute;nyek)<\/span><\/td>\n<td><span style=\"font-size: x-small;\">&mdash;<\/span><\/td>\n<\/tr>\n<tr>\n<td><span style=\"font-size: x-small;\">T&aacute;jol&oacute;, 2002\/3<\/span><\/td>\n<td><a href=\"http:\/\/www.tabanispartacus.hu\/tajfuto\/sajtonk\/2002\/2002-3_3tajolo_tsp-eredm2-3.jpg\"><span style=\"font-size: x-small;\">II&ndash;III<\/span><\/a><\/td>\n<td><a href=\"http:\/\/www.tabanispartacus.hu\/tajfuto\/sajtonk\/2002\/2002-3_3tajolo_tsp-eredm2-3.jpg\"><span style=\"font-size: x-small;\">T02\/3<\/span><\/a><\/td>\n<td><span style=\"font-size: x-small;\">&mdash;<\/span><\/td>\n<\/tr>\n<tr>\n<td><span style=\"font-size: x-small;\">T&aacute;jol&oacute;, 2002\/3<\/span><\/td>\n<td><a href=\"http:\/\/www.tabanispartacus.hu\/tajfuto\/sajtonk\/2002\/2002-3_4tajolo_tsp-eredm4-5.jpg\"><span style=\"font-size: x-small;\">IV&ndash;V<\/span><\/a><\/td>\n<td><a href=\"http:\/\/www.tabanispartacus.hu\/tajfuto\/sajtonk\/2002\/2002-3_4tajolo_tsp-eredm4-5.jpg\"><span style=\"font-size: x-small;\">T02\/3<\/span><\/a><\/td>\n<td><span style=\"font-size: x-small;\">&mdash;<\/span><\/td>\n<\/tr>\n<tr>\n<td><span style=\"font-size: x-small;\">T&aacute;jol&oacute;, 2002\/3<\/span><\/td>\n<td><a href=\"http:\/\/www.tabanispartacus.hu\/tajfuto\/sajtonk\/2002\/2002-3_5tajolo_tsp-eredm6.jpg\"><span style=\"font-size: x-small;\">VI<\/span><\/a><\/td>\n<td><a href=\"http:\/\/www.tabanispartacus.hu\/tajfuto\/sajtonk\/2002\/2002-3_5tajolo_tsp-eredm6.jpg\"><span style=\"font-size: x-small;\">T02\/3<\/span><\/a><\/td>\n<td><span style=\"font-size: x-small;\">&mdash;<\/span><\/td>\n<\/tr>\n<tr>\n<td><span style=\"font-size: x-small;\">T&aacute;jol&oacute;, 2002\/4<\/span><\/td>\n<td><span style=\"font-size: x-small;\">16<\/span><\/td>\n<td><span style=\"font-size: x-small;\">T02\/4<\/span><\/td>\n<td><a href=\"http:\/\/www.tabanispartacus.hu\/tajfuto\/sajtonk\/2002\/2002-4tajolo_sp-csill_mosa.jpg\"><span style=\"font-size: x-small;\">Sportcsillagok: Monspart Sarolta &eacute;s Ol&aacute;h Katalin<\/span><\/a><\/td>\n<td><span style=\"font-size: x-small;\">&mdash;<\/span><\/td>\n<\/tr>\n<tr>\n<td><span style=\"font-size: x-small;\">T&aacute;jol&oacute;, 2002\/10<\/span><\/td>\n<td><span style=\"font-size: x-small;\">c&iacute;mlap<\/span><\/td>\n<td><span style=\"font-size: x-small;\">T02\/10<\/span><\/td>\n<td><a href=\"http:\/\/www.tabanispartacus.hu\/tajfuto\/sajtonk\/2002\/2002-10_1tajolo-cimlap_ospk-2nap.jpg\"><span style=\"font-size: x-small;\">A c&iacute;mlap fot&oacute;ja az \u0150szi Spartacus Kupa 2. napj&aacute;n k&eacute;sz&uuml;lt<\/span><\/a><\/td>\n<td><span style=\"font-size: x-small;\">&mdash;<\/span><\/td>\n<\/tr>\n<tr>\n<td><span style=\"font-size: x-small;\">T&aacute;jol&oacute;, 2002\/10<\/span><\/td>\n<td><span style=\"font-size: x-small;\">4&ndash;5<\/span><\/td>\n<td><span style=\"font-size: x-small;\">T02\/10<\/span><\/td>\n<td><a href=\"http:\/\/www.tabanispartacus.hu\/tajfuto\/sajtonk\/2002\/2002-10_2tajolo_ospk.jpg\"><span style=\"font-size: x-small;\">\u0150szi Spartacus Kupa<\/span><\/a><\/td>\n<td><span style=\"font-size: x-small;\">Heged\u0171s Zolt&aacute;n<\/span><\/td>\n<\/tr>\n<tr>\n<td><span style=\"font-size: x-small;\">T&aacute;jol&oacute;, 2002\/10<\/span><\/td>\n<td><span style=\"font-size: x-small;\">16<\/span><\/td>\n<td><span style=\"font-size: x-small;\">T02\/10<\/span><\/td>\n<td><a href=\"http:\/\/www.tabanispartacus.hu\/tajfuto\/sajtonk\/2002\/2002-10_3tajolo_ospk-fotok.jpg\"><span style=\"font-size: x-small;\">Szezonv&eacute;gi v&eacute;gi versenyek (fot&oacute;k: 2 db \u0150szi Spartacus Kupa)<\/span><\/a><\/td>\n<td><span style=\"font-size: x-small;\">&mdash;<\/span><\/td>\n<\/tr>\n<tr>\n<td><span style=\"font-size: x-small;\">T&aacute;jol&oacute;, 2002\/10<\/span><\/td>\n<td><span style=\"font-size: x-small;\">VIII&ndash;17<\/span><\/td>\n<td><span style=\"font-size: x-small;\">T02\/10<\/span><\/td>\n<td><a href=\"http:\/\/www.tabanispartacus.hu\/tajfuto\/sajtonk\/2002\/2002-10_4tajolo_dkoi.jpg\"><span style=\"font-size: x-small;\">Dobog&oacute;k\u0151i Hegyi Fut&oacute;verseny (eredm&eacute;nyek is)<\/span><\/a><\/td>\n<td><span style=\"font-size: x-small;\">(S.A.) (Schell Antal)<\/span><\/td>\n<\/tr>\n<tr>\n<td><span style=\"font-size: x-small;\">T&aacute;jol&oacute;, 2002\/10<\/span><\/td>\n<td><span style=\"font-size: x-small;\">h&aacute;tlap<\/span><\/td>\n<td><span style=\"font-size: x-small;\">T02\/10<\/span><\/td>\n<td><a href=\"http:\/\/www.tabanispartacus.hu\/tajfuto\/sajtonk\/2002\/2002-10_5tajolo-hatlap_dkoi-eh.jpg\"><span style=\"font-size: x-small;\">A h&aacute;ts&oacute; bor&iacute;t&oacute;n a dobog&oacute;k\u0151i hegyi maratoni dobog&oacute;sai l&aacute;that&oacute;k<\/span><\/a><\/td>\n<td><span style=\"font-size: x-small;\">&mdash;<\/span><\/td>\n<\/tr>\n<tr>\n<td><span style=\"font-size: x-small;\">T&aacute;jfut&aacute;s, 2002\/1<\/span><\/td>\n<td><span style=\"font-size: x-small;\">12<\/span><\/td>\n<td><span style=\"font-size: x-small;\">Tf02\/01<\/span><\/td>\n<td><a href=\"http:\/\/www.tabanispartacus.hu\/tajfuto\/sajtonk\/2002\/2002-1tajfutas-12_nemethkaroly.jpg\"><span style=\"font-size: x-small;\">H&iacute;rek (N&eacute;meth K&aacute;roly nekrol&oacute;g)<\/span><\/a><\/td>\n<td><span style=\"font-size: x-small;\">&mdash;<\/span><\/td>\n<\/tr>\n<tr>\n<td><span style=\"font-size: x-small;\">T&aacute;jfut&aacute;s, 2002\/8<\/span><\/td>\n<td><a href=\"http:\/\/www.tabanispartacus.hu\/tajfuto\/sajtonk\/2002\/2002-8tajfutas-24-25_dkoi_1.jpg\"><span style=\"font-size: x-small;\">24-25<\/span><\/a><\/td>\n<td rowspan=\"3\"><span style=\"font-size: x-small;\">Tf02\/08<\/span><\/td>\n<td rowspan=\"3\"><span style=\"font-size: x-small;\">VII. Dobog&oacute;k\u0151i Hegyi Fut&oacute;verseny \/ A verseny ut&oacute;z&ouml;ng&eacute;i<\/span><\/td>\n<td rowspan=\"3\"><span style=\"font-size: x-small;\">&mdash;<\/span><\/td>\n<\/tr>\n<tr>\n<td><span style=\"font-size: x-small;\">T&aacute;jfut&aacute;s, 2002\/8<\/span><\/td>\n<td><a href=\"http:\/\/www.tabanispartacus.hu\/tajfuto\/sajtonk\/2002\/2002-8tajfutas-26-27_dkoi_2.jpg\"><span style=\"font-size: x-small;\">26-27<\/span><\/a><\/td>\n<\/tr>\n<tr>\n<td><span style=\"font-size: x-small;\">T&aacute;jfut&aacute;s, 2002\/8<\/span><\/td>\n<td><a href=\"http:\/\/www.tabanispartacus.hu\/tajfuto\/sajtonk\/2002\/2002-8tajfutas-28_dkoi_3.jpg\"><span style=\"font-size: x-small;\">28<\/span><\/a><\/td>\n<\/tr>\n<\/tbody>\n<\/table>\n","protected":false},"excerpt":{"rendered":"<p>2002 &Uacute;js&aacute;g neve, sz&aacute;ma oldal Cikk c&iacute;me Cikk szerz\u0151je T&aacute;jol&oacute;, 2002\/1 8 T02\/1 N&eacute;meth K&aacute;roly (1915&ndash;2002) &mdash; T&aacute;jol&oacute;, 2002\/1 17 T02\/1 \u0150szi Spartacus Kupa 2001. 11. 04 F21A &#8220;Philips &aacute;tmenet&#8221; &mdash; T&aacute;jol&oacute;, 2002\/2 10&ndash;11 T02\/2 Egy korszak lez&aacute;r&aacute;sa (Vass Laci, BTFSZ) Schell Antal T&aacute;jol&oacute;, 2002\/3 16 T02\/3 Elkezd\u0151d&ouml;tt a versenyszezon (Tavaszi Spartacus Kupa fot&oacute;k) &mdash; &hellip; <a href=\"https:\/\/www.tabanispartacus.hu\/tajfuto\/wordpress\/?page_id=1279\" class=\"more-link\"><span class=\"screen-reader-text\">Sajt\u00f3nk 2002<\/span> olvas\u00e1s\u00e1nak folytat\u00e1sa <span class=\"meta-nav\">&rarr;<\/span><\/a><\/p>\n","protected":false},"author":1,"featured_media":0,"parent":545,"menu_order":0,"comment_status":"closed","ping_status":"closed","template":"","meta":{"ngg_post_thumbnail":0},"_links":{"self":[{"href":"https:\/\/www.tabanispartacus.hu\/tajfuto\/wordpress\/index.php?rest_route=\/wp\/v2\/pages\/1279"}],"collection":[{"href":"https:\/\/www.tabanispartacus.hu\/tajfuto\/wordpress\/index.php?rest_route=\/wp\/v2\/pages"}],"about":[{"href":"https:\/\/www.tabanispartacus.hu\/tajfuto\/wordpress\/index.php?rest_route=\/wp\/v2\/types\/page"}],"author":[{"embeddable":true,"href":"https:\/\/www.tabanispartacus.hu\/tajfuto\/wordpress\/index.php?rest_route=\/wp\/v2\/users\/1"}],"replies":[{"embeddable":true,"href":"https:\/\/www.tabanispartacus.hu\/tajfuto\/wordpress\/index.php?rest_route=%2Fwp%2Fv2%2Fcomments&post=1279"}],"version-history":[{"count":1,"href":"https:\/\/www.tabanispartacus.hu\/tajfuto\/wordpress\/index.php?rest_route=\/wp\/v2\/pages\/1279\/revisions"}],"predecessor-version":[{"id":1280,"href":"https:\/\/www.tabanispartacus.hu\/tajfuto\/wordpress\/index.php?rest_route=\/wp\/v2\/pages\/1279\/revisions\/1280"}],"up":[{"embeddable":true,"href":"https:\/\/www.tabanispartacus.hu\/tajfuto\/wordpress\/index.php?rest_route=\/wp\/v2\/pages\/545"}],"wp:attachment":[{"href":"https:\/\/www.tabanispartacus.hu\/tajfuto\/wordpress\/index.php?rest_route=%2Fwp%2Fv2%2Fmedia&parent=1279"}],"curies":[{"name":"wp","href":"https:\/\/api.w.org\/{rel}","templated":true}]}}