{"id":1277,"date":"2012-11-14T11:12:00","date_gmt":"2012-11-14T10:12:00","guid":{"rendered":"http:\/\/www.tabanispartacus.hu\/tajfuto\/wordpress\/?page_id=1277"},"modified":"2012-11-14T11:12:00","modified_gmt":"2012-11-14T10:12:00","slug":"sajtonk-2003","status":"publish","type":"page","link":"https:\/\/www.tabanispartacus.hu\/tajfuto\/wordpress\/?page_id=1277","title":{"rendered":"Sajt\u00f3nk 2003"},"content":{"rendered":"<table style=\"width: 99%;\" border=\"1\">\n<tbody>\n<tr height=\"17\">\n<td class=\"xl22\" width=\"39\" height=\"17\"><strong>&nbsp;<\/strong><\/td>\n<td class=\"xl24\" width=\"108\"><strong>&Uacute;js&aacute;g neve, sz&aacute;ma<\/strong><\/td>\n<td class=\"xl24\" width=\"78\"><strong>oldal<\/strong><\/td>\n<td class=\"xl24\" width=\"45\"><strong>&nbsp;<\/strong><\/td>\n<td class=\"xl24\" width=\"429\"><strong>Cikk c&iacute;me<\/strong><\/td>\n<td class=\"xl24\" width=\"205\"><strong>Cikk szerz\u0151je<\/strong><\/td>\n<\/tr>\n<tr height=\"17\">\n<td class=\"xl24\" rowspan=\"7\" height=\"136\" align=\"right\">2003<\/td>\n<td class=\"xl24\">T&aacute;jol&oacute;, 2003\/3<\/td>\n<td class=\"xl26\">c&iacute;mlap<\/td>\n<td class=\"xl26\">T03\/3<\/td>\n<td class=\"xl27\"><a href=\"\/tajfuto\/sajtonk\/2003\/2003-3_1tajolo-cimlap_tspk-rajt.jpg\">C&iacute;mlap: rajt a Tavaszi Spartacus Kup&aacute;n<\/a><\/td>\n<td class=\"xl27\">&mdash;<\/td>\n<\/tr>\n<tr height=\"17\">\n<td class=\"xl24\">T&aacute;jol&oacute;, 2003\/3<\/td>\n<td class=\"xl26\">18<\/td>\n<td class=\"xl26\">T03\/3<\/td>\n<td class=\"xl25\" width=\"429\"><a href=\"\/tajfuto\/sajtonk\/2003\/2003-3_2tajolo_idenynyito-tspk.jpg\">Id&eacute;nynyit&oacute; verseny<\/a><\/td>\n<td class=\"xl27\">Heged\u0171s Zolt&aacute;n<\/td>\n<\/tr>\n<tr height=\"17\">\n<td class=\"xl24\" height=\"17\">T&aacute;jol&oacute;, 2003\/3<\/td>\n<td class=\"xl26\">19<\/td>\n<td class=\"xl26\">T03\/3<\/td>\n<td class=\"xl25\" width=\"429\"><a href=\"\/tajfuto\/sajtonk\/2003\/2003-3_2tajolo_idenynyito-tspk.jpg\">Pillanatk&eacute;pek a Tavaszi   Spartacus Kup&aacute;r&oacute;l (fot&oacute;k)<\/a><\/td>\n<td class=\"xl27\">&mdash;<\/td>\n<\/tr>\n<tr height=\"17\">\n<td class=\"xl24\">T&aacute;jol&oacute;, 2003\/3<\/td>\n<td class=\"xl26\">30<\/td>\n<td class=\"xl26\">T03\/3<\/td>\n<td class=\"xl25\" width=\"429\"><a href=\"\/tajfuto\/sajtonk\/2003\/2003-3_3tajolo_tspk-jun-lanyok2.jpg\">Junior l&aacute;nyok a Tavaszi   Spartacus Kup&aacute;n (fot&oacute;)<\/a><\/td>\n<td class=\"xl27\">&mdash;<\/td>\n<\/tr>\n<tr height=\"34\">\n<td class=\"xl24\">T&aacute;jol&oacute;, 2003\/10<\/td>\n<td class=\"xl26\">13<\/td>\n<td class=\"xl26\">T03\/10<\/td>\n<td class=\"xl25\" width=\"429\"><a href=\"\/tajfuto\/sajtonk\/2003\/2003-10_1tajolo_szezonvegi-ospk.jpg\">Szezon v&eacute;gi rangsorol&oacute;k \/ \u0150szi   Spartacus Kupa<\/a><\/td>\n<td class=\"xl25\" width=\"205\">S.A. (Schell Antal), fot&oacute; N.L.   (Nemesh&aacute;zi L&aacute;szl&oacute;)<\/td>\n<\/tr>\n<tr height=\"17\">\n<td class=\"xl24\">T&aacute;jol&oacute;, 2003\/10<\/td>\n<td class=\"xl26\">30<\/td>\n<td class=\"xl26\">T03\/10<\/td>\n<td class=\"xl25\" width=\"429\"><a href=\"\/tajfuto\/sajtonk\/2003\/2003-10_2tajolo_dkoi.jpg\">K&ouml;d &eacute;s nagy h&oacute; Dobog&oacute;k\u0151n \/ Rajt   el\u0151tt a mez\u0151ny (fot&oacute;)<\/a><\/td>\n<td class=\"xl25\" width=\"205\">&mdash;<\/td>\n<\/tr>\n<tr height=\"17\">\n<td class=\"xl24\" height=\"17\">T&aacute;jol&oacute;, 2003\/10<\/td>\n<td class=\"xl26\">31<\/td>\n<td class=\"xl26\">T03\/10<\/td>\n<td class=\"xl25\" width=\"429\"><a href=\"\/tajfuto\/sajtonk\/2003\/2003-10_2tajolo_dkoi.jpg\">Dobog&oacute;k\u0151i Hegyi Fut&oacute;verseny   (eredm&eacute;nyek is)<\/a><\/td>\n<td class=\"xl25\" width=\"205\">Schell A. (Antal)<\/td>\n<\/tr>\n<\/tbody>\n<\/table>\n","protected":false},"excerpt":{"rendered":"<p>&nbsp; &Uacute;js&aacute;g neve, sz&aacute;ma oldal &nbsp; Cikk c&iacute;me Cikk szerz\u0151je 2003 T&aacute;jol&oacute;, 2003\/3 c&iacute;mlap T03\/3 C&iacute;mlap: rajt a Tavaszi Spartacus Kup&aacute;n &mdash; T&aacute;jol&oacute;, 2003\/3 18 T03\/3 Id&eacute;nynyit&oacute; verseny Heged\u0171s Zolt&aacute;n T&aacute;jol&oacute;, 2003\/3 19 T03\/3 Pillanatk&eacute;pek a Tavaszi Spartacus Kup&aacute;r&oacute;l (fot&oacute;k) &mdash; T&aacute;jol&oacute;, 2003\/3 30 T03\/3 Junior l&aacute;nyok a Tavaszi Spartacus Kup&aacute;n (fot&oacute;) &mdash; T&aacute;jol&oacute;, 2003\/10 &hellip; <a href=\"https:\/\/www.tabanispartacus.hu\/tajfuto\/wordpress\/?page_id=1277\" class=\"more-link\"><span class=\"screen-reader-text\">Sajt\u00f3nk 2003<\/span> olvas\u00e1s\u00e1nak folytat\u00e1sa <span class=\"meta-nav\">&rarr;<\/span><\/a><\/p>\n","protected":false},"author":1,"featured_media":0,"parent":545,"menu_order":0,"comment_status":"closed","ping_status":"closed","template":"","meta":{"ngg_post_thumbnail":0},"_links":{"self":[{"href":"https:\/\/www.tabanispartacus.hu\/tajfuto\/wordpress\/index.php?rest_route=\/wp\/v2\/pages\/1277"}],"collection":[{"href":"https:\/\/www.tabanispartacus.hu\/tajfuto\/wordpress\/index.php?rest_route=\/wp\/v2\/pages"}],"about":[{"href":"https:\/\/www.tabanispartacus.hu\/tajfuto\/wordpress\/index.php?rest_route=\/wp\/v2\/types\/page"}],"author":[{"embeddable":true,"href":"https:\/\/www.tabanispartacus.hu\/tajfuto\/wordpress\/index.php?rest_route=\/wp\/v2\/users\/1"}],"replies":[{"embeddable":true,"href":"https:\/\/www.tabanispartacus.hu\/tajfuto\/wordpress\/index.php?rest_route=%2Fwp%2Fv2%2Fcomments&post=1277"}],"version-history":[{"count":1,"href":"https:\/\/www.tabanispartacus.hu\/tajfuto\/wordpress\/index.php?rest_route=\/wp\/v2\/pages\/1277\/revisions"}],"predecessor-version":[{"id":1278,"href":"https:\/\/www.tabanispartacus.hu\/tajfuto\/wordpress\/index.php?rest_route=\/wp\/v2\/pages\/1277\/revisions\/1278"}],"up":[{"embeddable":true,"href":"https:\/\/www.tabanispartacus.hu\/tajfuto\/wordpress\/index.php?rest_route=\/wp\/v2\/pages\/545"}],"wp:attachment":[{"href":"https:\/\/www.tabanispartacus.hu\/tajfuto\/wordpress\/index.php?rest_route=%2Fwp%2Fv2%2Fmedia&parent=1277"}],"curies":[{"name":"wp","href":"https:\/\/api.w.org\/{rel}","templated":true}]}}