{"id":1273,"date":"2012-11-14T11:11:17","date_gmt":"2012-11-14T10:11:17","guid":{"rendered":"http:\/\/www.tabanispartacus.hu\/tajfuto\/wordpress\/?page_id=1273"},"modified":"2012-11-14T11:11:17","modified_gmt":"2012-11-14T10:11:17","slug":"sajtonk-2005","status":"publish","type":"page","link":"https:\/\/www.tabanispartacus.hu\/tajfuto\/wordpress\/?page_id=1273","title":{"rendered":"Sajt\u00f3nk 2005"},"content":{"rendered":"<table style=\"width: 99%;\" border=\"1\">\n<tbody>\n<tr height=\"17\">\n<td class=\"xl22\" width=\"39\" height=\"17\"><strong>&nbsp;<\/strong><\/td>\n<td class=\"xl24\" width=\"108\"><strong>&Uacute;js&aacute;g neve, sz&aacute;ma<\/strong><\/td>\n<td class=\"xl24\" width=\"78\"><strong>oldal<\/strong><\/td>\n<td class=\"xl24\" width=\"45\"><strong>&nbsp;<\/strong><\/td>\n<td class=\"xl24\" width=\"429\"><strong>Cikk c&iacute;me<\/strong><\/td>\n<td class=\"xl24\" width=\"205\"><strong>Cikk szerz\u0151je<\/strong><\/td>\n<\/tr>\n<tr height=\"34\">\n<td class=\"xl24\" rowspan=\"5\" height=\"136\" align=\"right\">2005<\/td>\n<td class=\"xl24\">T&aacute;jol&oacute;, 05\/3<\/td>\n<td class=\"xl26\">c&iacute;mlap<\/td>\n<td class=\"xl26\">T05\/3<\/td>\n<td class=\"xl25\" width=\"429\"><a href=\"\/tajfuto\/sajtonk\/2005\/2005-3_1tajolo-cimlap_hob.jpg\">C&iacute;mlap: Pelyhe D&aacute;niel (SDS) az   idei feln\u0151tt hossz&uacute;t&aacute;v&uacute; orsz&aacute;gos bajnok az utols&oacute; ponton<\/a><\/td>\n<td class=\"xl25\" width=\"205\">&nbsp;<\/td>\n<\/tr>\n<tr height=\"17\">\n<td class=\"xl24\">T&aacute;jol&oacute;, 05\/3<\/td>\n<td class=\"xl26\">6&ndash;7<\/td>\n<td class=\"xl26\">T05\/3<\/td>\n<td class=\"xl24\"><a href=\"\/tajfuto\/sajtonk\/2005\/2005-3_2tajolo_hob.jpg\">Hossz&uacute;t&aacute;v&uacute; OB<\/a><\/td>\n<td class=\"xl25\" width=\"205\">Pelyhe D&aacute;niel<\/td>\n<\/tr>\n<tr height=\"17\">\n<td class=\"xl24\">T&aacute;jol&oacute;, 05\/3<\/td>\n<td class=\"xl26\">17<\/td>\n<td class=\"xl26\">T05\/3<\/td>\n<td class=\"xl24\"><a href=\"\/tajfuto\/sajtonk\/2005\/2005-3_3tajolo_kaponya_silva-dij.jpg\">Az MTFSZ k&ouml;zgy\u0171l&eacute;se \/ Balogh Tam&aacute;s Silva d&iacute;jat kapott<\/a><\/td>\n<td class=\"xl25\" width=\"205\">&nbsp;<\/td>\n<\/tr>\n<tr height=\"34\">\n<td class=\"xl24\">T&aacute;jol&oacute;, 05\/10<\/td>\n<td class=\"xl26\">(18&ndash;)19<\/td>\n<td class=\"xl26\">T05\/10<\/td>\n<td class=\"xl25\" width=\"429\"><a href=\"\/tajfuto\/sajtonk\/2005\/2005-10_1tajolo_szov-kap_kova.jpg\">Sz&ouml;vets&eacute;gi kapit&aacute;nyok \/   Ut&aacute;np&oacute;tl&aacute;s keret sz&ouml;vets&eacute;gi kapit&aacute;nya: Kov&aacute;cs Zolt&aacute;n<\/a><\/td>\n<td class=\"xl25\" width=\"205\">Hites Viktor<\/td>\n<\/tr>\n<tr height=\"34\">\n<td class=\"xl24\">T&aacute;jol&oacute;, 05\/10<\/td>\n<td class=\"xl26\">30<\/td>\n<td class=\"xl26\">T05\/10<\/td>\n<td class=\"xl25\" width=\"429\"><a href=\"\/tajfuto\/sajtonk\/2005\/2005-10_2tajolo_dkoi.jpg\">X. Dobog&oacute;k\u0151i Hegyi Fut&oacute;verseny \/   2005. november 19.<\/a><\/td>\n<td class=\"xl25\" width=\"205\">Schell Antal &eacute;s Sch&ouml;nviszky   Gy&ouml;rgy (fot&oacute;: M&aacute;th&eacute; Istv&aacute;n)<\/td>\n<\/tr>\n<\/tbody>\n<\/table>\n","protected":false},"excerpt":{"rendered":"<p>&nbsp; &Uacute;js&aacute;g neve, sz&aacute;ma oldal &nbsp; Cikk c&iacute;me Cikk szerz\u0151je 2005 T&aacute;jol&oacute;, 05\/3 c&iacute;mlap T05\/3 C&iacute;mlap: Pelyhe D&aacute;niel (SDS) az idei feln\u0151tt hossz&uacute;t&aacute;v&uacute; orsz&aacute;gos bajnok az utols&oacute; ponton &nbsp; T&aacute;jol&oacute;, 05\/3 6&ndash;7 T05\/3 Hossz&uacute;t&aacute;v&uacute; OB Pelyhe D&aacute;niel T&aacute;jol&oacute;, 05\/3 17 T05\/3 Az MTFSZ k&ouml;zgy\u0171l&eacute;se \/ Balogh Tam&aacute;s Silva d&iacute;jat kapott &nbsp; T&aacute;jol&oacute;, 05\/10 (18&ndash;)19 T05\/10 &hellip; <a href=\"https:\/\/www.tabanispartacus.hu\/tajfuto\/wordpress\/?page_id=1273\" class=\"more-link\"><span class=\"screen-reader-text\">Sajt\u00f3nk 2005<\/span> olvas\u00e1s\u00e1nak folytat\u00e1sa <span class=\"meta-nav\">&rarr;<\/span><\/a><\/p>\n","protected":false},"author":1,"featured_media":0,"parent":545,"menu_order":0,"comment_status":"closed","ping_status":"closed","template":"","meta":{"ngg_post_thumbnail":0},"_links":{"self":[{"href":"https:\/\/www.tabanispartacus.hu\/tajfuto\/wordpress\/index.php?rest_route=\/wp\/v2\/pages\/1273"}],"collection":[{"href":"https:\/\/www.tabanispartacus.hu\/tajfuto\/wordpress\/index.php?rest_route=\/wp\/v2\/pages"}],"about":[{"href":"https:\/\/www.tabanispartacus.hu\/tajfuto\/wordpress\/index.php?rest_route=\/wp\/v2\/types\/page"}],"author":[{"embeddable":true,"href":"https:\/\/www.tabanispartacus.hu\/tajfuto\/wordpress\/index.php?rest_route=\/wp\/v2\/users\/1"}],"replies":[{"embeddable":true,"href":"https:\/\/www.tabanispartacus.hu\/tajfuto\/wordpress\/index.php?rest_route=%2Fwp%2Fv2%2Fcomments&post=1273"}],"version-history":[{"count":1,"href":"https:\/\/www.tabanispartacus.hu\/tajfuto\/wordpress\/index.php?rest_route=\/wp\/v2\/pages\/1273\/revisions"}],"predecessor-version":[{"id":1274,"href":"https:\/\/www.tabanispartacus.hu\/tajfuto\/wordpress\/index.php?rest_route=\/wp\/v2\/pages\/1273\/revisions\/1274"}],"up":[{"embeddable":true,"href":"https:\/\/www.tabanispartacus.hu\/tajfuto\/wordpress\/index.php?rest_route=\/wp\/v2\/pages\/545"}],"wp:attachment":[{"href":"https:\/\/www.tabanispartacus.hu\/tajfuto\/wordpress\/index.php?rest_route=%2Fwp%2Fv2%2Fmedia&parent=1273"}],"curies":[{"name":"wp","href":"https:\/\/api.w.org\/{rel}","templated":true}]}}