{"id":1271,"date":"2012-11-14T11:10:55","date_gmt":"2012-11-14T10:10:55","guid":{"rendered":"http:\/\/www.tabanispartacus.hu\/tajfuto\/wordpress\/?page_id=1271"},"modified":"2012-11-14T11:10:55","modified_gmt":"2012-11-14T10:10:55","slug":"sajtonk-2006","status":"publish","type":"page","link":"https:\/\/www.tabanispartacus.hu\/tajfuto\/wordpress\/?page_id=1271","title":{"rendered":"Sajt\u00f3nk 2006"},"content":{"rendered":"<table style=\"width: 99%;\" border=\"1\">\n<tbody>\n<tr height=\"17\">\n<td class=\"xl22\" width=\"39\" height=\"17\"><strong>&nbsp;<\/strong><\/td>\n<td class=\"xl24\" width=\"108\"><strong>&Uacute;js&aacute;g neve, sz&aacute;ma<\/strong><\/td>\n<td class=\"xl24\" width=\"78\"><strong>oldal<\/strong><\/td>\n<td class=\"xl24\" width=\"45\"><strong>&nbsp;<\/strong><\/td>\n<td class=\"xl24\" width=\"429\"><strong>Cikk c&iacute;me<\/strong><\/td>\n<td class=\"xl24\" width=\"205\"><strong>Cikk szerz\u0151je<\/strong><\/td>\n<\/tr>\n<tr height=\"17\">\n<td class=\"xl24\" rowspan=\"21\" height=\"408\" align=\"right\">2006<\/td>\n<td class=\"xl24\">T&aacute;jol&oacute;, 06\/1<\/td>\n<td class=\"xl26\">28&ndash;29<\/td>\n<td class=\"xl26\">T06\/1<\/td>\n<td class=\"xl25\" width=\"429\"><a href=\"\/tajfuto\/sajtonk\/2006\/2006-1_1tajolo_62eb_mosa-rezes-gromek_1.jpg\">Eur&oacute;pa bajnoks&aacute;gok &ndash;   vil&aacute;gbajnoks&aacute;gok 2. Eur&oacute;pa bajnoks&aacute;g, 1964, Le Brassus, Sv&aacute;jc<\/a><\/td>\n<td class=\"xl25\" rowspan=\"2\" width=\"205\">Schell Antal (fot&oacute;k:   Monspart Sarolta, Ny&aacute;ry Tam&aacute;s)<\/td>\n<\/tr>\n<tr height=\"17\">\n<td class=\"xl24\">T&aacute;jol&oacute;, 06\/1<\/td>\n<td class=\"xl26\">30&ndash;31<\/td>\n<td class=\"xl26\">T06\/1<\/td>\n<td><a href=\"\/tajfuto\/sajtonk\/2006\/2006-1_2tajolo_62eb_mosa-rezes-gromek_2.jpg\">Eur&oacute;pa bajnoks&aacute;gok &ndash; vil&aacute;gbajnoks&aacute;gok 2. Eur&oacute;pa bajnoks&aacute;g, 1964, Le Brassus, Sv&aacute;jc<\/a><\/td>\n<\/tr>\n<tr height=\"34\">\n<td class=\"xl24\">T&aacute;jol&oacute;, 06\/3&nbsp;<\/td>\n<td class=\"xl26\">c&iacute;mlap<\/td>\n<td class=\"xl26\">T06\/3<\/td>\n<td class=\"xl25\" width=\"429\"><a href=\"\/tajfuto\/sajtonk\/2006\/2006-3_1tajolo-cimlap_tspk.jpg\">Latyakos h&oacute;ban futottak a   Budapest Nagyd&iacute;j &ndash; Tavaszi Spartacus Kupa versenyz\u0151i<\/a><\/td>\n<td class=\"xl25\" width=\"205\">&mdash;<\/td>\n<\/tr>\n<tr height=\"17\">\n<td class=\"xl24\">T&aacute;jol&oacute;, 06\/3&nbsp;<\/td>\n<td class=\"xl26\">4<\/td>\n<td class=\"xl26\">T06\/3<\/td>\n<td class=\"xl25\" width=\"429\"><a href=\"\/tajfuto\/sajtonk\/2006\/2006-3_2tajolo_tibay-up-val.jpg\">Budapest Ut&aacute;np&oacute;tl&aacute;s v&aacute;logatottja   (Tibay Ilona)<\/a><\/td>\n<td class=\"xl25\" width=\"205\">&mdash;<\/td>\n<\/tr>\n<tr height=\"17\">\n<td class=\"xl24\">T&aacute;jol&oacute;, 06\/3<\/td>\n<td class=\"xl26\">6<\/td>\n<td class=\"xl26\">T06\/3<\/td>\n<td class=\"xl25\" width=\"429\"><a href=\"\/tajfuto\/sajtonk\/2006\/2006-3_3tajolo_hob-gyzfoto.jpg\">J&oacute; &uacute;sz&oacute;k el\u0151nyben (fot&oacute;: Gyalog   Zoli patak&aacute;tkel&eacute;se a HOB-on)<\/a><\/td>\n<td class=\"xl25\" width=\"205\">&mdash;<\/td>\n<\/tr>\n<tr height=\"17\">\n<td class=\"xl24\">T&aacute;jol&oacute;, 06\/3<\/td>\n<td class=\"xl26\">26&ndash;27<\/td>\n<td class=\"xl26\">T06\/3<\/td>\n<td class=\"xl25\" width=\"429\"><a href=\"\/tajfuto\/sajtonk\/2006\/2006-3_4tajolo_68vb_mosa-rezes_1.jpg\">Vil&aacute;gbajnoks&aacute;g   Sv&eacute;dorsz&aacute;gban 1968. szeptember 28&ndash;29. Link&ouml;ping, Sv&eacute;dorsz&aacute;g<\/a><\/td>\n<td class=\"xl25\" rowspan=\"2\" width=\"205\">Schell Antal (fot&oacute;k:   Monspart Sarolta)<\/td>\n<\/tr>\n<tr height=\"17\">\n<td class=\"xl24\">T&aacute;jol&oacute;, 06\/3<\/td>\n<td class=\"xl26\">28<\/td>\n<td class=\"xl26\">T06\/3<\/td>\n<td><a href=\"\/tajfuto\/sajtonk\/2006\/2006-3_5tajolo_68vb_mosa-rezes_2.jpg\">Vil&aacute;gbajnoks&aacute;g Sv&eacute;dorsz&aacute;gban 1968. szeptember 28&ndash;29. Link&ouml;ping, Sv&eacute;dorsz&aacute;g<\/a><\/td>\n<\/tr>\n<tr height=\"17\">\n<td class=\"xl24\">T&aacute;jol&oacute;, 06\/4<\/td>\n<td class=\"xl26\">22<\/td>\n<td class=\"xl26\">T06\/4<\/td>\n<td class=\"xl25\" width=\"429\"><a href=\"\/tajfuto\/sajtonk\/2006\/2006-4_1tajolo_fotitkarokvassl.jpg\">F\u0151titk&aacute;rok. Az eddigi f\u0151titk&aacute;r:   Vass L&aacute;szl&oacute;<\/a><\/td>\n<td class=\"xl27\">Schell Antal<\/td>\n<\/tr>\n<tr height=\"17\">\n<td class=\"xl24\">T&aacute;jol&oacute;, 06\/4<\/td>\n<td class=\"xl26\">26&ndash;27<\/td>\n<td class=\"xl26\">T06\/4<\/td>\n<td class=\"xl25\" width=\"429\"><a href=\"\/tajfuto\/sajtonk\/2006\/2006-4_2tajolo_1970vb_1.jpg\">Megsz&uuml;letett az els\u0151   &eacute;rem 1970. szeptember 26&ndash;27. Friedrichroda, NDK<\/a><\/td>\n<td class=\"xl25\" rowspan=\"2\" width=\"205\">Schell Antal (fot&oacute;k:   Monspart Sarolta)<\/td>\n<\/tr>\n<tr height=\"17\">\n<td class=\"xl24\">T&aacute;jol&oacute;, 06\/4<\/td>\n<td class=\"xl26\">28&ndash;29<\/td>\n<td class=\"xl26\">T06\/4<\/td>\n<td><a href=\"\/tajfuto\/sajtonk\/2006\/2006-4_3tajolo_1970vb_2.jpg\">Megsz&uuml;letett az els\u0151 &eacute;rem 1970. szeptember 26&ndash;27. Friedrichroda, NDK<\/a><\/td>\n<\/tr>\n<tr height=\"17\">\n<td class=\"xl24\">T&aacute;jol&oacute;, 06\/5<\/td>\n<td class=\"xl26\">26&ndash;27<\/td>\n<td class=\"xl26\">T06\/5<\/td>\n<td class=\"xl25\" width=\"429\"><a href=\"\/tajfuto\/sajtonk\/2006\/2006-5_1tajolo_1972vb_1.jpg\">Minden id\u0151k   legeredm&eacute;nyesebb vil&aacute;gbajnoks&aacute;ga 1972. szeptember 12&ndash;16. Star&eacute; Splavy,   Csehszlov&aacute;kia<\/a><\/td>\n<td class=\"xl25\" rowspan=\"3\" width=\"205\">Schell   Antal&nbsp;<\/td>\n<\/tr>\n<tr height=\"17\">\n<td class=\"xl24\">T&aacute;jol&oacute;, 06\/5<\/td>\n<td class=\"xl26\">28&ndash;29<\/td>\n<td class=\"xl26\">T06\/5<\/td>\n<td><a href=\"\/tajfuto\/sajtonk\/2006\/2006-5_2tajolo_1972vb_2.jpg\">Minden id\u0151k legeredm&eacute;nyesebb vil&aacute;gbajnoks&aacute;ga 1972. szeptember 12&ndash;16. Star&eacute; Splavy, Csehszlov&aacute;kia<\/a><\/td>\n<\/tr>\n<tr height=\"17\">\n<td class=\"xl24\">T&aacute;jol&oacute;, 06\/5<\/td>\n<td class=\"xl26\">30<\/td>\n<td class=\"xl26\">T06\/5<\/td>\n<td><a href=\"\/tajfuto\/sajtonk\/2006\/2006-5_3tajolo_1972vb_3.jpg\">Minden id\u0151k legeredm&eacute;nyesebb vil&aacute;gbajnoks&aacute;ga 1972. szeptember 12&ndash;16. Star&eacute; Splavy, Csehszlov&aacute;kia<\/a><\/td>\n<\/tr>\n<tr height=\"17\">\n<td class=\"xl24\" height=\"17\">T&aacute;jol&oacute;, 06\/5<\/td>\n<td class=\"xl26\">31<\/td>\n<td class=\"xl26\">T06\/5<\/td>\n<td class=\"xl25\" width=\"429\"><a href=\"\/tajfuto\/sajtonk\/2006\/2006-5_3tajolo_1972vb_3.jpg\">Vallom&aacute;s   az 1972-es vil&aacute;gbajnoks&aacute;g kapcs&aacute;n &#8220;Ez egy &eacute;let&uacute;t, amit a VB gy\u0151zelem   form&aacute;lt&#8221;<\/a><\/td>\n<td class=\"xl25\" rowspan=\"2\" width=\"205\">Monspart Sarolta<\/td>\n<\/tr>\n<tr height=\"17\">\n<td class=\"xl24\">T&aacute;jol&oacute;, 06\/5<\/td>\n<td class=\"xl26\">32<\/td>\n<td>T06\/5<\/td>\n<td class=\"xl26\"><a href=\"\/tajfuto\/sajtonk\/2006\/2006-5_4tajolo_1972vb_4.jpg\">Vallom&aacute;s az 1972-es vil&aacute;gbajnoks&aacute;g kapcs&aacute;n &#8220;Ez egy &eacute;let&uacute;t, amit a VB gy\u0151zelem form&aacute;lt&#8221;<\/a><\/td>\n<\/tr>\n<tr height=\"17\">\n<td class=\"xl24\">T&aacute;jol&oacute;, 06\/6&nbsp;<\/td>\n<td class=\"xl26\">c&iacute;mlap<\/td>\n<td class=\"xl26\">T06\/6<\/td>\n<td class=\"xl25\" width=\"429\"><a href=\"\/tajfuto\/sajtonk\/2006\/2006-6_1tajolo-cimlap_ifieb-tibay2.jpg\">K&eacute;t ez&uuml;st&eacute;rem az Ifi EB-n (Tibay   Ilona fot&oacute;ja)<\/a><\/td>\n<td class=\"xl25\" width=\"205\">&mdash;<\/td>\n<\/tr>\n<tr height=\"17\">\n<td class=\"xl24\">T&aacute;jol&oacute;, 06\/6<\/td>\n<td class=\"xl26\">3<\/td>\n<td class=\"xl26\">T06\/6<\/td>\n<td class=\"xl25\" width=\"429\"><a href=\"\/tajfuto\/sajtonk\/2006\/2006-6_2tajolo_ifieb-tibay2.foto.jpg\">Tibay Ilona ez&uuml;st&eacute;rmes az Ifi   EB-n (a dobog&oacute;)<\/a><\/td>\n<td class=\"xl25\" width=\"205\">&mdash;<\/td>\n<\/tr>\n<tr height=\"34\">\n<td class=\"xl24\">T&aacute;jol&oacute;, 06\/6<\/td>\n<td class=\"xl26\">4&ndash;5<\/td>\n<td class=\"xl26\">T06\/6<\/td>\n<td class=\"xl25\" width=\"429\"><a href=\"\/tajfuto\/sajtonk\/2006\/2006-6_3tajolo_ifieb-tibay2.cikk.jpg\">Ifj&uacute;s&aacute;gi Eur&oacute;pa Bajnoks&aacute;g,<br \/>\n<script src=\"http:\/\/www.tabanispartacus.hu\/tinymce\/jscripts\/tiny_mce\/themes\/advanced\/langs\/en.js\" type=\"text\/javascript\"><\/script><br \/>\ncikk   (fot&oacute;n: Tibay Ilona &eacute;s edz\u0151je, Gyalog Zolt&aacute;n)<\/a><\/td>\n<td class=\"xl25\" width=\"205\">Ko&oacute;s Brigitta<\/td>\n<\/tr>\n<tr height=\"17\">\n<td class=\"xl24\">T&aacute;jol&oacute;, 06\/10<\/td>\n<td class=\"xl26\">3<\/td>\n<td class=\"xl26\">T06\/10<\/td>\n<td class=\"xl25\" width=\"429\"><a href=\"\/tajfuto\/sajtonk\/2006\/2006-10_1tajolo_ospk-foto.jpg\">Fot&oacute;: az \u0150sziSpartacus Kupa els\u0151   napi ut&oacute;ls&oacute; pontj&aacute;n (sic!)<\/a><\/td>\n<td class=\"xl25\" width=\"205\">&mdash;<\/td>\n<\/tr>\n<tr height=\"17\">\n<td class=\"xl24\">T&aacute;jol&oacute;, 06\/10<\/td>\n<td class=\"xl26\">8&ndash;9<\/td>\n<td class=\"xl26\">T06\/10<\/td>\n<td class=\"xl25\" width=\"429\"><a href=\"\/tajfuto\/sajtonk\/2006\/2006-10_2tajolo_mosa-promenadon.jpg\">Mosa a promen&aacute;don<\/a><\/td>\n<td class=\"xl25\" width=\"205\">-h&aacute;b   (Heged\u0171s &Aacute;bel)<\/td>\n<\/tr>\n<tr height=\"34\">\n<td class=\"xl24\">T&aacute;jol&oacute;, 06\/10<\/td>\n<td class=\"xl26\">h&aacute;tlap<\/td>\n<td class=\"xl26\">T06\/10<\/td>\n<td class=\"xl25\" width=\"429\"><a href=\"\/tajfuto\/sajtonk\/2006\/2006-10_3tajolo-hatlap_ospk-elit-eh.jpg\">H&aacute;ts&oacute; bor&iacute;t&oacute;: az elit kateg&oacute;ria   eredm&eacute;nyhirdet&eacute;se az \u0150szi Spartacus Kup&aacute;n<\/a><\/td>\n<td class=\"xl25\" width=\"205\">&mdash;<\/td>\n<\/tr>\n<\/tbody>\n<\/table>\n","protected":false},"excerpt":{"rendered":"<p>&nbsp; &Uacute;js&aacute;g neve, sz&aacute;ma oldal &nbsp; Cikk c&iacute;me Cikk szerz\u0151je 2006 T&aacute;jol&oacute;, 06\/1 28&ndash;29 T06\/1 Eur&oacute;pa bajnoks&aacute;gok &ndash; vil&aacute;gbajnoks&aacute;gok 2. Eur&oacute;pa bajnoks&aacute;g, 1964, Le Brassus, Sv&aacute;jc Schell Antal (fot&oacute;k: Monspart Sarolta, Ny&aacute;ry Tam&aacute;s) T&aacute;jol&oacute;, 06\/1 30&ndash;31 T06\/1 Eur&oacute;pa bajnoks&aacute;gok &ndash; vil&aacute;gbajnoks&aacute;gok 2. Eur&oacute;pa bajnoks&aacute;g, 1964, Le Brassus, Sv&aacute;jc T&aacute;jol&oacute;, 06\/3&nbsp; c&iacute;mlap T06\/3 Latyakos h&oacute;ban futottak &hellip; <a href=\"https:\/\/www.tabanispartacus.hu\/tajfuto\/wordpress\/?page_id=1271\" class=\"more-link\"><span class=\"screen-reader-text\">Sajt\u00f3nk 2006<\/span> olvas\u00e1s\u00e1nak folytat\u00e1sa <span class=\"meta-nav\">&rarr;<\/span><\/a><\/p>\n","protected":false},"author":1,"featured_media":0,"parent":545,"menu_order":0,"comment_status":"closed","ping_status":"closed","template":"","meta":{"ngg_post_thumbnail":0},"_links":{"self":[{"href":"https:\/\/www.tabanispartacus.hu\/tajfuto\/wordpress\/index.php?rest_route=\/wp\/v2\/pages\/1271"}],"collection":[{"href":"https:\/\/www.tabanispartacus.hu\/tajfuto\/wordpress\/index.php?rest_route=\/wp\/v2\/pages"}],"about":[{"href":"https:\/\/www.tabanispartacus.hu\/tajfuto\/wordpress\/index.php?rest_route=\/wp\/v2\/types\/page"}],"author":[{"embeddable":true,"href":"https:\/\/www.tabanispartacus.hu\/tajfuto\/wordpress\/index.php?rest_route=\/wp\/v2\/users\/1"}],"replies":[{"embeddable":true,"href":"https:\/\/www.tabanispartacus.hu\/tajfuto\/wordpress\/index.php?rest_route=%2Fwp%2Fv2%2Fcomments&post=1271"}],"version-history":[{"count":1,"href":"https:\/\/www.tabanispartacus.hu\/tajfuto\/wordpress\/index.php?rest_route=\/wp\/v2\/pages\/1271\/revisions"}],"predecessor-version":[{"id":1272,"href":"https:\/\/www.tabanispartacus.hu\/tajfuto\/wordpress\/index.php?rest_route=\/wp\/v2\/pages\/1271\/revisions\/1272"}],"up":[{"embeddable":true,"href":"https:\/\/www.tabanispartacus.hu\/tajfuto\/wordpress\/index.php?rest_route=\/wp\/v2\/pages\/545"}],"wp:attachment":[{"href":"https:\/\/www.tabanispartacus.hu\/tajfuto\/wordpress\/index.php?rest_route=%2Fwp%2Fv2%2Fmedia&parent=1271"}],"curies":[{"name":"wp","href":"https:\/\/api.w.org\/{rel}","templated":true}]}}