{"id":1269,"date":"2012-11-14T11:10:30","date_gmt":"2012-11-14T10:10:30","guid":{"rendered":"http:\/\/www.tabanispartacus.hu\/tajfuto\/wordpress\/?page_id=1269"},"modified":"2012-11-14T11:10:30","modified_gmt":"2012-11-14T10:10:30","slug":"sajtonk-2007","status":"publish","type":"page","link":"https:\/\/www.tabanispartacus.hu\/tajfuto\/wordpress\/?page_id=1269","title":{"rendered":"Sajt\u00f3nk 2007"},"content":{"rendered":"<table style=\"width: 99%;\" border=\"1\">\n<tbody>\n<tr height=\"17\">\n<td class=\"xl22\" width=\"39\" height=\"17\"><strong>&nbsp;<\/strong><\/td>\n<td class=\"xl24\" width=\"108\"><strong>&Uacute;js&aacute;g neve, sz&aacute;ma<\/strong><\/td>\n<td class=\"xl24\" width=\"78\"><strong>oldal<\/strong><\/td>\n<td class=\"xl24\" width=\"45\"><strong>&nbsp;<\/strong><\/td>\n<td class=\"xl24\" width=\"429\"><strong>Cikk c&iacute;me<\/strong><\/td>\n<td class=\"xl24\" width=\"205\"><strong>Cikk szerz\u0151je<\/strong><\/td>\n<\/tr>\n<tr height=\"34\">\n<td class=\"xl24\" rowspan=\"9\" height=\"255\" align=\"right\">2007<\/td>\n<td class=\"xl24\">T&aacute;jol&oacute;, 07\/1<\/td>\n<td class=\"xl26\">c&iacute;mlap<\/td>\n<td class=\"xl26\">T07\/1<\/td>\n<td class=\"xl25\" width=\"429\"><a href=\"\/tajfuto\/sajtonk\/2007\/2007-1_1tajolo_tarnatermi-svattila.jpg\">C&iacute;mlap: A Budapesti T&aacute;jfut&oacute;   Napok egyik rendezv&eacute;nye volt a T&aacute;jfut&oacute; Di&aacute;kolimpia (Sveiczer Attila)<\/a><\/td>\n<td class=\"xl25\" width=\"205\">&mdash;<\/td>\n<\/tr>\n<tr height=\"34\">\n<td class=\"xl24\">T&aacute;jol&oacute;, 07\/1<\/td>\n<td class=\"xl26\">2&ndash;3<\/td>\n<td class=\"xl26\">T07\/1<\/td>\n<td class=\"xl25\" width=\"429\">\n<script src=\"http:\/\/www.tabanispartacus.hu\/tinymce\/jscripts\/tiny_mce\/themes\/advanced\/langs\/en.js\" type=\"text\/javascript\"><\/script><br \/>\n<a href=\"\/tajfuto\/sajtonk\/2007\/2007-1_2tajolo_vassl-bptajfutosportjaert.jpg\"> Budapesti T&aacute;jfut&oacute; Napok (Vass   L&aacute;szl&oacute; &mdash; Budapest T&aacute;jfut&oacute;<br \/>\n<script src=\"http:\/\/www.tabanispartacus.hu\/tinymce\/jscripts\/tiny_mce\/themes\/advanced\/langs\/en.js\" type=\"text\/javascript\"><\/script><br \/>\nsportj&aacute;&eacute;rt d&iacute;j)<\/a><\/td>\n<td class=\"xl25\" width=\"205\">Schell Antal (fot&oacute;: Nemesh&aacute;zi   L&aacute;szl&oacute;<br \/>\n<script src=\"http:\/\/www.tabanispartacus.hu\/tinymce\/jscripts\/tiny_mce\/themes\/advanced\/langs\/en.js\" type=\"text\/javascript\"><\/script><br \/>\n)<\/td>\n<\/tr>\n<tr height=\"34\">\n<td class=\"xl24\">T&aacute;jol&oacute;, 07\/1<\/td>\n<td class=\"xl26\">6&ndash;7<\/td>\n<td class=\"xl26\">T07\/1<\/td>\n<td class=\"xl25\" width=\"429\"><a href=\"\/tajfuto\/sajtonk\/2007\/2007-1_3tajolo_mtfsz-up-tam.jpg\">Besz&aacute;mol&oacute; a sport&aacute;g<br \/>\n<script src=\"http:\/\/www.tabanispartacus.hu\/tinymce\/jscripts\/tiny_mce\/themes\/advanced\/langs\/en.js\" type=\"text\/javascript\"><\/script><br \/>\nfej<br \/>\n<script src=\"http:\/\/www.tabanispartacus.hu\/tinymce\/jscripts\/tiny_mce\/themes\/advanced\/langs\/en.js\" type=\"text\/javascript\"><\/script><br \/>\nleszt&eacute;si   d&iacute;jb&oacute;l 2006-ban megval&oacute;sult t&aacute;mogat&aacute;si programokb&oacute;l<\/a><\/td>\n<td class=\"xl25\" width=\"205\">Kov&aacute;cs Bal&aacute;zs<\/td>\n<\/tr>\n<tr height=\"17\">\n<td class=\"xl24\">T&aacute;jol&oacute;, 07\/2<\/td>\n<td class=\"xl26\">2<\/td>\n<td class=\"xl26\">T07\/2<\/td>\n<td class=\"xl25\" width=\"429\"><a href=\"\/tajfuto\/sajtonk\/2007\/2007-2_1tajolo_mosa-eletmudij.jpg\">Monspart Sarolta &eacute;letm\u0171d&iacute;jat   kapott<\/a><\/td>\n<td class=\"xl25\" width=\"205\">&mdash;<\/td>\n<\/tr>\n<tr height=\"34\">\n<td class=\"xl24\">T&aacute;jol&oacute;, 07\/2<\/td>\n<td class=\"xl26\">4<\/td>\n<td class=\"xl26\">T07\/2<\/td>\n<td class=\"xl25\" width=\"429\"><a href=\"\/tajfuto\/sajtonk\/2007\/2007-2_2tajolo_bp_up-val.jpg\">Budapest ut&aacute;np&oacute;tl&aacute;s v&aacute;logatottja   (F20 M.Viktor, F18 Fr&aacute;ter T., Vellner G., F16 T&ouml;lgyesi R., N18 Gyalog Zs.,   Tibay I.)<\/a><\/td>\n<td class=\"xl25\" width=\"205\">&mdash;<\/td>\n<\/tr>\n<tr height=\"17\">\n<td class=\"xl24\">T&aacute;jol&oacute;, 07\/3<\/td>\n<td class=\"xl26\">c&iacute;mlap<\/td>\n<td class=\"xl26\">T07\/3<\/td>\n<td class=\"xl25\" width=\"429\"><a href=\"\/tajfuto\/sajtonk\/2007\/2007-3_1tajolo-cimlap_tspk.jpg\">C&iacute;mlap: Pillanatk&eacute;p a Tavaszi   Spartacus Kup&aacute;r&oacute;l<\/a><\/td>\n<td class=\"xl25\" width=\"205\">&mdash;<\/td>\n<\/tr>\n<tr height=\"17\">\n<td class=\"xl24\">T&aacute;jol&oacute;, 07\/3<\/td>\n<td class=\"xl26\">8<\/td>\n<td class=\"xl26\">T07\/3<\/td>\n<td class=\"xl25\" width=\"429\"><a href=\"\/tajfuto\/sajtonk\/2007\/2007-3_2tajolo_csurgomisi.jpg\">Budapesti h&iacute;rek \/ Csurg&oacute; Mih&aacute;ly   1932&ndash;2007<\/a><\/td>\n<td class=\"xl25\" width=\"205\">&mdash;<\/td>\n<\/tr>\n<tr height=\"34\">\n<td class=\"xl24\">T&aacute;jol&oacute;, 07\/6<\/td>\n<td class=\"xl26\">3<\/td>\n<td class=\"xl26\">T07\/6<\/td>\n<td class=\"xl25\" width=\"429\"><a href=\"\/tajfuto\/sajtonk\/2007\/2007-6tajolo_ifieb-18valtotibay.jpg\">Ifj&uacute;s&aacute;gi Eur&oacute;pa Bajnoks&aacute;g   (fot&oacute;k) \/ Az ifi l&aacute;ny csapat: Zsigmond Vanda,&nbsp;&nbsp; Tibay Ilona, P&eacute;ley Dorka<\/a><\/td>\n<td class=\"xl25\" width=\"205\">&mdash;<\/td>\n<\/tr>\n<tr height=\"34\">\n<td class=\"xl24\">T&aacute;jol&oacute;, 07\/10<\/td>\n<td class=\"xl26\">h&aacute;tlap<\/td>\n<td class=\"xl26\">T07\/10<\/td>\n<td class=\"xl25\" width=\"429\"><a href=\"\/tajfuto\/sajtonk\/2007\/2007-10tajolo-hatlap_ospk_csaladi-dobogo.jpg\">H&aacute;ts&oacute; bor&iacute;t&oacute;:   &#8220;Csal&aacute;di&#8221; dobog&oacute; az \u0150szi Spartacus Kup&aacute;n: Heged&uuml;s Aletta, Heged&uuml;s   Andr&aacute;s, Heged&uuml;s &Aacute;gnes, Grant J&uacute;lia &eacute;s Boros Zolt&aacute;n<\/a><\/td>\n<td class=\"xl25\" width=\"205\">&mdash;<\/td>\n<\/tr>\n<\/tbody>\n<\/table>\n","protected":false},"excerpt":{"rendered":"<p>&nbsp; &Uacute;js&aacute;g neve, sz&aacute;ma oldal &nbsp; Cikk c&iacute;me Cikk szerz\u0151je 2007 T&aacute;jol&oacute;, 07\/1 c&iacute;mlap T07\/1 C&iacute;mlap: A Budapesti T&aacute;jfut&oacute; Napok egyik rendezv&eacute;nye volt a T&aacute;jfut&oacute; Di&aacute;kolimpia (Sveiczer Attila) &mdash; T&aacute;jol&oacute;, 07\/1 2&ndash;3 T07\/1 Budapesti T&aacute;jfut&oacute; Napok (Vass L&aacute;szl&oacute; &mdash; Budapest T&aacute;jfut&oacute; sportj&aacute;&eacute;rt d&iacute;j) Schell Antal (fot&oacute;: Nemesh&aacute;zi L&aacute;szl&oacute; ) T&aacute;jol&oacute;, 07\/1 6&ndash;7 T07\/1 Besz&aacute;mol&oacute; a &hellip; <a href=\"https:\/\/www.tabanispartacus.hu\/tajfuto\/wordpress\/?page_id=1269\" class=\"more-link\"><span class=\"screen-reader-text\">Sajt\u00f3nk 2007<\/span> olvas\u00e1s\u00e1nak folytat\u00e1sa <span class=\"meta-nav\">&rarr;<\/span><\/a><\/p>\n","protected":false},"author":1,"featured_media":0,"parent":545,"menu_order":0,"comment_status":"closed","ping_status":"closed","template":"","meta":{"ngg_post_thumbnail":0},"_links":{"self":[{"href":"https:\/\/www.tabanispartacus.hu\/tajfuto\/wordpress\/index.php?rest_route=\/wp\/v2\/pages\/1269"}],"collection":[{"href":"https:\/\/www.tabanispartacus.hu\/tajfuto\/wordpress\/index.php?rest_route=\/wp\/v2\/pages"}],"about":[{"href":"https:\/\/www.tabanispartacus.hu\/tajfuto\/wordpress\/index.php?rest_route=\/wp\/v2\/types\/page"}],"author":[{"embeddable":true,"href":"https:\/\/www.tabanispartacus.hu\/tajfuto\/wordpress\/index.php?rest_route=\/wp\/v2\/users\/1"}],"replies":[{"embeddable":true,"href":"https:\/\/www.tabanispartacus.hu\/tajfuto\/wordpress\/index.php?rest_route=%2Fwp%2Fv2%2Fcomments&post=1269"}],"version-history":[{"count":1,"href":"https:\/\/www.tabanispartacus.hu\/tajfuto\/wordpress\/index.php?rest_route=\/wp\/v2\/pages\/1269\/revisions"}],"predecessor-version":[{"id":1270,"href":"https:\/\/www.tabanispartacus.hu\/tajfuto\/wordpress\/index.php?rest_route=\/wp\/v2\/pages\/1269\/revisions\/1270"}],"up":[{"embeddable":true,"href":"https:\/\/www.tabanispartacus.hu\/tajfuto\/wordpress\/index.php?rest_route=\/wp\/v2\/pages\/545"}],"wp:attachment":[{"href":"https:\/\/www.tabanispartacus.hu\/tajfuto\/wordpress\/index.php?rest_route=%2Fwp%2Fv2%2Fmedia&parent=1269"}],"curies":[{"name":"wp","href":"https:\/\/api.w.org\/{rel}","templated":true}]}}