{"id":1267,"date":"2012-11-14T11:10:02","date_gmt":"2012-11-14T10:10:02","guid":{"rendered":"http:\/\/www.tabanispartacus.hu\/tajfuto\/wordpress\/?page_id=1267"},"modified":"2012-11-14T11:10:02","modified_gmt":"2012-11-14T10:10:02","slug":"sajtonk-2008","status":"publish","type":"page","link":"https:\/\/www.tabanispartacus.hu\/tajfuto\/wordpress\/?page_id=1267","title":{"rendered":"Sajt\u00f3nk 2008"},"content":{"rendered":"<table style=\"width: 99%;\" border=\"1\">\n<tbody>\n<tr height=\"17\">\n<td class=\"xl22\" width=\"39\" height=\"17\"><strong>&nbsp;<\/strong><\/td>\n<td class=\"xl24\" width=\"108\"><strong>&Uacute;js&aacute;g neve, sz&aacute;ma<\/strong><\/td>\n<td class=\"xl24\" width=\"78\"><strong>oldal<\/strong><\/td>\n<td class=\"xl24\" width=\"45\"><strong>&nbsp;<\/strong><\/td>\n<td class=\"xl24\" width=\"429\"><strong>Cikk c&iacute;me<\/strong><\/td>\n<td class=\"xl24\" width=\"205\"><strong>Cikk szerz\u0151je<\/strong><\/td>\n<\/tr>\n<tr height=\"17\">\n<td class=\"xl24\" rowspan=\"14\" height=\"323\" align=\"right\">2008<\/td>\n<td class=\"xl24\">T&aacute;jol&oacute;, 08\/1<\/td>\n<td class=\"xl26\">21<\/td>\n<td class=\"xl26\">T08\/1<\/td>\n<td class=\"xl25\" width=\"429\"><a href=\"\/tajfuto\/sajtonk\/2008\/2008-1tajolo_tajfutoklub.jpg\">A T&aacute;jfut&oacute; Klub megtartotta els\u0151   &ouml;sszej&ouml;vetel&eacute;t<\/a><\/td>\n<td class=\"xl25\" width=\"205\">&mdash;<\/td>\n<\/tr>\n<tr height=\"34\">\n<td class=\"xl24\">T&aacute;jol&oacute;, 08\/2<\/td>\n<td class=\"xl26\">8&ndash;9<\/td>\n<td class=\"xl26\">T08\/2<\/td>\n<td class=\"xl25\" width=\"429\"><a href=\"\/tajfuto\/sajtonk\/2008\/2008-2tajolo_kaponya.jpg\">Balogh Tam&aacute;s 1941&ndash;2008   (nekrol&oacute;g); Amikor a t&aacute;jfut&oacute; gyalogol (eml&eacute;kez&eacute;s)<\/a><\/td>\n<td class=\"xl25\" width=\"205\">Sch\u0151nviszky L&aacute;szl&oacute;, Balogh Tam&aacute;s<\/td>\n<\/tr>\n<tr height=\"34\">\n<td class=\"xl24\">T&aacute;jol&oacute;, 08\/3&nbsp;<\/td>\n<td class=\"xl26\">c&iacute;mlap<\/td>\n<td class=\"xl26\">T08\/3<\/td>\n<td class=\"xl25\" width=\"429\"><a href=\"\/tajfuto\/sajtonk\/2008\/2008-3_1tajolo-cimlap_tspk-gyzs.jpg\">A Tavaszi Spartacus Kupa els\u0151   napi befut&oacute;pontja (Gyalog Zsuzsi m&aacute;r Sparisk&eacute;nt, m&eacute;g NyVSC-boz&oacute;tban)<\/a><\/td>\n<td class=\"xl25\" width=\"205\">&mdash;<\/td>\n<\/tr>\n<tr height=\"17\">\n<td class=\"xl24\">T&aacute;jol&oacute;, 08\/3&nbsp;<\/td>\n<td class=\"xl26\">7<\/td>\n<td class=\"xl26\">T08\/3<\/td>\n<td class=\"xl25\" width=\"429\"><a href=\"\/tajfuto\/sajtonk\/2008\/2008-3_2tajolo_skerletzivan-dij_2008.jpg\">Skerletz Iv&aacute;n d&iacute;j &ndash; 2008 (MoSa   d&iacute;jazott, Iv&aacute;nr&oacute;l)<\/a><\/td>\n<td class=\"xl25\" width=\"205\">Monspart Sarolta<\/td>\n<\/tr>\n<tr height=\"17\">\n<td class=\"xl24\">T&aacute;jol&oacute;, 08\/3<\/td>\n<td class=\"xl26\">8&ndash;9<\/td>\n<td class=\"xl26\">T08\/3<\/td>\n<td class=\"xl25\" width=\"429\"><a href=\"\/tajfuto\/sajtonk\/2008\/2008-3_3tajolo_tspk-cikk.jpg\">&Uacute;jra a V&eacute;rtesben &ndash; Tavaszi   Spartacus Kupa 2008 (versenybesz&aacute;mol&oacute;)<\/a><\/td>\n<td class=\"xl25\" width=\"205\">Zentai L&aacute;szl&oacute;<\/td>\n<\/tr>\n<tr height=\"17\">\n<td class=\"xl24\">T&aacute;jol&oacute;, 08\/5<\/td>\n<td class=\"xl26\">29<\/td>\n<td class=\"xl26\">T08\/5<\/td>\n<td class=\"xl25\" width=\"429\"><a href=\"\/tajfuto\/sajtonk\/2008\/2008-5tajolo_tsp-up-etabor.jpg\">T&aacute;jfut&oacute; Ut&aacute;np&oacute;tl&aacute;s Edz\u0151t&aacute;bor<\/a><\/td>\n<td class=\"xl25\" width=\"205\">&mdash;<\/td>\n<\/tr>\n<tr height=\"17\">\n<td class=\"xl24\">T&aacute;jol&oacute;, 08\/10&nbsp;<\/td>\n<td class=\"xl26\">c&iacute;mlap<\/td>\n<td class=\"xl26\">T08\/10<\/td>\n<td class=\"xl25\" width=\"429\"><a href=\"\/tajfuto\/sajtonk\/2008\/2008-10_1tajolo-cimlap_ospk.jpg\">Az 56. \u0150szi Spartacus Kupa   utols&oacute; pontja<\/a><\/td>\n<td class=\"xl25\" width=\"205\">&mdash;<\/td>\n<\/tr>\n<tr height=\"17\">\n<td class=\"xl24\">T&aacute;jol&oacute;, 08\/10<\/td>\n<td class=\"xl26\">6&ndash;7<\/td>\n<td class=\"xl26\">T08\/10<\/td>\n<td class=\"xl25\" width=\"429\"><a href=\"\/tajfuto\/sajtonk\/2008\/2008-10_2tajolo_ospk.jpg\">\u0150szi Spartacus Kupa &#8211; Ismert   terep mellett rangos, j&oacute; verseny volt<\/a><\/td>\n<td class=\"xl25\" width=\"205\">Popey (Zentay J&oacute;zsef)<\/td>\n<\/tr>\n<tr height=\"51\">\n<td class=\"xl24\">T&aacute;jol&oacute;, 08\/10<\/td>\n<td class=\"xl26\">12<\/td>\n<td class=\"xl26\">T08\/10<\/td>\n<td class=\"xl25\" width=\"429\"><a href=\"\/tajfuto\/sajtonk\/2008\/2008-10_3tajolo_dkoi.jpg\">H&oacute;es&eacute;sben versenyeztek a XIII.   Dobog&oacute;k\u0151i Hegyifut&oacute; Versenyen<\/a><\/td>\n<td class=\"xl25\" width=\"205\">Sch\u0151nviszky L&aacute;szl&oacute; (fot&oacute;: Zai   B&aacute;lint, Gyalog L&aacute;szl&oacute;, Sch\u0151nviszky L&aacute;szl&oacute;)<\/td>\n<\/tr>\n<tr height=\"17\">\n<td class=\"xl24\">T&aacute;jol&oacute;, 08\/10<\/td>\n<td class=\"xl26\">20&ndash;21<\/td>\n<td class=\"xl26\">T08\/10<\/td>\n<td class=\"xl25\" width=\"429\"><a href=\"\/tajfuto\/sajtonk\/2008\/2008-10_4tajolo_rezes70_1.jpg\">Sch&ouml;nviszky Gy&ouml;rgy 70   &eacute;ves<\/a><\/td>\n<td class=\"xl25\" rowspan=\"2\" width=\"205\">Boz&aacute;n Gy&ouml;rgy<\/td>\n<\/tr>\n<tr height=\"17\">\n<td class=\"xl24\">T&aacute;jol&oacute;, 08\/10<\/td>\n<td class=\"xl26\">22&ndash;23<\/td>\n<td class=\"xl26\">T08\/10<\/td>\n<td><a href=\"\/tajfuto\/sajtonk\/2008\/2008-10_4tajolo_rezes70_2.jpg\">Sch&ouml;nviszky Gy&ouml;rgy 70 &eacute;ves<\/a><\/td>\n<\/tr>\n<tr height=\"17\">\n<td class=\"xl24\">V&aacute;rnegyed, 2008.12.05.&nbsp;<\/td>\n<td class=\"xl26\">2<\/td>\n<td class=\"xl26\">V08-12<\/td>\n<td class=\"xl25\" width=\"429\"><a href=\"\/tajfuto\/sajtonk\/2008\/20081205varnegyed_egeszs-monsp-sar-val.jpg\">Eg&eacute;szs&eacute;g&uuml;nkre Monspart   Sarolt&aacute;val<\/a><\/td>\n<td class=\"xl25\" width=\"205\">K. &Aacute;.<\/td>\n<\/tr>\n<tr height=\"17\">\n<td class=\"xl24\" colspan=\"2\">Helyi T&eacute;ma, I.ker&uuml;let;   2008.09.17.<\/td>\n<td class=\"xl26\">H08-09<\/td>\n<td class=\"xl25\" width=\"429\"><a href=\"\/tajfuto\/sajtonk\/2008\/20080917helyitema_monsp-s-megmozgatja.jpg\">Monspart Sarolta megmozgatja a   sz&eacute;pkor&uacute;akat<\/a><\/td>\n<td class=\"xl25\" width=\"205\">Udvardi<\/td>\n<\/tr>\n<tr height=\"34\">\n<td class=\"xl24\">Helyi T&eacute;ma, I.ker&uuml;let; 2008.12.10.<\/td>\n<td class=\"xl26\">8<\/td>\n<td class=\"xl26\">H08-12<\/td>\n<td class=\"xl25\" width=\"429\"><a href=\"\/tajfuto\/sajtonk\/2008\/20081210helyitema_taj-terepfutas_kerekp-gyalog.jpg\">T&aacute;j- &eacute;s terepfut&aacute;s ker&eacute;kp&aacute;ron &eacute;s   gyalogosan<\/a><\/td>\n<td class=\"xl25\" width=\"205\">Gy. L. (Gyalog L&aacute;szl&oacute;)&nbsp;&nbsp;&nbsp;&nbsp;&nbsp;&nbsp;&nbsp;&nbsp;&nbsp;&nbsp;&nbsp;&nbsp; megj.: c&iacute;met az &uacute;js&aacute;g&iacute;r&oacute; adott<\/td>\n<\/tr>\n<\/tbody>\n<\/table>\n","protected":false},"excerpt":{"rendered":"<p>&nbsp; &Uacute;js&aacute;g neve, sz&aacute;ma oldal &nbsp; Cikk c&iacute;me Cikk szerz\u0151je 2008 T&aacute;jol&oacute;, 08\/1 21 T08\/1 A T&aacute;jfut&oacute; Klub megtartotta els\u0151 &ouml;sszej&ouml;vetel&eacute;t &mdash; T&aacute;jol&oacute;, 08\/2 8&ndash;9 T08\/2 Balogh Tam&aacute;s 1941&ndash;2008 (nekrol&oacute;g); Amikor a t&aacute;jfut&oacute; gyalogol (eml&eacute;kez&eacute;s) Sch\u0151nviszky L&aacute;szl&oacute;, Balogh Tam&aacute;s T&aacute;jol&oacute;, 08\/3&nbsp; c&iacute;mlap T08\/3 A Tavaszi Spartacus Kupa els\u0151 napi befut&oacute;pontja (Gyalog Zsuzsi m&aacute;r Sparisk&eacute;nt, m&eacute;g &hellip; <a href=\"https:\/\/www.tabanispartacus.hu\/tajfuto\/wordpress\/?page_id=1267\" class=\"more-link\"><span class=\"screen-reader-text\">Sajt\u00f3nk 2008<\/span> olvas\u00e1s\u00e1nak folytat\u00e1sa <span class=\"meta-nav\">&rarr;<\/span><\/a><\/p>\n","protected":false},"author":1,"featured_media":0,"parent":545,"menu_order":0,"comment_status":"closed","ping_status":"closed","template":"","meta":{"ngg_post_thumbnail":0},"_links":{"self":[{"href":"https:\/\/www.tabanispartacus.hu\/tajfuto\/wordpress\/index.php?rest_route=\/wp\/v2\/pages\/1267"}],"collection":[{"href":"https:\/\/www.tabanispartacus.hu\/tajfuto\/wordpress\/index.php?rest_route=\/wp\/v2\/pages"}],"about":[{"href":"https:\/\/www.tabanispartacus.hu\/tajfuto\/wordpress\/index.php?rest_route=\/wp\/v2\/types\/page"}],"author":[{"embeddable":true,"href":"https:\/\/www.tabanispartacus.hu\/tajfuto\/wordpress\/index.php?rest_route=\/wp\/v2\/users\/1"}],"replies":[{"embeddable":true,"href":"https:\/\/www.tabanispartacus.hu\/tajfuto\/wordpress\/index.php?rest_route=%2Fwp%2Fv2%2Fcomments&post=1267"}],"version-history":[{"count":1,"href":"https:\/\/www.tabanispartacus.hu\/tajfuto\/wordpress\/index.php?rest_route=\/wp\/v2\/pages\/1267\/revisions"}],"predecessor-version":[{"id":1268,"href":"https:\/\/www.tabanispartacus.hu\/tajfuto\/wordpress\/index.php?rest_route=\/wp\/v2\/pages\/1267\/revisions\/1268"}],"up":[{"embeddable":true,"href":"https:\/\/www.tabanispartacus.hu\/tajfuto\/wordpress\/index.php?rest_route=\/wp\/v2\/pages\/545"}],"wp:attachment":[{"href":"https:\/\/www.tabanispartacus.hu\/tajfuto\/wordpress\/index.php?rest_route=%2Fwp%2Fv2%2Fmedia&parent=1267"}],"curies":[{"name":"wp","href":"https:\/\/api.w.org\/{rel}","templated":true}]}}