{"id":1265,"date":"2012-11-14T11:07:53","date_gmt":"2012-11-14T10:07:53","guid":{"rendered":"http:\/\/www.tabanispartacus.hu\/tajfuto\/wordpress\/?page_id=1265"},"modified":"2012-11-14T11:07:53","modified_gmt":"2012-11-14T10:07:53","slug":"sajtonk-2009","status":"publish","type":"page","link":"https:\/\/www.tabanispartacus.hu\/tajfuto\/wordpress\/?page_id=1265","title":{"rendered":"Sajt\u00f3nk 2009"},"content":{"rendered":"<table style=\"width: 99%;\" border=\"1\">\n<tbody>\n<tr height=\"17\">\n<td class=\"xl22\" width=\"39\" height=\"17\"><strong>&nbsp;<\/strong><\/td>\n<td class=\"xl24\" width=\"108\"><strong>&Uacute;js&aacute;g neve, sz&aacute;ma<\/strong><\/td>\n<td class=\"xl24\" width=\"78\"><strong>oldal<\/strong><\/td>\n<td class=\"xl24\" width=\"45\"><strong>&nbsp;<\/strong><\/td>\n<td class=\"xl24\" width=\"429\"><strong>Cikk c&iacute;me<\/strong><\/td>\n<td class=\"xl24\" width=\"205\"><strong>Cikk szerz\u0151je<\/strong><\/td>\n<\/tr>\n<tr height=\"17\">\n<td class=\"xl24\" rowspan=\"25\" height=\"612\" align=\"right\">2009<\/td>\n<td class=\"xl24\">T&aacute;jol&oacute;, 09\/1<\/td>\n<td class=\"xl26\">12&ndash;13<\/td>\n<td class=\"xl26\">T09\/1<\/td>\n<td class=\"xl25\" width=\"429\"><a href=\"\/tajfuto\/sajtonk\/2009\/2009-1_1tajolo_sportagfejl.jpg\">Sportfejleszt&eacute;s, di&aacute;kt&aacute;jfut&aacute;s   (2008. &eacute;vi t&aacute;mogat&aacute;sok)<\/a><\/td>\n<td class=\"xl25\" width=\"205\">Kov&aacute;cs Bal&aacute;zs<\/td>\n<\/tr>\n<tr height=\"17\">\n<td class=\"xl24\">T&aacute;jol&oacute;, 09\/1<\/td>\n<td class=\"xl26\">30&ndash;31<\/td>\n<td class=\"xl26\">T09\/1<\/td>\n<td class=\"xl25\" width=\"429\"><a href=\"\/tajfuto\/sajtonk\/2009\/2009-1_2tajolo_vertes-gyongyszem.jpg\">A V&eacute;rtes &uacute;jabb gy&ouml;ngyszeme <\/a><br \/>\n<script src=\"http:\/\/www.tabanispartacus.hu\/tinymce\/jscripts\/tiny_mce\/themes\/advanced\/langs\/en.js\" type=\"text\/javascript\"><\/script>\n<\/td>\n<td class=\"xl25\" width=\"205\">Sch&ouml;nviszky Gy&ouml;rgy<\/td>\n<\/tr>\n<tr height=\"51\">\n<td class=\"xl24\">T&aacute;jol&oacute;, 09\/2<\/td>\n<td class=\"xl26\">3<\/td>\n<td class=\"xl26\">T09\/2<\/td>\n<td class=\"xl25\" width=\"429\"><a href=\"\/tajfuto\/sajtonk\/2009\/2009-2_1tajolo_bp-val-program.jpg\">A Budapest v&aacute;logatott 2009. &eacute;vi   programja (A: Liszka K., B: Bal&aacute;zs Ot&iacute;lia, T&ouml;lgyesi Blanka; C: Peregi D&aacute;niel,   Sulyok &Aacute;bel, Peregi D&aacute;vid, Oszk&oacute; Attila, Bug&aacute;r Gergely)<\/a><\/td>\n<td class=\"xl25\" width=\"205\">&mdash;<\/td>\n<\/tr>\n<tr height=\"34\">\n<td class=\"xl24\">T&aacute;jol&oacute;, 09\/2<\/td>\n<td class=\"xl26\">11<\/td>\n<td class=\"xl26\">T09\/2<\/td>\n<td class=\"xl25\" width=\"429\"><a href=\"\/tajfuto\/sajtonk\/2009\/2009-2_2tajolo_dkoi-horvathimi-1.jpg\">Az&eacute;rt a vakmer\u0151s&eacute;gnek is van   hat&aacute;ra, vagy nincs? (&eacute;lm&eacute;nyek a dobog&oacute;k\u0151i Hegyi Maratonr&oacute;l), 1. oldal<\/a><\/td>\n<td class=\"xl25\" width=\"205\">Horv&aacute;th Imre<\/td>\n<\/tr>\n<tr height=\"34\">\n<td class=\"xl24\">T&aacute;jol&oacute;, 09\/2<\/td>\n<td class=\"xl26\">12&ndash;13<\/td>\n<td class=\"xl26\">T09\/2<\/td>\n<td class=\"xl25\" width=\"429\"><a href=\"\/tajfuto\/sajtonk\/2009\/2009-2_3tajolo_dkoi-horvathimi-2.jpg\">Az&eacute;rt a vakmer\u0151s&eacute;gnek is van   hat&aacute;ra, vagy nincs? (&eacute;lm&eacute;nyek a dobog&oacute;k\u0151i Hegyi Maratonr&oacute;l), 2&ndash;3. oldal<\/a><\/td>\n<td class=\"xl25\" width=\"205\">Horv&aacute;th Imre<\/td>\n<\/tr>\n<tr height=\"17\">\n<td class=\"xl24\">T&aacute;jol&oacute;, 09\/3<\/td>\n<td class=\"xl26\">28<\/td>\n<td class=\"xl26\">T09\/3<\/td>\n<td class=\"xl25\" width=\"429\"><a href=\"\/tajfuto\/sajtonk\/2009\/2009-3_1tajolo_tspk.jpg\">Tavaszi Spartacus Kupa, Budapest   norm&aacute;lt&aacute;v&uacute; Bajnoks&aacute;ga<\/a><\/td>\n<td class=\"xl25\" width=\"205\">S.A. (Schell Antal)<\/td>\n<\/tr>\n<tr height=\"17\">\n<td class=\"xl24\" height=\"17\">T&aacute;jol&oacute;, 09\/3<\/td>\n<td class=\"xl26\">29<\/td>\n<td class=\"xl26\">T09\/3<\/td>\n<td class=\"xl25\" width=\"429\"><a href=\"\/tajfuto\/sajtonk\/2009\/2009-3_1tajolo_tspk.jpg\">Rendhagy&oacute; v&eacute;lem&eacute;ny a legifjabbak   Budapest bajnoks&aacute;g&aacute;r&oacute;l<\/a><\/td>\n<td class=\"xl25\" width=\"205\">Bajusz (Szeredai L&aacute;szl&oacute;)<\/td>\n<\/tr>\n<tr height=\"17\">\n<td class=\"xl24\">T&aacute;jol&oacute;, 09\/3<\/td>\n<td class=\"xl26\">30&ndash;31<\/td>\n<td class=\"xl26\">T09\/3<\/td>\n<td class=\"xl25\" width=\"429\"><a href=\"\/tajfuto\/sajtonk\/2009\/2009-3_2tajolo_tspk_m21a-terkep.jpg\">T&eacute;rk&eacute;p (Szentgy&ouml;rgyv&aacute;r \u0151rh. &#8211;   K&aacute;polna-tet\u0151, M21A 1. napi p&aacute;ly&aacute;j&aacute;val)<\/a><\/td>\n<td class=\"xl25\" width=\"205\">&mdash;<\/td>\n<\/tr>\n<tr height=\"17\">\n<td class=\"xl24\">T&aacute;jol&oacute;, 09\/3<\/td>\n<td class=\"xl26\">h&aacute;tlap<\/td>\n<td class=\"xl26\">T09\/3<\/td>\n<td class=\"xl25\" width=\"429\"><a href=\"\/tajfuto\/sajtonk\/2009\/2009-3_3tajolo-hatlap_tspk-befuto.jpg\">A Tavaszi Spartacus Kupa   befut&oacute;ja<\/a><\/td>\n<td class=\"xl25\" width=\"205\">&mdash;<\/td>\n<\/tr>\n<tr height=\"34\">\n<td class=\"xl24\">T&aacute;jol&oacute;, 09\/5<\/td>\n<td class=\"xl26\">4<\/td>\n<td class=\"xl26\">T09\/5<\/td>\n<td class=\"xl25\" width=\"429\"><a href=\"\/tajfuto\/sajtonk\/2009\/2009-5_1tajolo_pcsb_n20csapat.jpg\">Pontbegy\u0171jt\u0151   CSB (fot&oacute;n: Az N20 eredm&eacute;nyhirdet&eacute;se [I. SPA: Gyalog Zs&oacute;fi, Oszk&oacute; D&oacute;ri,   N&eacute;meth Luca])&nbsp;<\/a><\/td>\n<td class=\"xl25\" width=\"205\">&mdash;<\/td>\n<\/tr>\n<tr height=\"34\">\n<td class=\"xl24\">T&aacute;jol&oacute;, 09\/5<\/td>\n<td class=\"xl26\">5<\/td>\n<td class=\"xl26\">T09\/5<\/td>\n<td class=\"xl25\" width=\"429\"><a href=\"\/tajfuto\/sajtonk\/2009\/2009-5_2tajolo_oeb_gyzs-gyl.jpg\">&Eacute;OB 2009. a meglepet&eacute;sek   versenye (fot&oacute;n: Gyalog L&aacute;szl&oacute; (T&oacute;dor), Makrai &Eacute;vi, Zsebeh&aacute;zi Eszter &eacute;s   Gyalog Zsuzsi&hellip;)<\/a><\/td>\n<td class=\"xl25\" width=\"205\">&mdash;<\/td>\n<\/tr>\n<tr height=\"17\">\n<td class=\"xl24\">T&aacute;jol&oacute;, 09\/5<\/td>\n<td class=\"xl26\">14&ndash;15<\/td>\n<td class=\"xl26\">T09\/5<\/td>\n<td class=\"xl25\" width=\"429\"><a href=\"\/tajfuto\/sajtonk\/2009\/2009-5_3tajolo_skerletz.jpg\">Egy &eacute;let&uacute;t n&eacute;h&aacute;ny k&eacute;pben   elbesz&eacute;lve (eml&eacute;kez&eacute;s Skerletz Iv&aacute;nra)<\/a><\/td>\n<td class=\"xl25\" width=\"205\">&mdash;<\/td>\n<\/tr>\n<tr height=\"17\">\n<td class=\"xl24\">T&aacute;jol&oacute;, 09\/5<\/td>\n<td class=\"xl26\">18&ndash;19<\/td>\n<td class=\"xl26\">T09\/5<\/td>\n<td class=\"xl25\" width=\"429\"><a href=\"\/tajfuto\/sajtonk\/2009\/2009-5_4tajolo_nyari-up-etaborok_1.jpg\">Ny&aacute;ri ut&aacute;np&oacute;tl&aacute;s   edz\u0151t&aacute;borok (SPA 1, 2)<\/a><\/td>\n<td class=\"xl25\" rowspan=\"2\" width=\"205\">&mdash;<\/td>\n<\/tr>\n<tr height=\"17\">\n<td class=\"xl24\">T&aacute;jol&oacute;, 09\/5<\/td>\n<td class=\"xl26\">20<\/td>\n<td class=\"xl26\">T09\/5<\/td>\n<td><a href=\"\/tajfuto\/sajtonk\/2009\/2009-5_5tajolo_nyari-up-etaborok_2.jpg\">Ny&aacute;ri ut&aacute;np&oacute;tl&aacute;s edz\u0151t&aacute;borok (SPA 1, 2)<\/a><\/td>\n<\/tr>\n<tr height=\"17\">\n<td class=\"xl24\">T&aacute;jol&oacute;, 09\/9<\/td>\n<td class=\"xl26\">c&iacute;mlap<\/td>\n<td class=\"xl26\">T09\/9<\/td>\n<td class=\"xl25\" width=\"429\"><a href=\"\/tajfuto\/sajtonk\/2009\/2009-9_1tajolo-cimlap_oevrajt-zviktor.jpg\">Orsz&aacute;gos Egyes&uuml;leti   V&aacute;lt&oacute;bajnoks&aacute;g rajtja (Zacher Viktor)<\/a><\/td>\n<td class=\"xl25\" width=\"205\">&mdash;<\/td>\n<\/tr>\n<tr height=\"34\">\n<td class=\"xl24\">T&aacute;jol&oacute;, 09\/9<\/td>\n<td class=\"xl26\">19<\/td>\n<td class=\"xl26\">T09\/9<\/td>\n<td class=\"xl25\" width=\"429\"><a href=\"\/tajfuto\/sajtonk\/2009\/2009-9_2tajolo_maki.jpg\">&Oacute;hegyi Albin 1937&ndash;2009   (nekrol&oacute;g)<\/a><\/td>\n<td class=\"xl25\" width=\"205\">Pataki Zsolt, Jozs&oacute; (Sch\u0151nviszky   L&aacute;szl&oacute;), &Oacute;hegyi Albin, alias Maki<\/td>\n<\/tr>\n<tr height=\"34\">\n<td class=\"xl24\">T&aacute;jol&oacute;, 09\/10<\/td>\n<td class=\"xl26\">c&iacute;mlap<\/td>\n<td class=\"xl26\">T09\/10<\/td>\n<td class=\"xl25\" width=\"429\"><a href=\"\/tajfuto\/sajtonk\/2009\/2009-10_1tajolo-cimlap_ospk-befuto.jpg\">Az \u0150szi Spartacus Kupa 2. napj&aacute;n   meredek domboldalon kellett az utols&oacute; pontr&oacute;l lefutni<\/a><\/td>\n<td class=\"xl25\" width=\"205\">&mdash;<\/td>\n<\/tr>\n<tr height=\"17\">\n<td class=\"xl24\">T&aacute;jol&oacute;, 09\/10<\/td>\n<td class=\"xl26\">2&ndash;3<\/td>\n<td class=\"xl26\">T09\/10<\/td>\n<td class=\"xl25\" width=\"429\"><a href=\"\/tajfuto\/sajtonk\/2009\/2009-10_2tajolo_ospk.jpg\">57. \u0150szi Spartacus Kupa   (f&eacute;nyk&eacute;pes versenybesz&aacute;mol&oacute;)<\/a><\/td>\n<td class=\"xl25\" width=\"205\">fot&oacute;: Nemesh&aacute;zi L&aacute;szl&oacute;<\/td>\n<\/tr>\n<tr height=\"51\">\n<td class=\"xl24\">T&aacute;jol&oacute;, 09\/10<\/td>\n<td class=\"xl26\">12<\/td>\n<td class=\"xl26\">T09\/10<\/td>\n<td class=\"xl25\" width=\"429\"><a href=\"\/tajfuto\/sajtonk\/2009\/2009-10_3tajolo_dkoi.jpg\">XIV. Dobog&oacute;k\u0151i Hegyi Fut&oacute;verseny<\/a><\/td>\n<td class=\"xl25\" width=\"205\">Gyalog L&aacute;szl&oacute; &eacute;s Gyalog Zoli   (fot&oacute;: M&aacute;th&eacute; Istv&aacute;n &eacute;s Gyalog L&aacute;szl&oacute;)<\/td>\n<\/tr>\n<tr height=\"17\">\n<td class=\"xl24\">V&aacute;rnegyed, 2009.01.30.&nbsp;<\/td>\n<td class=\"xl26\">6<\/td>\n<td class=\"xl26\">V09-01<\/td>\n<td class=\"xl25\" width=\"429\"><a href=\"\/tajfuto\/sajtonk\/2009\/20090130varnegyed_tiz-bajnoki-erem.jpg\">Besz&eacute;lget&eacute;s a tab&aacute;ni t&aacute;jfut&oacute;k   edz\u0151j&eacute;vel: T&iacute;z bajnoki &eacute;rem a c&eacute;l<\/a><\/td>\n<td class=\"xl25\" width=\"205\">Dobr&oacute;ka Anett<\/td>\n<\/tr>\n<tr height=\"17\">\n<td class=\"xl24\">V&aacute;rnegyed, 2009.05.22.<\/td>\n<td class=\"xl26\">6<\/td>\n<td class=\"xl26\">V09-05<\/td>\n<td class=\"xl25\" width=\"429\"><a href=\"\/tajfuto\/sajtonk\/2009\/20090522varnegyed_bem-lisznyaiban.jpg\">T&aacute;jfut&oacute; bemutat&oacute; a Lisznyaiban<\/a><\/td>\n<td class=\"xl25\" width=\"205\">(Gyalog L&aacute;szl&oacute;)<\/td>\n<\/tr>\n<tr height=\"17\">\n<td class=\"xl24\" colspan=\"2\">V&aacute;rnegyed, 2009.07.10.<\/td>\n<td class=\"xl26\">V09-07<\/td>\n<td class=\"xl25\" width=\"429\"><a href=\"\/tajfuto\/sajtonk\/2009\/20090710varnegyed_tajfuto-sikerek_gyl.jpg\">T&aacute;jfut&oacute;-sikerek<\/a><\/td>\n<td class=\"xl25\" width=\"205\">Gy. L. (Gyalog L&aacute;szl&oacute;)<\/td>\n<\/tr>\n<tr height=\"34\">\n<td class=\"xl24\">Helyi T&eacute;ma, I.ker&uuml;let; 2009.11.11.<\/td>\n<td class=\"xl26\">8<\/td>\n<td class=\"xl26\">H09-11<\/td>\n<td class=\"xl25\" width=\"429\"><a href=\"\/tajfuto\/sajtonk\/2009\/20091111helyitema_i.ker_maki.jpg\">A T&uacute;lvil&aacute;gi Spartacusban fut   tov&aacute;bb &Oacute;hegyi Albin (nekrol&oacute;g &Oacute;hegyi Albinr&oacute;l)<\/a><\/td>\n<td class=\"xl25\" width=\"205\">Feh&eacute;r Gy&ouml;rgy<\/td>\n<\/tr>\n<tr height=\"17\">\n<td class=\"xl24\">V&aacute;rnegyed, 2009.11.20.<\/td>\n<td class=\"xl26\">6<\/td>\n<td class=\"xl26\">V09-11<\/td>\n<td class=\"xl25\" width=\"429\"><a href=\"\/tajfuto\/sajtonk\/2009\/20091120varnegyed_sikeres-oszi-versenyek.jpg\">Sikeres \u0151szi versenyek a   t&aacute;jfut&oacute;kn&aacute;l<\/a><\/td>\n<td class=\"xl25\" width=\"205\">Gyalog   Zolt&aacute;n&nbsp;<\/td>\n<\/tr>\n<tr height=\"17\">\n<td class=\"xl24\">Helyi T&eacute;ma, I.ker&uuml;let; 2009.12.16.<\/td>\n<td class=\"xl26\">8<\/td>\n<td class=\"xl26\">H09-12<\/td>\n<td class=\"xl25\" width=\"429\"><a href=\"\/tajfuto\/sajtonk\/2009\/20091216helyitema_i.ker_bajn-ermek.jpg\">Bajnoki   arany&eacute;rmek t&ouml;meg&eacute;t szerezt&eacute;k id&eacute;n a t&aacute;jfut&oacute;k<\/a>&nbsp;<\/td>\n<td class=\"xl25\" width=\"205\">Feh&eacute;r Gy&ouml;rgy<\/td>\n<\/tr>\n<\/tbody>\n<\/table>\n","protected":false},"excerpt":{"rendered":"<p>&nbsp; &Uacute;js&aacute;g neve, sz&aacute;ma oldal &nbsp; Cikk c&iacute;me Cikk szerz\u0151je 2009 T&aacute;jol&oacute;, 09\/1 12&ndash;13 T09\/1 Sportfejleszt&eacute;s, di&aacute;kt&aacute;jfut&aacute;s (2008. &eacute;vi t&aacute;mogat&aacute;sok) Kov&aacute;cs Bal&aacute;zs T&aacute;jol&oacute;, 09\/1 30&ndash;31 T09\/1 A V&eacute;rtes &uacute;jabb gy&ouml;ngyszeme Sch&ouml;nviszky Gy&ouml;rgy T&aacute;jol&oacute;, 09\/2 3 T09\/2 A Budapest v&aacute;logatott 2009. &eacute;vi programja (A: Liszka K., B: Bal&aacute;zs Ot&iacute;lia, T&ouml;lgyesi Blanka; C: Peregi D&aacute;niel, Sulyok &Aacute;bel, &hellip; <a href=\"https:\/\/www.tabanispartacus.hu\/tajfuto\/wordpress\/?page_id=1265\" class=\"more-link\"><span class=\"screen-reader-text\">Sajt\u00f3nk 2009<\/span> olvas\u00e1s\u00e1nak folytat\u00e1sa <span class=\"meta-nav\">&rarr;<\/span><\/a><\/p>\n","protected":false},"author":1,"featured_media":0,"parent":545,"menu_order":0,"comment_status":"closed","ping_status":"closed","template":"","meta":{"ngg_post_thumbnail":0},"_links":{"self":[{"href":"https:\/\/www.tabanispartacus.hu\/tajfuto\/wordpress\/index.php?rest_route=\/wp\/v2\/pages\/1265"}],"collection":[{"href":"https:\/\/www.tabanispartacus.hu\/tajfuto\/wordpress\/index.php?rest_route=\/wp\/v2\/pages"}],"about":[{"href":"https:\/\/www.tabanispartacus.hu\/tajfuto\/wordpress\/index.php?rest_route=\/wp\/v2\/types\/page"}],"author":[{"embeddable":true,"href":"https:\/\/www.tabanispartacus.hu\/tajfuto\/wordpress\/index.php?rest_route=\/wp\/v2\/users\/1"}],"replies":[{"embeddable":true,"href":"https:\/\/www.tabanispartacus.hu\/tajfuto\/wordpress\/index.php?rest_route=%2Fwp%2Fv2%2Fcomments&post=1265"}],"version-history":[{"count":1,"href":"https:\/\/www.tabanispartacus.hu\/tajfuto\/wordpress\/index.php?rest_route=\/wp\/v2\/pages\/1265\/revisions"}],"predecessor-version":[{"id":1266,"href":"https:\/\/www.tabanispartacus.hu\/tajfuto\/wordpress\/index.php?rest_route=\/wp\/v2\/pages\/1265\/revisions\/1266"}],"up":[{"embeddable":true,"href":"https:\/\/www.tabanispartacus.hu\/tajfuto\/wordpress\/index.php?rest_route=\/wp\/v2\/pages\/545"}],"wp:attachment":[{"href":"https:\/\/www.tabanispartacus.hu\/tajfuto\/wordpress\/index.php?rest_route=%2Fwp%2Fv2%2Fmedia&parent=1265"}],"curies":[{"name":"wp","href":"https:\/\/api.w.org\/{rel}","templated":true}]}}