{"id":1261,"date":"2012-11-14T11:06:12","date_gmt":"2012-11-14T10:06:12","guid":{"rendered":"http:\/\/www.tabanispartacus.hu\/tajfuto\/wordpress\/?page_id=1261"},"modified":"2012-11-14T11:06:12","modified_gmt":"2012-11-14T10:06:12","slug":"sajtonk-2010","status":"publish","type":"page","link":"https:\/\/www.tabanispartacus.hu\/tajfuto\/wordpress\/?page_id=1261","title":{"rendered":"Sajt\u00f3nk 2010"},"content":{"rendered":"<table style=\"width: 99%;\" border=\"1\">\n<tbody>\n<tr>\n<td class=\"xl22\"><strong> <\/strong><\/td>\n<td class=\"xl24\"><strong>\u00dajs\u00e1g neve, sz\u00e1ma<\/strong><\/td>\n<td class=\"xl24\"><strong>oldal<\/strong><\/td>\n<td class=\"xl24\"><strong> <\/strong><\/td>\n<td class=\"xl24\"><strong>Cikk c\u00edme<\/strong><\/td>\n<td class=\"xl24\"><strong>Cikk szerz\u0151je<\/strong><\/td>\n<\/tr>\n<tr>\n<td class=\"xl24\" rowspan=\"14\" align=\"right\" height=\"136\">2010<\/td>\n<td class=\"xl24\">T\u00e1jol\u00f3, 10\/1<\/td>\n<td class=\"xl26\"><\/td>\n<td class=\"xl26\">T10\/01<\/td>\n<td class=\"xl25\" width=\"429\"><a href=\"\/tajfuto\/sajtonk\/2010\/2010-1tajolo_up-helyzet2009.jpg\">Ut\u00e1np\u00f3tl\u00e1sunk helyzete 2009-ben<\/a><\/td>\n<td class=\"xl25\" width=\"205\">Feh\u00e9r Ferenc<\/td>\n<\/tr>\n<tr>\n<td class=\"xl24\">T\u00e1jol\u00f3, 10\/3<\/td>\n<td class=\"xl26\"><\/td>\n<td class=\"xl26\">T10\/03<\/td>\n<td class=\"xl25\" width=\"429\"><a href=\"\/tajfuto\/sajtonk\/2010\/2010-3tajolo_tsp.jpg\">Budapest bajnoks\u00e1gok a Tavaszi Spartacus kup\u00e1n<\/a><\/td>\n<td class=\"xl25\" width=\"205\">Schell A. (Antal), fot\u00f3: Nemesh\u00e1zi L. (L\u00e1szl\u00f3)<\/td>\n<\/tr>\n<tr>\n<td>T\u00e1jol\u00f3, 10\/8<\/td>\n<td>c\u00edmlap<\/td>\n<td>T10\/08<\/td>\n<td><a title=\"Rajtolnak a n\u0151k az Egyes\u00fcleti v\u00e1lt\u00f3 OB-n (Weiler Vir\u00e1g)\" href=\"\/tajfuto\/sajtonk\/2010\/10-8tajolo-cimlap_oevb-n-irajt_virag.jpg\">Rajtolnak a n\u0151k az Egyes\u00fcleti v\u00e1lt\u00f3 OB-n (Weiler Vir\u00e1g)<\/a><\/td>\n<td>&#8211;<\/td>\n<\/tr>\n<tr>\n<td>T\u00e1jol\u00f3, 10\/8<\/td>\n<td>12-13<\/td>\n<td>T10\/08<\/td>\n<td><a title=\"\u00d6tven fut\u00f3\u00e9v elszaladt \u2013 Monspart Sarolta k\u00f6sz\u00f6nt\u00e9se\" href=\"\/tajfuto\/sajtonk\/2010\/10-8tajolo_mosa-50-futoev.jpg\">\u00d6tven fut\u00f3\u00e9v elszaladt \u2013 Monspart Sarolta k\u00f6sz\u00f6nt\u00e9se<\/a><\/td>\n<td>Heged\u00fcs \u00c1bel<\/td>\n<\/tr>\n<tr>\n<td>T\u00e1jol\u00f3, 10\/8<\/td>\n<td>16<\/td>\n<td>T10\/08<\/td>\n<td><a title=\"A Tab\u00e1ni Spartacus nyerte a V\u00e1lt\u00f3 Lig\u00e1t\" href=\"\/tajfuto\/sajtonk\/2010\/10-8tajolo_tsp-nyerte_valtoliga.jpg\">A Tab\u00e1ni Spartacus nyerte a V\u00e1lt\u00f3 Lig\u00e1t<\/a><\/td>\n<td>(mtfsz.hu)<\/td>\n<\/tr>\n<tr>\n<td>T\u00e1jol\u00f3, 10\/8<\/td>\n<td>24<\/td>\n<td>T10\/08<\/td>\n<td><a title=\"N\u00e9pes nemzetk\u00f6zi mez\u0151ny az \u0150szi Spartacus Kup\u00e1n\" href=\"\/tajfuto\/sajtonk\/2010\/10-8tajolo_ospk.jpg\">N\u00e9pes nemzetk\u00f6zi mez\u0151ny az \u0150szi Spartacus Kup\u00e1n<\/a><\/td>\n<td>Grant Julianna (fot\u00f3: Lat\u00e1k Rudolf)<\/td>\n<\/tr>\n<tr>\n<td>T\u00e1jol\u00f3, 10\/8<\/td>\n<td>33<\/td>\n<td>T10\/08<\/td>\n<td rowspan=\"2\">Mi t\u00f6rt\u00e9nik a k\u00e9k s\u00e1tor alatt? (Portr\u00e9 \u2014 Gyalog Zolt\u00e1n) (<a title=\"1.\" href=\"\/tajfuto\/sajtonk\/2010\/10-8tajolo_gyz-riport_1.jpg\">1.<\/a>\/<a title=\"2.\" href=\"\/tajfuto\/sajtonk\/2010\/10-8tajolo_gyz-riport_2.jpg\">2.<\/a>)<\/td>\n<td rowspan=\"2\">Bacs\u00f3 Piroska<\/td>\n<\/tr>\n<tr>\n<td>T\u00e1jol\u00f3, 10\/8<\/td>\n<td><\/td>\n<td>T10\/08<\/td>\n<\/tr>\n<tr>\n<td class=\"xl24\" colspan=\"2\">V\u00e1rnegyed, 2010.06.25.<\/td>\n<td class=\"xl26\">V10\/06<\/td>\n<td class=\"xl25\" width=\"429\"><a href=\"\/tajfuto\/sajtonk\/2010\/20100625varnegyed_seteterdoben_wzs.jpg\">Gy\u0151zelmek Set\u00e9terd\u0151ben, \u00f6z\u00f6nv\u00edzben<\/a><\/td>\n<td class=\"xl25\" width=\"205\">Weiler Zsolt<\/td>\n<\/tr>\n<tr>\n<td class=\"xl24\" colspan=\"2\">V\u00e1rnegyed, 2010.07.09.<\/td>\n<td class=\"xl26\">V10\/07<\/td>\n<td class=\"xl25\" width=\"429\"><a href=\"\/tajfuto\/sajtonk\/2010\/20100709varnegyed_tabani-tajfutok-sikerei_gyl.jpg\">A tab\u00e1ni t\u00e1jfut\u00f3k sikerei<\/a><\/td>\n<td class=\"xl25\" width=\"205\">Gy. L. (Gyalog L\u00e1szl\u00f3)<\/td>\n<\/tr>\n<tr>\n<td class=\"xl24\">Helyi T\u00e9ma, I.ker\u00fclet; 2010.03.17.<\/td>\n<td class=\"xl26\">8<\/td>\n<td class=\"xl26\">H10\/03<\/td>\n<td class=\"xl25\" width=\"429\"><a href=\"\/tajfuto\/sajtonk\/2010\/20100317helyitema_ma-is-jol-szolgaljak.jpg\">Ma is j\u00f3l szolg\u00e1lj\u00e1k a sportolni v\u00e1gy\u00f3 ker\u00fcletieket<\/a><\/td>\n<td class=\"xl25\" width=\"205\">Vass L\u00e1szl\u00f3<\/td>\n<\/tr>\n<tr>\n<td class=\"xl24\">Helyi T\u00e9ma, I.ker\u00fclet; 2010.07.28.<\/td>\n<td class=\"xl26\">8<\/td>\n<td class=\"xl26\">H10\/07<\/td>\n<td class=\"xl25\" width=\"429\"><a href=\"\/tajfuto\/sajtonk\/2010\/20100728helyitema_futas-fejlampaval.jpg\">Fut\u00e1s fejl\u00e1mp\u00e1val, vil\u00e1g\u00edt\u00f3 b\u00f3j\u00e1k k\u00f6z\u00f6tt <\/a><\/p>\n<p>alc\u00edm: J\u00f3l szerepelt a Tab\u00e1ni Spartacus az \u00e9jszakai versenyen<\/td>\n<td class=\"xl25\" width=\"205\">Feh\u00e9r Gy\u00f6rgy<\/td>\n<\/tr>\n<tr>\n<td>Helyi T\u00e9ma, I.ker\u00fclet; 2010.10.06.<\/td>\n<td>8<\/td>\n<td>H10\/10<\/td>\n<td><a title=\"N\u00e9gy arannyal kezdtek a ker\u00fcleti t\u00e1jfut\u00f3k \u2014 Egy\u00e9ni \u00e9s csapatversenyben is remekeltek a Tab\u00e1ni Spartacus sportol\u00f3i\" href=\"\/tajfuto\/sajtonk\/2010\/101006helyitema_negy-arannyal-kezdtek.jpg\">N\u00e9gy arannyal kezdtek a ker\u00fcleti t\u00e1jfut\u00f3k \u2014 Egy\u00e9ni \u00e9s csapatversenyben is remekeltek a Tab\u00e1ni Spartacus sportol\u00f3i<\/a><\/td>\n<td>Feh\u00e9r Gy\u00f6rgy<\/td>\n<\/tr>\n<tr>\n<td>Helyi T\u00e9ma, I.ker\u00fclet; 2010.11.17.<\/td>\n<td>8<\/td>\n<td>H10\/11<\/td>\n<td><a title=\"Brav\u00faros \u00e9vadot z\u00e1rtak a Tab\u00e1ni Spartacus t\u00e1jfut\u00f3i  \u2014 10 arany-, 9 ez\u00fcst- \u00e9s 10 bronz\u00e9rmet szereztek az ob-kon\" href=\"\/tajfuto\/sajtonk\/2010\/101117helyitema_bravuros-evadot-zartak.jpg\">Brav\u00faros \u00e9vadot z\u00e1rtak a Tab\u00e1ni Spartacus t\u00e1jfut\u00f3i  \u2014 10 arany-, 9 ez\u00fcst- \u00e9s 10 bronz\u00e9rmet szereztek az ob-kon<\/a><\/td>\n<td>F. Gy. (Feh\u00e9r Gy\u00f6rgy)<\/td>\n<\/tr>\n<\/tbody>\n<\/table>\n","protected":false},"excerpt":{"rendered":"<p>\u00dajs\u00e1g neve, sz\u00e1ma oldal Cikk c\u00edme Cikk szerz\u0151je 2010 T\u00e1jol\u00f3, 10\/1 T10\/01 Ut\u00e1np\u00f3tl\u00e1sunk helyzete 2009-ben Feh\u00e9r Ferenc T\u00e1jol\u00f3, 10\/3 T10\/03 Budapest bajnoks\u00e1gok a Tavaszi Spartacus kup\u00e1n Schell A. (Antal), fot\u00f3: Nemesh\u00e1zi L. (L\u00e1szl\u00f3) T\u00e1jol\u00f3, 10\/8 c\u00edmlap T10\/08 Rajtolnak a n\u0151k az Egyes\u00fcleti v\u00e1lt\u00f3 OB-n (Weiler Vir\u00e1g) &#8211; T\u00e1jol\u00f3, 10\/8 12-13 T10\/08 \u00d6tven fut\u00f3\u00e9v elszaladt \u2013 &hellip; <a href=\"https:\/\/www.tabanispartacus.hu\/tajfuto\/wordpress\/?page_id=1261\" class=\"more-link\"><span class=\"screen-reader-text\">Sajt\u00f3nk 2010<\/span> olvas\u00e1s\u00e1nak folytat\u00e1sa <span class=\"meta-nav\">&rarr;<\/span><\/a><\/p>\n","protected":false},"author":1,"featured_media":0,"parent":0,"menu_order":0,"comment_status":"closed","ping_status":"closed","template":"","meta":{"ngg_post_thumbnail":0},"_links":{"self":[{"href":"https:\/\/www.tabanispartacus.hu\/tajfuto\/wordpress\/index.php?rest_route=\/wp\/v2\/pages\/1261"}],"collection":[{"href":"https:\/\/www.tabanispartacus.hu\/tajfuto\/wordpress\/index.php?rest_route=\/wp\/v2\/pages"}],"about":[{"href":"https:\/\/www.tabanispartacus.hu\/tajfuto\/wordpress\/index.php?rest_route=\/wp\/v2\/types\/page"}],"author":[{"embeddable":true,"href":"https:\/\/www.tabanispartacus.hu\/tajfuto\/wordpress\/index.php?rest_route=\/wp\/v2\/users\/1"}],"replies":[{"embeddable":true,"href":"https:\/\/www.tabanispartacus.hu\/tajfuto\/wordpress\/index.php?rest_route=%2Fwp%2Fv2%2Fcomments&post=1261"}],"version-history":[{"count":2,"href":"https:\/\/www.tabanispartacus.hu\/tajfuto\/wordpress\/index.php?rest_route=\/wp\/v2\/pages\/1261\/revisions"}],"predecessor-version":[{"id":1869,"href":"https:\/\/www.tabanispartacus.hu\/tajfuto\/wordpress\/index.php?rest_route=\/wp\/v2\/pages\/1261\/revisions\/1869"}],"wp:attachment":[{"href":"https:\/\/www.tabanispartacus.hu\/tajfuto\/wordpress\/index.php?rest_route=%2Fwp%2Fv2%2Fmedia&parent=1261"}],"curies":[{"name":"wp","href":"https:\/\/api.w.org\/{rel}","templated":true}]}}