{"id":1237,"date":"2012-11-10T12:28:14","date_gmt":"2012-11-10T11:28:14","guid":{"rendered":"http:\/\/www.tabanispartacus.hu\/tajfuto\/wordpress\/?page_id=1237"},"modified":"2023-01-26T15:03:33","modified_gmt":"2023-01-26T14:03:33","slug":"60-eves-a-spartacus-tajekozodas","status":"publish","type":"page","link":"https:\/\/www.tabanispartacus.hu\/tajfuto\/wordpress\/?page_id=1237","title":{"rendered":"60 \u00e9ves a Spartacus t\u00e1j\u00e9koz\u00f3d\u00e1s!"},"content":{"rendered":"<p>A Spartacus t\u00e1j\u00e9koz\u00f3d\u00e1s 60. \u00e9vfordul\u00f3j\u00e1t 2012. m\u00e1jus 11-\u00e9n \u00fcnnepelt\u00fck a V\u00e1rban, a polg\u00e1rmesteri hivatal aul\u00e1j\u00e1ban. 1952-ben alakult meg a Szpartakusz SE, s ennek Term\u00e9szetj\u00e1r\u00f3 Szakoszt\u00e1ly\u00e1t tekintj\u00fck els\u0151 jogel\u0151d\u00fcnknek.<br \/>\nAz \u00fcnnepi tal\u00e1lkoz\u00f3ra t\u00f6bb mint 130-an j\u00f6ttek el, a kezdeti id\u0151kt\u0151l kezdve a mai versenyz\u0151kig. Sokan \u00e9vek \u00f3ta nem tal\u00e1lkoztak. \u00dcnnepi \u00e9s m\u00faltid\u00e9z\u0151 besz\u00e9dek (Monspart Sarolta, Sch\u0151nviszky L\u00e1szl\u00f3, Vass L\u00e1szl\u00f3, Gyalog L\u00e1szl\u00f3) \u00e9s t\u00f6bbek (Boz\u00e1n Gy\u00f6rgy, K\u00e1lm\u00e1n Imre, Siegler Konr\u00e1d \u00e9s m\u00e1sok) hozz\u00e1sz\u00f3l\u00e1sai ut\u00e1n vet\u00edt\u00e9s id\u00e9zte fel a r\u00e9gm\u00falt id\u0151k \u00e9s a mai kor szparis versenyz\u0151it. Minden r\u00e9sztvev\u0151 eml\u00e9k\u00e9rmet vagy eml\u00e9kszalagot kapott. A kiv\u00e1l\u00f3 hangulat\u00fa tal\u00e1lkoz\u00f3t \u00e1ll\u00f3fogad\u00e1s z\u00e1rta.<\/p>\n<p>Az \u00fcnneps\u00e9g alkalm\u00e1b\u00f3l jelent meg a &#8220;<a rel=\"noopener noreferrer\" href=\"http:\/\/lazarus.elte.hu\/tajfutas\/magyar\/szakkonyv\/60-eves-a-spartacus-2012.pdf\" target=\"_blank\"><strong>60 \u00e9ves a Spartacus t\u00e1j\u00e9koz\u00f3d\u00e1s<\/strong><\/a>&#8221; c. k\u00f6nyv, Gyalog L\u00e1szl\u00f3 \u00e9s Sch\u0151nviszky L\u00e1szl\u00f3 szerkeszt\u00e9s\u00e9ben. A szakoszt\u00e1ly t\u00f6rt\u00e9net\u00e9nek elmes\u00e9l\u00e9se ut\u00e1n a kr\u00f3nika r\u00e9szben r\u00e9gi \u00fajs\u00e1gcikkek, besz\u00e1mol\u00f3k id\u00e9zik fel az adott kor esem\u00e9nyeit. A bajnokok bemutat\u00e1sa sor\u00e1n f\u00e9nyk\u00e9pek mellett n\u00e9h\u00e1ny r\u00f6vid \u00e9letrajzi adattal mutattuk be bajnokainkat. Az eddigi szparisok 901 f\u0151s list\u00e1ja \u00e9s bajnoki dobog\u00f3ik ut\u00e1n a szakoszt\u00e1ly valamennyi versenyz\u0151j\u00e9nek valamennyi bajnoki eredm\u00e9nye szerepel. V\u00e9g\u00fcl a Spartacus bajnoks\u00e1gok \u00f6ssze\u00e1ll\u00edt\u00e1sa ut\u00e1n a bajnoki \u00e9s szakoszt\u00e1lyi pontvereseny alakul\u00e1s\u00e1t elemezz\u00fck a szakoszt\u00e1ly szempontj\u00e1b\u00f3l. A k\u00f6tetet n\u00e9h\u00e1ny sz\u00ednes oldal z\u00e1rja a k\u00f6zelm\u00falt versenyz\u0151ir\u0151l, vezet\u0151ir\u0151l.<\/p>\n","protected":false},"excerpt":{"rendered":"<p>A Spartacus t\u00e1j\u00e9koz\u00f3d\u00e1s 60. \u00e9vfordul\u00f3j\u00e1t 2012. m\u00e1jus 11-\u00e9n \u00fcnnepelt\u00fck a V\u00e1rban, a polg\u00e1rmesteri hivatal aul\u00e1j\u00e1ban. 1952-ben alakult meg a Szpartakusz SE, s ennek Term\u00e9szetj\u00e1r\u00f3 Szakoszt\u00e1ly\u00e1t tekintj\u00fck els\u0151 jogel\u0151d\u00fcnknek. Az \u00fcnnepi tal\u00e1lkoz\u00f3ra t\u00f6bb mint 130-an j\u00f6ttek el, a kezdeti id\u0151kt\u0151l kezdve a mai versenyz\u0151kig. Sokan \u00e9vek \u00f3ta nem tal\u00e1lkoztak. \u00dcnnepi \u00e9s m\u00faltid\u00e9z\u0151 besz\u00e9dek (Monspart Sarolta, Sch\u0151nviszky &hellip; <a href=\"https:\/\/www.tabanispartacus.hu\/tajfuto\/wordpress\/?page_id=1237\" class=\"more-link\"><span class=\"screen-reader-text\">60 \u00e9ves a Spartacus t\u00e1j\u00e9koz\u00f3d\u00e1s!<\/span> olvas\u00e1s\u00e1nak folytat\u00e1sa <span class=\"meta-nav\">&rarr;<\/span><\/a><\/p>\n","protected":false},"author":1,"featured_media":0,"parent":24,"menu_order":0,"comment_status":"closed","ping_status":"closed","template":"","meta":{"ngg_post_thumbnail":0},"_links":{"self":[{"href":"https:\/\/www.tabanispartacus.hu\/tajfuto\/wordpress\/index.php?rest_route=\/wp\/v2\/pages\/1237"}],"collection":[{"href":"https:\/\/www.tabanispartacus.hu\/tajfuto\/wordpress\/index.php?rest_route=\/wp\/v2\/pages"}],"about":[{"href":"https:\/\/www.tabanispartacus.hu\/tajfuto\/wordpress\/index.php?rest_route=\/wp\/v2\/types\/page"}],"author":[{"embeddable":true,"href":"https:\/\/www.tabanispartacus.hu\/tajfuto\/wordpress\/index.php?rest_route=\/wp\/v2\/users\/1"}],"replies":[{"embeddable":true,"href":"https:\/\/www.tabanispartacus.hu\/tajfuto\/wordpress\/index.php?rest_route=%2Fwp%2Fv2%2Fcomments&post=1237"}],"version-history":[{"count":3,"href":"https:\/\/www.tabanispartacus.hu\/tajfuto\/wordpress\/index.php?rest_route=\/wp\/v2\/pages\/1237\/revisions"}],"predecessor-version":[{"id":6920,"href":"https:\/\/www.tabanispartacus.hu\/tajfuto\/wordpress\/index.php?rest_route=\/wp\/v2\/pages\/1237\/revisions\/6920"}],"up":[{"embeddable":true,"href":"https:\/\/www.tabanispartacus.hu\/tajfuto\/wordpress\/index.php?rest_route=\/wp\/v2\/pages\/24"}],"wp:attachment":[{"href":"https:\/\/www.tabanispartacus.hu\/tajfuto\/wordpress\/index.php?rest_route=%2Fwp%2Fv2%2Fmedia&parent=1237"}],"curies":[{"name":"wp","href":"https:\/\/api.w.org\/{rel}","templated":true}]}}