{"id":1212,"date":"2012-11-10T10:13:13","date_gmt":"2012-11-10T09:13:13","guid":{"rendered":"http:\/\/www.tabanispartacus.hu\/tajfuto\/wordpress\/?page_id=1212"},"modified":"2012-11-10T10:50:14","modified_gmt":"2012-11-10T09:50:14","slug":"a-xvii-dobogokoi-hegyi-futoverseny-2012-evi-kiirasa","status":"publish","type":"page","link":"https:\/\/www.tabanispartacus.hu\/tajfuto\/wordpress\/?page_id=1212","title":{"rendered":"A XVII. Dobog\u00f3k\u0151i Hegyi Fut\u00f3verseny 2012. \u00e9vi ki\u00edr\u00e1sa"},"content":{"rendered":"<p><strong>Id\u0151pont<\/strong>: 2012. november 24. (szombat)<\/p>\n<p><strong>Helysz\u00edn<\/strong>: Pilis\u2013Visegr\u00e1di-hegys\u00e9g, Dobog\u00f3k\u0151<\/p>\n<p><strong>Rendez\u0151k<\/strong>: Tab\u00e1ni Spartacus SKE T\u00e1jfut\u00f3 Szakoszt\u00e1ly (hegyifut\u00f3-kateg\u00f3ri\u00e1k), valamint az MTE Dobog\u00f3k\u0151i Oszt\u00e1lya (teljes\u00edtm\u00e9nyt\u00far\u00e1k).<\/p>\n<p><strong>A verseny c\u00e9lja<\/strong>: lehet\u0151s\u00e9get biztos\u00edtani t\u00e1jfut\u00f3knak, atl\u00e9t\u00e1knak, triatlonist\u00e1knak, teljes\u00edtm\u00e9nyt\u00far\u00e1z\u00f3knak, hegym\u00e1sz\u00f3knak, s\u00edfut\u00f3knak, ker\u00e9kp\u00e1rosoknak, \u00f6ttus\u00e1z\u00f3knak \u00e9s mindenkinek, aki ki akarja pr\u00f3b\u00e1lni erej\u00e9t, kitart\u00e1s\u00e1t az 1960-as \u00e9vek k\u00f6r\u00fclm\u00e9nyei k\u00f6z\u00f6tt, a Pilis\u2013Visegr\u00e1di-hegys\u00e9g h\u00e1rom legmagasabb hegy\u00e9nek \u00e9rint\u00e9s\u00e9vel. Folytatni K\u0151v\u00e1ri Endr\u00e9nek (Pedag\u00f3gus SK) \u2013 az els\u0151 magyar jav\u00edtott t\u00e1jfut\u00f3 t\u00e9rk\u00e9p elk\u00e9sz\u00edt\u0151j\u00e9nek \u2013 1961. \u00e9vi remek kezdem\u00e9nyez\u00e9s\u00e9t, a hegyi fut\u00f3versenyt. Egy\u00fattal szeretn\u00e9nk eml\u00e9ket \u00e1ll\u00edtani az 1996-ban elhunyt Skerletz Iv\u00e1nnak, az MTFSZ els\u0151 f\u0151titk\u00e1r\u00e1nak, valamint a 2004-ben elhunyt dr. Somogyv\u00e1ri K\u00e1rolynak, a magyar t\u00e1jfut\u00f3k els\u0151 sportorvos\u00e1nak. A k\u00e9t teljes\u00edtm\u00e9nyt\u00fara n\u00e9vad\u00f3i: Dr. T\u00e9ry \u00d6d\u00f6n nev\u00e9hez f\u0171z\u0151dik az els\u0151 mened\u00e9kh\u00e1z alap\u00edt\u00e1sa Dobog\u00f3k\u0151n, dr. Zsitvay Tibor a Magyar Turista Sz\u00f6vets\u00e9g v\u00e9dn\u00f6k-eln\u00f6ke \u00e9s az MTE Egyetemi Oszt\u00e1ly \u00fajj\u00e1szervez\u0151je volt. A verseny 1961\u201365 k\u00f6z\u00f6tt ker\u00fclt megrendez\u00e9sre, majd 2001 \u00f3ta Sch\u00f6nviszky Gy\u00f6rgy kezdem\u00e9nyez\u00e9s\u00e9re minden \u00e9vben meg rendezz\u00fck.<\/p>\n<p><strong>A verseny f\u0151v\u00e9dn\u00f6ke<\/strong>: Somodi G\u00e1bor, a b\u00e1r\u00f3 E\u00f6tv\u00f6s Lor\u00e1nd mened\u00e9kh\u00e1z igazgat\u00f3ja<\/p>\n<p><strong>A verseny v\u00e9dn\u00f6kei<\/strong>: Harcsa G\u00e1bor, Monspart Sarolta, valamint Zamb\u00f3 P\u00e9ter, a Pilisi Parkerd\u0151 Zrt. vez\u00e9rigazgat\u00f3ja<\/p>\n<p><strong>T\u00e1mogat\u00f3k<\/strong>: Schulek J\u00e1nos, a F\u0150MTERV Zrt. eln\u00f6k-vez\u00e9rigazgat\u00f3ja \u00e9s dr. E\u00f6ry D\u00e9nes, a Visegr\u00e1di \u00c1sv\u00e1nyv\u00edz Kft. \u00fcgyvezet\u0151 igazgat\u00f3ja<\/p>\n<p><strong>A verseny h\u00e1zigazd\u00e1ja<\/strong>: Sch\u0151nviszky L\u00e1szl\u00f3, az MTE eln\u00f6ke<\/p>\n<p><strong>A verseny eln\u00f6ke<\/strong>: Gyalog L\u00e1szl\u00f3<\/p>\n<p style=\"padding-left: 30px;\"><strong>rajt-c\u00e9l<\/strong>: Sch\u0151nviszky L\u00e1szl\u00f3<\/p>\n<p><strong>Versenyk\u00f6zpont<\/strong>: Dobog\u00f3k\u0151i b\u00e1r\u00f3 E\u00f6tv\u00f6s Lor\u00e1nd Mened\u00e9kh\u00e1z<\/p>\n<p><strong>Rajt \u00e9s c\u00e9l<\/strong>: a Mened\u00e9kh\u00e1z el\u0151tt<\/p>\n<p><strong>Nevez\u00e9s<\/strong>:<\/p>\n<p style=\"padding-left: 30px;\">e-mail-ben: tabanispartacus@gmail.com<\/p>\n<p style=\"padding-left: 30px;\">lev\u00e9lben: 1013 Budapest, Attila \u00fat 2.<\/p>\n<p><strong>Jelentkez\u00e9s<\/strong>: a versenyk\u00f6zpontban 8:00\u20139:30 \u00f3ra k\u00f6z\u00f6tt, teljes\u00edtm\u00e9nyt\u00far\u00e1k 10:30-ig<\/p>\n<p><strong>Nevez\u00e9si d\u00edj<\/strong><\/p>\n<p style=\"padding-left: 30px;\">2012. 11. 20-ig:<\/p>\n<p style=\"padding-left: 60px;\">f\u00e9rfi hegyi maraton, n\u0151i \u00e9s f\u00e9rfi f\u00e9lmaraton: 1200 Ft<\/p>\n<p style=\"padding-left: 60px;\">n\u0151i \u00e9s f\u00e9rfi hegyi kismaraton: 800 Ft<\/p>\n<p style=\"padding-left: 60px;\">neh\u00e9z \u00e9s k\u00f6nny\u0171 teljes\u00edtm\u00e9nyt\u00fara 600 Ft<\/p>\n<p style=\"padding-left: 30px;\">2012.11.21. \u00e9s 2012.11.23. k\u00f6z\u00f6tt 100 Ft, a helysz\u00ednen a verseny napj\u00e1n 200 Ft p\u00f3td\u00edj<\/p>\n<p style=\"padding-left: 30px;\">Spuri Fut\u00f3k\u00e1rty\u00e1val (www.futanet.hu) , ill. Turistak\u00e1rty\u00e1val rendelkez\u0151k r\u00e9sz\u00e9re 20% kedvezm\u00e9ny<\/p>\n<p><strong>Kateg\u00f3ri\u00e1k \u00e9s rajtid\u0151k<\/strong> (t\u00e1v [a pontok k\u00f6z\u00f6tt l\u00e9gvonalban \u00e9s a logikus \u00fatvonalon m\u00e9rve] \/ szint):<\/p>\n<p style=\"padding-left: 30px;\"><strong>Skerletz Iv\u00e1n f\u00e9rfi \u00e9s n\u0151i hegyi maratoni<\/strong> ([27,6\/36,9 km]\/1420 m), rajt: 9:30 \u00f3rakor (f\u00e9rfiak), 9:00 \u00f3rakor (n\u0151k), szintid\u0151: 5 \u00f3ra (f\u00e9rfiak), 6 \u00f3ra (n\u0151k). \u00datvonal: Dobog\u00f3k\u0151 \u2013 Fagyoskatona (1) \u2013 L\u00e1szl\u00f3-k\u00fap (2) \u2013 Pilis-nyereg (3) \u2013 K\u00f6rt\u00adv\u00e9\u00adlyes\u00adpuszta (rom) (4) \u2013 Pr\u00e9dik\u00e1l\u00f3sz\u00e9k (5) \u2013 Sik\u00e1rosi \u00fatel\u00e1gaz\u00e1s (6) \u2013 Szil\u00e1gyi Bern\u00e1t-forr\u00e1s (7) \u2013 Dobog\u00f3k\u0151<\/p>\n<p style=\"padding-left: 30px;\"><strong>Hegyi f\u00e9rfi \u00e9s n\u0151i f\u00e9l maratoni<\/strong> (k\u00fcl\u00f6n \u00e9rt\u00e9kelve): [16,7\/21,6 km]\/850 m), rajt: 10:00 \u00f3rakor, szintid\u0151: 4 \u00f3ra (f\u00e9rfiak), 5 \u00f3ra (n\u0151k). \u00datvonal: Dobog\u00f3k\u0151 \u2013 K\u00f6rtv\u00e9lyespuszta (rom) (4) \u2013 Pr\u00e9dik\u00e1l\u00f3sz\u00e9k (5) \u2013 Sik\u00e1rosi \u00fatel\u00e1gaz\u00e1s (6) \u2013 Szil\u00e1gyi Bern\u00e1t-forr\u00e1s (7) \u2013 Dobog\u00f3k\u0151<\/p>\n<p style=\"padding-left: 30px;\"><strong>Dr. Somogyv\u00e1ri K\u00e1roly hegyi f\u00e9rfi \u00e9s n\u0151i kis maratoni<\/strong> (k\u00fcl\u00f6n \u00e9rt\u00e9kelve): ([12,8\/15,2 km]\/420 m), rajt: 10:30 \u00f3rakor, szintid\u0151: 3 \u00f3ra (f\u00e9rfiak), 3,5 \u00f3ra (n\u0151k). \u00datvonal: Dobog\u00f3k\u0151 \u2013 Fagyos\u00adkatona (1) \u2013 Szil\u00e1gyi Bern\u00e1t-forr\u00e1s (7) \u2013 Sik\u00e1rosi \u00fatel\u00e1gaz\u00e1s (6) \u2013 Kir\u00e1ly-k\u00fati-nye\u00adreg (8) \u2013 Dobog\u00f3k\u0151<\/p>\n<p style=\"padding-left: 30px;\"><em><strong>Dr. T\u00e9ry \u00d6d\u00f6n neh\u00e9z teljes\u00edtm\u00e9nyt\u00fara<\/strong><\/em>: ([11,7\/15,7 km]\/770 m), rajt: 9:00 \u00e9s 10:30 k\u00f6z\u00f6tt, szintid\u0151: 5 \u00f3ra. \u00datvonal: Dobog\u00f3k\u0151 \u2013 K\u00f6rtv\u00e9lyespuszta (rom) (4) \u2013 Pr\u00e9dik\u00e1l\u00f3\u00adsz\u00e9k (5) \u2013 Kir\u00e1ly-k\u00fati-nye\u00adreg (8) \u2013 Dobog\u00f3k\u0151<\/p>\n<p style=\"padding-left: 30px;\"><em><strong>Dr. Zsitvay Tibor k\u00f6nny\u0171 teljes\u00edtm\u00e9nyt\u00fara<\/strong><\/em>: ([12,8\/15,2 km]\/420 m), rajt: 9:00 \u00e9s 10:30 k\u00f6z\u00f6tt, szintid\u0151: 4 \u00f3ra. \u00datvonal: megegyezik a hegyi f\u00e9rfi \u00e9s n\u0151i kis maratonival<\/p>\n<p><strong>Ellen\u0151rz\u00e9s<\/strong>: valamennyi kateg\u00f3ri\u00e1ban minden ponton (fut\u00f3kateg\u00f3ri\u00e1k: Sportident-dug\u00f3ka, t\u00far\u00e1z\u00f3k: lyukaszt\u00e1s). Dug\u00f3ka a versenyk\u00f6zpontban, a jelentkez\u00e9skor b\u00e9relhet\u0151. \u00c1ra 200 Ft, de let\u00e9tet (a dug\u00f3ka \u00e1ra, 6 000 Ft) vagy igazolv\u00e1nyt k\u00e9r\u00fcnk a haszn\u00e1lat alatt.<\/p>\n<p><strong>D\u00edjaz\u00e1s<\/strong>: Valamennyi hegyifut\u00f3-kateg\u00f3ria gy\u0151ztese kup\u00e1t, els\u0151 h\u00e1rom helyezettje \u00e9rmet kap. Mind a fut\u00f3kateg\u00f3ri\u00e1kban, mind a teljes\u00edtm\u00e9nyt\u00far\u00e1kon a szintid\u0151k\u00f6n bel\u00fcl teljes\u00edt\u0151k oklevelet kapnak. Minden indul\u00f3nak aj\u00e1nd\u00e9kkal kedvesked\u00fcnk.<\/p>\n<p><strong>Az ellen\u0151rz\u0151pontok \u00e9s koordin\u00e1t\u00e1ik: <\/strong><\/p>\n\n<table id=\"wp-table-reloaded-id-2-no-1\" class=\"wp-table-reloaded wp-table-reloaded-id-2\">\n<thead>\n\t<tr class=\"row-1 odd\">\n\t\t<th class=\"column-1\"><\/th><th class=\"column-2\">EOV<\/th><th class=\"column-3\"><\/th><th class=\"column-4\">WGS84<\/th><th class=\"column-5\"><\/th>\n\t<\/tr>\n<\/thead>\n<tbody>\n\t<tr class=\"row-2 even\">\n\t\t<td class=\"column-1\">Rajt-C\u00e9l: Dobog\u00f3k\u0151<\/td><td class=\"column-2\">638 835<\/td><td class=\"column-3\">263 950<\/td><td class=\"column-4\">47\u00ba43,155'<\/td><td class=\"column-5\">18\u00ba53,918'<\/td>\n\t<\/tr>\n\t<tr class=\"row-3 odd\">\n\t\t<td class=\"column-1\">1. Fagyoskatona, m\u0171\u00fat<\/td><td class=\"column-2\">639 328<\/td><td class=\"column-3\">262 262<\/td><td class=\"column-4\">47\u00ba42,245'<\/td><td class=\"column-5\">18\u00ba54,314'<\/td>\n\t<\/tr>\n\t<tr class=\"row-4 even\">\n\t\t<td class=\"column-1\">2. L\u00e1szl\u00f3-k\u00fap, \u00fatk\u00f6ny\u00f6k<\/td><td class=\"column-2\">637 315<\/td><td class=\"column-3\">259 650<\/td><td class=\"column-4\">47\u00ba40,833'<\/td><td class=\"column-5\">18\u00ba52,710'<\/td>\n\t<\/tr>\n\t<tr class=\"row-5 odd\">\n\t\t<td class=\"column-1\">3. Pilis-nyereg<\/td><td class=\"column-2\">635 095<\/td><td class=\"column-3\">263 525<\/td><td class=\"column-4\">47\u00ba42,921'<\/td><td class=\"column-5\">18\u00ba50,928'<\/td>\n\t<\/tr>\n\t<tr class=\"row-6 even\">\n\t\t<td class=\"column-1\">4. K\u00f6rtv\u00e9lyespuszta<\/td><td class=\"column-2\">637 895<\/td><td class=\"column-3\">267 325<\/td><td class=\"column-4\">47\u00ba44,975'<\/td><td class=\"column-5\">18\u00ba53,161'<\/td>\n\t<\/tr>\n\t<tr class=\"row-7 odd\">\n\t\t<td class=\"column-1\">5. Pr\u00e9dik\u00e1l\u00f3sz\u00e9k, kereszt<\/td><td class=\"column-2\">640 480<\/td><td class=\"column-3\">266 180<\/td><td class=\"column-4\">47\u00ba44,359'<\/td><td class=\"column-5\">18\u00ba55,231'<\/td>\n\t<\/tr>\n\t<tr class=\"row-8 even\">\n\t\t<td class=\"column-1\">6. Sik\u00e1rosi \u00fatel\u00e1gaz\u00e1s<\/td><td class=\"column-2\">643 575<\/td><td class=\"column-3\">262 400<\/td><td class=\"column-4\">47\u00ba42,322'<\/td><td class=\"column-5\">18\u00ba57,710'<\/td>\n\t<\/tr>\n\t<tr class=\"row-9 odd\">\n\t\t<td class=\"column-1\">7. Szil\u00e1gyi Bern\u00e1t-forr\u00e1s<\/td><td class=\"column-2\">643 135<\/td><td class=\"column-3\">262 105<\/td><td class=\"column-4\">47\u00ba42,162'<\/td><td class=\"column-5\">18\u00ba57,359'<\/td>\n\t<\/tr>\n\t<tr class=\"row-10 even\">\n\t\t<td class=\"column-1\">8. Kir\u00e1ly-k\u00fati-nyereg<\/td><td class=\"column-2\">640 985<\/td><td class=\"column-3\">264 176<\/td><td class=\"column-4\">47\u00ba43,279'<\/td><td class=\"column-5\">18\u00ba55,636'<\/td>\n\t<\/tr>\n<\/tbody>\n<\/table>\n\n<p>A versenyen GPS haszn\u00e1lhat\u00f3.<\/p>\n<p><strong>\u00datvonalle\u00edr\u00e1sok<\/strong>: a kev\u00e9sb\u00e9 j\u00f3l t\u00e1j\u00e9koz\u00f3d\u00f3k sz\u00e1m\u00e1ra elk\u00e9sz\u00edtett\u00fck a fut\u00f3kateg\u00f3ri\u00e1k, a maratoni, a f\u00e9lmaratoni \u00e9s a kismaratoni \u00fatvonalle\u00edr\u00e1sait (honlapunkon \u2014 www.tabanispartacus.hu \u2014 el\u0151zetesen megtekinthet\u0151). A valamennyi pontot \u00e1br\u00e1zol\u00f3 t\u00e9rk\u00e9pv\u00e1zlat is megtekinthet\u0151 honlapunkon.<\/p>\n<p><strong>Egy\u00e9b<\/strong>:<\/p>\n<p style=\"padding-left: 30px;\">A Dobog\u00f3k\u0151i Hegyi Fut\u00f3versenyen a Skerletz Iv\u00e1n hegyi maratonin (36,9 km) k\u00fcl\u00f6n kateg\u00f3riak\u00e9nt id\u00e9n el\u0151sz\u00f6r a n\u0151i kateg\u00f3ri\u00e1t is meghirdetj\u00fck.<\/p>\n<p style=\"padding-left: 30px;\">Minden indul\u00f3 a Pilis\u2013Visegr\u00e1di-hegys\u00e9g turistat\u00e9rk\u00e9p\u00e9nek sz\u00ednes m\u00e1solat\u00e1t kapja a pontok hely\u00e9vel, koordin\u00e1t\u00e1ival \u00e9s bont\u00e1suk idej\u00e9vel.<\/p>\n<p style=\"padding-left: 30px;\">A versenysz\u00e1mok t\u00e1vjai nagyr\u00e9szt turistautakon teljes\u00edthet\u0151k. Ahol nincs jelz\u00e9s, ott egyes helyeken szalagoz\u00e1ssal seg\u00edtj\u00fck az \u00fatvonal k\u00f6vet\u00e9s\u00e9t. Ezek helye a versenyk\u00f6zpontban lesz l\u00e1that\u00f3.<\/p>\n<p style=\"padding-left: 30px;\">A rajtsz\u00e1m visel\u00e9se minden hegyifut\u00f3-kateg\u00f3ri\u00e1ban k\u00f6telez\u0151.<\/p>\n<p style=\"padding-left: 30px;\">A 3., 6. \u00e9s 8. ellen\u0151rz\u0151 ponton \u00e1sv\u00e1nyvizet, a 4. ponton \u00fcd\u00edt\u0151t adunk. Egy\u00e9ni friss\u00edt\u0151 8 \u00f3r\u00e1ig leadhat\u00f3. A c\u00e9lban meleg te\u00e1t adunk.<\/p>\n<p style=\"padding-left: 30px;\">A f\u0151v\u00e9dn\u00f6k a versenyz\u0151knek az \u00e9tlapr\u00f3l rendelt \u00e9teleket 50% kedvezm\u00e9nnyel adja.<\/p>\n<p style=\"padding-left: 30px;\">A versenyt rossz id\u0151 eset\u00e9n is megtartjuk.<\/p>\n<p style=\"padding-left: 30px;\">A verseny ker\u00e9kp\u00e1rral nem teljes\u00edthet\u0151.<\/p>\n<p style=\"padding-left: 30px;\">Sz\u00e1ll\u00e1s Dobog\u00f3k\u0151i b\u00e1r\u00f3 E\u00f6tv\u00f6s Lor\u00e1nd mened\u00e9kh\u00e1zban, el\u0151zetes telefon-bejelent\u00e9sre: 26\/347-534<\/p>\n<p style=\"padding-left: 30px;\">Megk\u00f6zel\u00edt\u00e9s: Pom\u00e1z H\u00c9V-\u00e1llom\u00e1st\u00f3l Dobog\u00f3k\u0151re indul\u00f3 aut\u00f3busszal (menetid\u0151 40 perc).<\/p>\n<p style=\"padding-left: 30px;\">Az eredm\u00e9nyeket a verseny ut\u00e1n feltessz\u00fck honlapunkra (www.tabanispartacus.hu)<\/p>\n<p><strong>Inform\u00e1ci\u00f3<\/strong>:<\/p>\n<p style=\"padding-left: 30px;\">www.tabanispartacus.hu\/T\u00e1jfut\u00f3 Szo.; tabanispartacus@gmail.com;<\/p>\n<p style=\"padding-left: 30px;\">fut\u00f3 kateg\u00f3ri\u00e1k: gyalog.laszlo@mfgi.hu<\/p>\n<p style=\"padding-left: 30px;\">t\u00far\u00e1k: Sch\u0151nviszky L\u00e1szl\u00f3 70\/319-4812, 18 \u00f3ra ut\u00e1n: 1\/200-3319<\/p>\n<p><strong>A Dobog\u00f3k\u0151i Hegyi Fut\u00f3verseny gy\u0151ztes id\u0151i 2005-t\u0151l \u00e9s 2011 \u00e9vi dobog\u00f3sai<\/strong>:<\/p>\n<p><strong>\n<table id=\"wp-table-reloaded-id-3-no-1\" class=\"wp-table-reloaded wp-table-reloaded-id-3\">\n<tbody>\n\t<tr class=\"row-1 odd\">\n\t\t<td colspan=\"6\" class=\"column-1 colspan-6\">Skerletz Iv\u00e1n f\u00e9rfi hegyi maraton (27,6\/36,9 km\/1420 m) <\/td>\n\t<\/tr>\n\t<tr class=\"row-2 even\">\n\t\t<td colspan=\"6\" class=\"column-1 colspan-6\">[gy: 2005\/171,22; 2006\/182,77; 2007\/170,09; 2008\/180,63; 2009\/194,60; 2010\/176:48]<\/td>\n\t<\/tr>\n\t<tr class=\"row-3 odd\">\n\t\t<td class=\"column-1\">1. Z\u00e9t\u00e9nyi Andr\u00e1s<\/td><td class=\"column-2\">\u2014<\/td><td class=\"column-3\">198:53:00<\/td><td class=\"column-4\"><\/td><td class=\"column-5\"><\/td><td class=\"column-6\"><\/td>\n\t<\/tr>\n\t<tr class=\"row-4 even\">\n\t\t<td class=\"column-1\">2. Hajduska Bal\u00e1zs<\/td><td class=\"column-2\">\u2014<\/td><td class=\"column-3\">217:52:00<\/td><td class=\"column-4\"><\/td><td class=\"column-5\"><\/td><td class=\"column-6\"><\/td>\n\t<\/tr>\n\t<tr class=\"row-5 odd\">\n\t\t<td class=\"column-1\">3. Farkasdi Edina<\/td><td class=\"column-2\">X2S Team<\/td><td class=\"column-3\">220:13:00<\/td><td class=\"column-4\"><\/td><td class=\"column-5\"><\/td><td class=\"column-6\"><\/td>\n\t<\/tr>\n\t<tr class=\"row-6 even\">\n\t\t<td class=\"column-1\"><\/td><td class=\"column-2\"><\/td><td class=\"column-3\"><\/td><td class=\"column-4\"><\/td><td class=\"column-5\"><\/td><td class=\"column-6\"><\/td>\n\t<\/tr>\n\t<tr class=\"row-7 odd\">\n\t\t<td colspan=\"6\" class=\"column-1 colspan-6\">Hegyi f\u00e9lmaraton, f\u00e9rfi\/n\u0151i (16,7\/21,6 km\/850 m) [gy: f\u00e9rfi: 2007\/96,50; 2008\/113,66; 2009\/106,22; 2010\/107:42;<\/td>\n\t<\/tr>\n\t<tr class=\"row-8 even\">\n\t\t<td colspan=\"6\" class=\"column-1 colspan-6\">n\u0151i: 2005\/124,02; 2006\/119,36; 2007\/127,59; 2008\/165,38; 2009\/122,60; 2010\/117:36]<\/td>\n\t<\/tr>\n\t<tr class=\"row-9 odd\">\n\t\t<td class=\"column-1\">1. Ker\u00e9nyi M\u00e1t\u00e9<\/td><td class=\"column-2\">Tipo SE<\/td><td class=\"column-3\">100:40:00<\/td><td class=\"column-4\">1. F\u00fczy Anna<\/td><td class=\"column-5\">OSC<\/td><td class=\"column-6\">118:22:00<\/td>\n\t<\/tr>\n\t<tr class=\"row-10 even\">\n\t\t<td class=\"column-1\">2. Bak\u00f3 \u00c1ron<\/td><td class=\"column-2\">Tab\u00e1ni Spartacus<\/td><td class=\"column-3\">101:12:00<\/td><td class=\"column-4\">2. Hal\u00e1sz Veronika<\/td><td class=\"column-5\">\u2014<\/td><td class=\"column-6\">145:01:00<\/td>\n\t<\/tr>\n\t<tr class=\"row-11 odd\">\n\t\t<td class=\"column-1\">3. Liszka Kriszti\u00e1n<\/td><td class=\"column-2\">Tab\u00e1ni Spartacus<\/td><td class=\"column-3\">102:01:00<\/td><td class=\"column-4\">3. R\u00e1cz Katalin<\/td><td class=\"column-5\">Bringabanda SC<\/td><td class=\"column-6\">153:37:00<\/td>\n\t<\/tr>\n\t<tr class=\"row-12 even\">\n\t\t<td class=\"column-1\"><\/td><td class=\"column-2\"><\/td><td class=\"column-3\"><\/td><td class=\"column-4\"><\/td><td class=\"column-5\"><\/td><td class=\"column-6\"><\/td>\n\t<\/tr>\n\t<tr class=\"row-13 odd\">\n\t\t<td colspan=\"6\" class=\"column-1 colspan-6\">Dr. Somogyv\u00e1ri K\u00e1roly hegyi kismaraton, f\u00e9rfi\/n\u0151i (12,8\/15,2 km\/420 m) <\/td>\n\t<\/tr>\n\t<tr class=\"row-14 even\">\n\t\t<td colspan=\"6\" class=\"column-1 colspan-6\">[gy: f\u00e9rfi: 2005\/59,05; 2006\/61,60; 2007\/66,29; 2008\/61,64; 2009\/70,60; 2010\/58:56;<\/td>\n\t<\/tr>\n\t<tr class=\"row-15 odd\">\n\t\t<td colspan=\"6\" class=\"column-1 colspan-6\">n\u0151i 2007\/86,08; 2008\/107,80; 2009\/88,77; 2010\/84:37]<\/td>\n\t<\/tr>\n\t<tr class=\"row-16 even\">\n\t\t<td class=\"column-1\">1. P\u00e1pai M\u00e1rton<\/td><td class=\"column-2\">\u2014<\/td><td class=\"column-3\">66:37:00<\/td><td class=\"column-4\">1. Weiler Vir\u00e1g<\/td><td class=\"column-5\">Tab\u00e1ni Spartacus<\/td><td class=\"column-6\">80:13:00<\/td>\n\t<\/tr>\n\t<tr class=\"row-17 odd\">\n\t\t<td class=\"column-1\">2. Dalos M\u00e1t\u00e9<\/td><td class=\"column-2\">Tab\u00e1ni Spartacus<\/td><td class=\"column-3\">68:45:00<\/td><td class=\"column-4\">2. So\u00f3s Fanni Kinga<\/td><td class=\"column-5\">Fergeteg Triatlon<\/td><td class=\"column-6\">84:09:00<\/td>\n\t<\/tr>\n\t<tr class=\"row-18 even\">\n\t\t<td class=\"column-1\">3. Cs\u0151k\u00f6r Zolt\u00e1n<\/td><td class=\"column-2\">TTT-HSE<\/td><td class=\"column-3\">70:26:00<\/td><td class=\"column-4\">3. Liszka Eszter<\/td><td class=\"column-5\">Tab\u00e1ni Spartacus<\/td><td class=\"column-6\">84:20:00<\/td>\n\t<\/tr>\n<\/tbody>\n<\/table>\n<\/strong><\/p>\n<p>&nbsp;<\/p>\n<p><strong>Mindenkit szeretettel v\u00e1r \u2014 a Rendez\u0151s\u00e9g<\/strong><\/p>\n","protected":false},"excerpt":{"rendered":"<p>Id\u0151pont: 2012. november 24. (szombat) Helysz\u00edn: Pilis\u2013Visegr\u00e1di-hegys\u00e9g, Dobog\u00f3k\u0151 Rendez\u0151k: Tab\u00e1ni Spartacus SKE T\u00e1jfut\u00f3 Szakoszt\u00e1ly (hegyifut\u00f3-kateg\u00f3ri\u00e1k), valamint az MTE Dobog\u00f3k\u0151i Oszt\u00e1lya (teljes\u00edtm\u00e9nyt\u00far\u00e1k). A verseny c\u00e9lja: lehet\u0151s\u00e9get biztos\u00edtani t\u00e1jfut\u00f3knak, atl\u00e9t\u00e1knak, triatlonist\u00e1knak, teljes\u00edtm\u00e9nyt\u00far\u00e1z\u00f3knak, hegym\u00e1sz\u00f3knak, s\u00edfut\u00f3knak, ker\u00e9kp\u00e1rosoknak, \u00f6ttus\u00e1z\u00f3knak \u00e9s mindenkinek, aki ki akarja pr\u00f3b\u00e1lni erej\u00e9t, kitart\u00e1s\u00e1t az 1960-as \u00e9vek k\u00f6r\u00fclm\u00e9nyei k\u00f6z\u00f6tt, a Pilis\u2013Visegr\u00e1di-hegys\u00e9g h\u00e1rom legmagasabb hegy\u00e9nek \u00e9rint\u00e9s\u00e9vel. Folytatni K\u0151v\u00e1ri &hellip; <a href=\"https:\/\/www.tabanispartacus.hu\/tajfuto\/wordpress\/?page_id=1212\" class=\"more-link\"><span class=\"screen-reader-text\">A XVII. Dobog\u00f3k\u0151i Hegyi Fut\u00f3verseny 2012. \u00e9vi ki\u00edr\u00e1sa<\/span> olvas\u00e1s\u00e1nak folytat\u00e1sa <span class=\"meta-nav\">&rarr;<\/span><\/a><\/p>\n","protected":false},"author":3,"featured_media":0,"parent":18,"menu_order":0,"comment_status":"closed","ping_status":"closed","template":"","meta":{"ngg_post_thumbnail":0},"_links":{"self":[{"href":"https:\/\/www.tabanispartacus.hu\/tajfuto\/wordpress\/index.php?rest_route=\/wp\/v2\/pages\/1212"}],"collection":[{"href":"https:\/\/www.tabanispartacus.hu\/tajfuto\/wordpress\/index.php?rest_route=\/wp\/v2\/pages"}],"about":[{"href":"https:\/\/www.tabanispartacus.hu\/tajfuto\/wordpress\/index.php?rest_route=\/wp\/v2\/types\/page"}],"author":[{"embeddable":true,"href":"https:\/\/www.tabanispartacus.hu\/tajfuto\/wordpress\/index.php?rest_route=\/wp\/v2\/users\/3"}],"replies":[{"embeddable":true,"href":"https:\/\/www.tabanispartacus.hu\/tajfuto\/wordpress\/index.php?rest_route=%2Fwp%2Fv2%2Fcomments&post=1212"}],"version-history":[{"count":9,"href":"https:\/\/www.tabanispartacus.hu\/tajfuto\/wordpress\/index.php?rest_route=\/wp\/v2\/pages\/1212\/revisions"}],"predecessor-version":[{"id":1223,"href":"https:\/\/www.tabanispartacus.hu\/tajfuto\/wordpress\/index.php?rest_route=\/wp\/v2\/pages\/1212\/revisions\/1223"}],"up":[{"embeddable":true,"href":"https:\/\/www.tabanispartacus.hu\/tajfuto\/wordpress\/index.php?rest_route=\/wp\/v2\/pages\/18"}],"wp:attachment":[{"href":"https:\/\/www.tabanispartacus.hu\/tajfuto\/wordpress\/index.php?rest_route=%2Fwp%2Fv2%2Fmedia&parent=1212"}],"curies":[{"name":"wp","href":"https:\/\/api.w.org\/{rel}","templated":true}]}}