{"id":1140,"date":"2019-02-20T00:12:45","date_gmt":"2019-02-20T00:12:45","guid":{"rendered":"http:\/\/tabanispartacus.home.blog\/?page_id=1140"},"modified":"2019-02-20T00:12:45","modified_gmt":"2019-02-20T00:12:45","slug":"velunk-tortent-2008-ban","status":"publish","type":"page","link":"https:\/\/www.tabanispartacus.hu\/tajfuto\/wordpress\/?page_id=1140","title":{"rendered":"Vel\u00fcnk t\u00f6rt\u00e9nt 2008-ban"},"content":{"rendered":"<table border=\"1\" cellspacing=\"10\" cellpadding=\"10\" align=\"center\">\n<tbody>\n<tr>\n<td align=\"center\" width=\"40%\"><b><a href=\"https:\/\/drive.google.com\/open?id=1OKH3kOrsQX1-jaYaJh9pjSCPTYKUjaj9\">\u00e9vz\u00e1r\u00f3 2008<\/a><\/b><br \/>\n2008.12.06.<\/td>\n<td align=\"center\" width=\"20%\">besz\u00e1mol\u00f3<\/td>\n<td align=\"center\" width=\"40%\">Gyalog T\u00f3dor<\/td>\n<\/tr>\n<tr>\n<td align=\"center\" width=\"40%\"><b><a href=\"http:\/\/www.tabanispartacus.hu\/tajfuto\/index.php?page=velunktortent\/2008_evzaro\">\u00e9vz\u00e1r\u00f3 2008<\/a><\/b><br \/>\n2008.12.06-07.<\/td>\n<td align=\"center\" width=\"20%\">vide\u00f3k<\/td>\n<td align=\"center\" width=\"40%\">Dobr\u00f3ka Anett<br \/>\nMorandini Mikl\u00f3s<br \/>\nZai B\u00e1lint<\/td>\n<\/tr>\n<tr>\n<td align=\"center\" width=\"40%\"><b><a href=\"\/dobogokoi-futoverseny-2008\">Dobog\u00f3k\u0151i fut\u00f3verseny<\/a><\/b><br \/>\n2008.11.22.<\/td>\n<td align=\"center\" width=\"20%\">fot\u00f3k<\/td>\n<td align=\"center\" width=\"40%\">Zai B\u00e1lint &#8211; Gyalog Zoli v\u00e1logat\u00e1sa, valamint Gyalog T\u00f3dor<\/td>\n<\/tr>\n<tr>\n<td align=\"center\" width=\"40%\"><b><a href=\"\/velencei-tajfutas-kepei\">Velencei T\u00e1jfut\u00e1s k\u00e9pei<\/a><\/b><br \/>\n2008.11.16.<\/td>\n<td align=\"center\" width=\"20%\">fot\u00f3k<\/td>\n<td align=\"center\" width=\"40%\">Zai B\u00e1lint &#8211; Gyalog Zoli v\u00e1logat\u00e1sa, komment\u00e1rja<\/td>\n<\/tr>\n<tr>\n<td align=\"center\" width=\"40%\"><b><a href=\"\/venezia-2008-november\">Velencei T\u00e1jfut\u00e1s<\/a><\/b><br \/>\n2008.11.16.<\/td>\n<td align=\"center\" width=\"20%\">besz\u00e1mol\u00f3<\/td>\n<td align=\"center\" width=\"40%\">Morandini Krist\u00f3f<\/td>\n<\/tr>\n<tr>\n<td align=\"center\" width=\"40%\"><b><a href=\"http:\/\/www.tabanispartacus.hu\/tajfuto\/index.php?page=velunktortent\/2008_velence\">Velencei T\u00e1jfut\u00e1s<\/a><\/b><br \/>\n2008.11.16.<\/td>\n<td align=\"center\" width=\"20%\">besz\u00e1mol\u00f3<\/td>\n<td align=\"center\" width=\"40%\">Gyalog Zolt\u00e1n<\/td>\n<\/tr>\n<tr>\n<td align=\"center\" width=\"40%\"><b><a href=\"\/oszi-spartacus-kupa-2008\">\u0150szi Spartacus Kupa<\/a><\/b><br \/>\n2008.11.08-09.<\/td>\n<td align=\"center\" width=\"20%\">f\u00e9nyk\u00e9pek<\/td>\n<td align=\"center\" width=\"40%\">Gyalog Zoli &#8211; Zai B\u00e1lint coop.<\/td>\n<\/tr>\n<tr>\n<td align=\"center\" width=\"40%\"><b><a href=\"\/orszagos-nappali-egyeni-bajnoksag-beszamoloja\">2008-as Orsz\u00e1gos Nappali Egy\u00e9ni Bajnoks\u00e1g<\/a><\/b><br \/>\n2008.10.24-25.<\/td>\n<td align=\"center\" width=\"20%\">besz\u00e1mol\u00f3<\/td>\n<td align=\"center\" width=\"40%\">Gyalog Zolt\u00e1n<\/td>\n<\/tr>\n<tr>\n<td align=\"center\" width=\"40%\"><b><a href=\"\/pontbegyujto-csapatbajnoksag-es-orszagos-egyesuleti-bajnoksag-2008\">2008-as PCSB \u00e9s OEVB<\/a><\/b><br \/>\n2008.10.4-5.<\/td>\n<td align=\"center\" width=\"20%\">besz\u00e1mol\u00f3<\/td>\n<td align=\"center\" width=\"40%\">Gyalog Zolt\u00e1n<\/td>\n<\/tr>\n<tr>\n<td align=\"center\" width=\"40%\"><b><a href=\"\/pusztavami-edzotabor-2008-09-26-29\">Pusztav\u00e1mi edz\u0151t\u00e1bor<\/a><\/b><br \/>\n2008.09.26-29.<\/td>\n<td align=\"center\" width=\"20%\">besz\u00e1mol\u00f3<\/td>\n<td align=\"center\" width=\"40%\">Gyalog Zolt\u00e1n<\/td>\n<\/tr>\n<tr>\n<td align=\"center\" width=\"40%\"><b><a href=\"\/pusztavami-edzotabor-fotok\">Pusztav\u00e1mi edz\u0151t\u00e1bor<\/a><\/b><br \/>\n2008.09.26-29.<\/td>\n<td align=\"center\" width=\"20%\">fot\u00f3<\/td>\n<td align=\"center\" width=\"40%\">Gyalog T\u00f3dor<\/td>\n<\/tr>\n<tr>\n<td align=\"center\" width=\"40%\"><b><a href=\"\/2008-as-rovidtavu\">2008-as R\u00f6vidt\u00e1v\u00fa<\/a><\/b><br \/>\n2008.09.06.<\/td>\n<td align=\"center\" width=\"20%\">fot\u00f3<\/td>\n<td align=\"center\" width=\"40%\">Gyalog T\u00f3dor<\/td>\n<\/tr>\n<tr>\n<td align=\"center\" width=\"40%\"><b><a href=\"\/eotvos-kupa-beszamoloja\">2008-as E\u00f6tv\u00f6s kupa<\/a><\/b><br \/>\n2008.08.30-31.<\/td>\n<td align=\"center\" width=\"20%\">besz\u00e1mol\u00f3<\/td>\n<td align=\"center\" width=\"40%\">Gyalog Zolt\u00e1n<\/td>\n<\/tr>\n<tr>\n<td align=\"center\" width=\"40%\"><b><a href=\"\/orienteering-online-szloveniai-5-napos-verseny\">Orienteering Online<\/a><\/b><br \/>\n2008.07.23-27.<\/td>\n<td align=\"center\" width=\"20%\">besz\u00e1mol\u00f3<\/td>\n<td align=\"center\" width=\"40%\">Gyalog Zolt\u00e1n<\/td>\n<\/tr>\n<tr>\n<td align=\"center\" width=\"40%\"><b><a href=\"\/hungaria-2008\">M\u00e9g n\u00e9h\u00e1ny 2008-as Hung\u00e1ria kupa f\u00e9nyk\u00e9p<\/a><\/b><br \/>\n2008. j\u00falius 02-06.<\/td>\n<td align=\"center\" width=\"20%\">fot\u00f3<\/td>\n<td align=\"center\" width=\"40%\">Zai B\u00e1lint<\/td>\n<\/tr>\n<tr>\n<td align=\"center\" width=\"40%\"><b><a href=\"\/2008-as-hungaria-kupa-fotografak\">2008-as Hung\u00e1ria kupa fotograf\u00e1k<\/a><\/b><br \/>\n2008. j\u00falius 02-06.<\/td>\n<td align=\"center\" width=\"20%\">fot\u00f3<\/td>\n<td align=\"center\" width=\"40%\">Gyalog T\u00f3dor<\/td>\n<\/tr>\n<tr>\n<td align=\"center\" width=\"40%\"><b><a href=\"\/2008-as-kob-es-vob-kepek\">2008-as KOB \u00e9s VOB k\u00e9pek<\/a><\/b><br \/>\n2008. j\u00fanius 21-22.<\/td>\n<td align=\"center\" width=\"20%\">fot\u00f3<\/td>\n<td align=\"center\" width=\"40%\">Gyalog T\u00f3dor<\/td>\n<\/tr>\n<tr>\n<td align=\"center\" width=\"40%\"><b><a href=\"\/kozeptavu-es-valto-orszagos-bajnoksag\">2008-as KOB \u00e9s VOB besz\u00e1mol\u00f3<\/a><\/b><br \/>\n2008. j\u00fanius 21-22.<\/td>\n<td align=\"center\" width=\"20%\">besz\u00e1mol\u00f3<\/td>\n<td align=\"center\" width=\"40%\">Gyalog Zolt\u00e1n<\/td>\n<\/tr>\n<tr>\n<td align=\"center\" width=\"40%\"><b><a href=\"\/2008-as-mecsek-kupa-kepek\">2008-as Mecsek kupa k\u00e9pek<\/a><\/b><br \/>\n2008. m\u00e1jus 18.<\/td>\n<td align=\"center\" width=\"20%\">fot\u00f3<\/td>\n<td align=\"center\" width=\"40%\">Zai B\u00e1lint<\/td>\n<\/tr>\n<tr>\n<td align=\"center\" width=\"40%\"><b><a href=\"\/2008-as-hob-eob-kob-vob-eredmenyek\">2008-as HOB, \u00e9OB, KOB, VOB eredm\u00e9nyek<\/a><\/b><\/td>\n<td align=\"center\" width=\"20%\">eredm\u00e9nyek<\/td>\n<td align=\"center\" width=\"40%\">Gyalog T\u00f3dor<\/td>\n<\/tr>\n<tr>\n<td align=\"center\" width=\"40%\"><b><a href=\"https:\/\/drive.google.com\/open?id=16J1tnHRiLAgUkJ49_wLPC99XKR8IwaMU\">Ut\u00e1np\u00f3tl\u00e1s csoport eredm\u00e9nyei<\/a><\/b><br \/>\n2008. \u00e1prilis-j\u00fanius<\/td>\n<td align=\"center\" width=\"20%\">eredm\u00e9nyek<br \/>\n<em>.doc<\/em><\/td>\n<td align=\"center\" width=\"40%\">Gyalog Zoli<\/td>\n<\/tr>\n<tr>\n<td align=\"center\" width=\"40%\"><b>Besz\u00e1mol\u00f3 az ut\u00e1np\u00f3tl\u00e1s csoportr\u00f3l<br \/>\n<a href=\"https:\/\/drive.google.com\/open?id=1kVZlkGzXidlUNmXrnZ7C2C6jK8bTS9sR\">I. negyed\u00e9v<\/a><br \/>\n<a href=\"https:\/\/drive.google.com\/open?id=1dHwu_zrxg0iOLOXAkyXFViDzzWnDkslW\">II. negyed\u00e9v<\/a><\/b><\/td>\n<td align=\"center\" width=\"20%\">besz\u00e1mol\u00f3<br \/>\n<em>.doc<\/em><\/td>\n<td align=\"center\" width=\"40%\">Gyalog Zoli<\/td>\n<\/tr>\n<tr>\n<td align=\"center\" width=\"40%\"><b><a href=\"\/24-oras-valto-kepek\">24 \u00f3r\u00e1s v\u00e1lt\u00f3 k\u00e9pek<\/a><\/b><br \/>\n2008. m\u00e1jus 10-11.<\/td>\n<td align=\"center\" width=\"20%\">fot\u00f3<\/td>\n<td align=\"center\" width=\"40%\">Zai B\u00e1lint<\/td>\n<\/tr>\n<tr>\n<td align=\"center\" width=\"40%\"><b><a href=\"\/12-24-oras-valto\">24 \u00f3r\u00e1s v\u00e1lt\u00f3<\/a><\/b><br \/>\n2008. m\u00e1jus 10-11.<\/td>\n<td align=\"center\" width=\"20%\">besz\u00e1mol\u00f3<\/td>\n<td align=\"center\" width=\"40%\">Gyalog Zoli<\/td>\n<\/tr>\n<tr>\n<td align=\"center\" width=\"40%\"><b><a href=\"\/szelrozsa-ejszakai-hosszu-hegy\">Sz\u00e9lr\u00f3zsa \u00e9jszakai<\/a><\/b><br \/>\n2008. \u00e1prilis 26.<\/td>\n<td align=\"center\" width=\"20%\">besz\u00e1mol\u00f3<\/td>\n<td align=\"center\" width=\"40%\">Morandini Krist\u00f3f<\/td>\n<\/tr>\n<tr>\n<td align=\"center\" width=\"40%\"><b><a href=\"\/postas-kupa-2008\">Post\u00e1s kupa<\/a><\/b><br \/>\n2008. \u00e1prilis 12-13.<\/td>\n<td align=\"center\" width=\"20%\">fot\u00f3<\/td>\n<td align=\"center\" width=\"40%\">Zai B\u00e1lint<\/td>\n<\/tr>\n<tr>\n<td align=\"center\" width=\"40%\"><b><a href=\"\/hegyisport-kupa-2008\">Hegyisport kupa<\/a><\/b><br \/>\n2008. m\u00e1rcius 30.<\/td>\n<td align=\"center\" width=\"20%\">fot\u00f3<\/td>\n<td align=\"center\" width=\"40%\">Zentai L\u00e1szl\u00f3 &#8211; T\u00e1jfut\u00f3 honlap + Gyalog T\u00f3dor \u00e9s Zoli<\/td>\n<\/tr>\n<tr>\n<td align=\"center\" width=\"40%\"><b><a href=\"\/hegyvidek-kupa-beszamoloja\">Hegyvid\u00e9k kupa<\/a><\/b><br \/>\n2008. m\u00e1rcius 22.<\/td>\n<td align=\"center\" width=\"20%\">besz\u00e1mol\u00f3<\/td>\n<td align=\"center\" width=\"40%\">Gyalog Zoli<\/td>\n<\/tr>\n<tr>\n<td align=\"center\" width=\"40%\"><b><a href=\"\/2008-as-tavaszi-spari-kupa\">K\u00e9pek a 2008-as Tavaszi Spari kup\u00e1r\u00f3l<\/a><\/b><br \/>\n2008. m\u00e1rcius 15-16., V\u00e9rtes<\/td>\n<td align=\"center\" width=\"20%\">fot\u00f3<\/td>\n<td align=\"center\" width=\"40%\">Gyalog T\u00f3dor \u00e9s Zs\u00f3fi<\/td>\n<\/tr>\n<tr>\n<td align=\"center\" width=\"40%\"><b><a href=\"\/tovabbi-kepek-a-2008-as-tavaszi-spari-kuparol\">Tov\u00e1bbi k\u00e9pek a 2008-as Tavaszi Spari Kup\u00e1r\u00f3l<\/a><\/b><br \/>\n2008. m\u00e1rcius 15-16., V\u00e9rtes<\/td>\n<td align=\"center\" width=\"20%\">fot\u00f3<\/td>\n<td align=\"center\" width=\"40%\">Zai B\u00e1lint &#8211; Gyalog Zoli v\u00e1logat\u00e1sa<\/td>\n<\/tr>\n<tr>\n<td align=\"center\" width=\"40%\"><b><a href=\"\/2008-tavaszi-ganti-edzotabor\">Tavaszi edz\u0151t\u00e1bor<\/a><\/b><br \/>\n2008. m\u00e1rcius 07-09., G\u00e1nt<\/td>\n<td align=\"center\" width=\"20%\">t\u00e9rk\u00e9pes besz\u00e1mol\u00f3 + fot\u00f3<\/td>\n<td align=\"center\" width=\"40%\">Gyalog Zoli + Gyalog T\u00f3dor<\/td>\n<\/tr>\n<tr>\n<td align=\"center\" width=\"40%\"><b><a href=\"\/kozgyules\">K\u00f6zgy\u0171l\u00e9s<\/a><\/b><br \/>\n2008. febru\u00e1r 21., \u00f6lt\u00f6z\u0151<\/td>\n<td align=\"center\" width=\"20%\">fot\u00f3<\/td>\n<td align=\"center\" width=\"40%\">M\u00e1th\u00e9 Pisti<\/td>\n<\/tr>\n<\/tbody>\n<\/table>\n","protected":false},"excerpt":{"rendered":"<p>\u00e9vz\u00e1r\u00f3 2008 2008.12.06. besz\u00e1mol\u00f3 Gyalog T\u00f3dor \u00e9vz\u00e1r\u00f3 2008 2008.12.06-07. vide\u00f3k Dobr\u00f3ka Anett Morandini Mikl\u00f3s Zai B\u00e1lint Dobog\u00f3k\u0151i fut\u00f3verseny 2008.11.22. fot\u00f3k Zai B\u00e1lint &#8211; Gyalog Zoli v\u00e1logat\u00e1sa, valamint Gyalog T\u00f3dor Velencei T\u00e1jfut\u00e1s k\u00e9pei 2008.11.16. fot\u00f3k Zai B\u00e1lint &#8211; Gyalog Zoli v\u00e1logat\u00e1sa, komment\u00e1rja Velencei T\u00e1jfut\u00e1s 2008.11.16. besz\u00e1mol\u00f3 Morandini Krist\u00f3f Velencei T\u00e1jfut\u00e1s 2008.11.16. besz\u00e1mol\u00f3 Gyalog Zolt\u00e1n \u0150szi Spartacus &hellip; <a href=\"https:\/\/www.tabanispartacus.hu\/tajfuto\/wordpress\/?page_id=1140\" class=\"more-link\"><span class=\"screen-reader-text\">Vel\u00fcnk t\u00f6rt\u00e9nt 2008-ban<\/span> olvas\u00e1s\u00e1nak folytat\u00e1sa <span class=\"meta-nav\">&rarr;<\/span><\/a><\/p>\n","protected":false},"author":9,"featured_media":0,"parent":0,"menu_order":0,"comment_status":"closed","ping_status":"closed","template":"","meta":{"ngg_post_thumbnail":0},"_links":{"self":[{"href":"https:\/\/www.tabanispartacus.hu\/tajfuto\/wordpress\/index.php?rest_route=\/wp\/v2\/pages\/1140"}],"collection":[{"href":"https:\/\/www.tabanispartacus.hu\/tajfuto\/wordpress\/index.php?rest_route=\/wp\/v2\/pages"}],"about":[{"href":"https:\/\/www.tabanispartacus.hu\/tajfuto\/wordpress\/index.php?rest_route=\/wp\/v2\/types\/page"}],"author":[{"embeddable":true,"href":"https:\/\/www.tabanispartacus.hu\/tajfuto\/wordpress\/index.php?rest_route=\/wp\/v2\/users\/9"}],"replies":[{"embeddable":true,"href":"https:\/\/www.tabanispartacus.hu\/tajfuto\/wordpress\/index.php?rest_route=%2Fwp%2Fv2%2Fcomments&post=1140"}],"version-history":[{"count":0,"href":"https:\/\/www.tabanispartacus.hu\/tajfuto\/wordpress\/index.php?rest_route=\/wp\/v2\/pages\/1140\/revisions"}],"wp:attachment":[{"href":"https:\/\/www.tabanispartacus.hu\/tajfuto\/wordpress\/index.php?rest_route=%2Fwp%2Fv2%2Fmedia&parent=1140"}],"curies":[{"name":"wp","href":"https:\/\/api.w.org\/{rel}","templated":true}]}}